{"id":179,"date":"2015-02-10T16:33:57","date_gmt":"2015-02-10T16:33:57","guid":{"rendered":"https:\/\/www.naturales-canarias.com\/?page_id=179"},"modified":"2023-08-07T07:48:49","modified_gmt":"2023-08-07T07:48:49","slug":"welcome","status":"publish","type":"page","link":"https:\/\/www.naturales-canarias.com\/es\/","title":{"rendered":"Tu tienda online de productos de aloe vera <\/br>de las Islas Canarias"},"content":{"rendered":"\n\t\t\t<!-- START Slider3 REVOLUTION SLIDER 6.6.18 --><p class=\"rs-p-wp-fix\"><\/p>\n\t\t\t<rs-module-wrap id=\"rev_slider_4_1_wrapper\" data-source=\"gallery\" style=\"visibility:hidden;background:#E9E9E9;padding:0;margin:0px auto;margin-top:0;margin-bottom:0;\">\n\t\t\t\t<rs-module id=\"rev_slider_4_1\" style=\"\" data-version=\"6.6.18\">\n\t\t\t\t\t<rs-slides style=\"overflow: hidden; position: absolute;\">\n\t\t\t\t\t\t<rs-slide style=\"position: absolute;\" data-key=\"rs-15\" data-title=\"Slide\" data-link=\"\/\/www.naturales-canarias.com\/es\/productos\/aloe-vera-bio-gel-dermetiks-500ml\/\" data-tag=\"l\" data-target=\"_blank\" data-seoz=\"front\" data-anim=\"ms:600;r:0;\" data-in=\"o:0;\" data-out=\"a:false;\">\n\t\t\t\t\t\t\t<img fetchpriority=\"high\" decoding=\"async\" src=\"\/\/www.naturales-canarias.com\/wp-content\/plugins\/revslider\/public\/assets\/assets\/dummy.png\" alt=\"\" title=\"Slider1-2020\" width=\"930\" height=\"370\" class=\"rev-slidebg tp-rs-img rs-lazyload\" data-lazyload=\"\/\/www.naturales-canarias.com\/wp-content\/uploads\/2020\/05\/Slider1-2020.jpg\" data-bg=\"p:center top;\" data-no-retina>\n<!---->\t\t\t\t\t\t<\/rs-slide>\n\t\t\t\t\t\t<rs-slide style=\"position: absolute;\" data-key=\"rs-151\" data-title=\"Slide\" data-link=\"\/\/www.naturales-canarias.com\/es\/productos\/aloe-vera-bio-gel-dermetiks-500ml\/\" data-tag=\"l\" data-target=\"_blank\" data-seoz=\"front\" data-anim=\"ms:600;r:0;\" data-in=\"o:0;\" data-out=\"a:false;\">\n\t\t\t\t\t\t\t<img fetchpriority=\"high\" decoding=\"async\" src=\"\/\/www.naturales-canarias.com\/wp-content\/plugins\/revslider\/public\/assets\/assets\/dummy.png\" alt=\"\" title=\"Slider1-2020\" width=\"930\" height=\"370\" class=\"rev-slidebg tp-rs-img rs-lazyload\" data-lazyload=\"\/\/www.naturales-canarias.com\/wp-content\/uploads\/2020\/05\/Slider1-2020.jpg\" data-bg=\"p:center top;\" data-no-retina>\n<!---->\t\t\t\t\t\t<\/rs-slide>\n\t\t\t\t\t<\/rs-slides>\n\t\t\t\t<\/rs-module>\n\t\t\t\t<script>\n\t\t\t\t\tsetREVStartSize({c: 'rev_slider_4_1',rl:[1240,1024,768,480],el:[370],gw:[950],gh:[370],type:'standard',justify:'',layout:'fullwidth',mh:\"370\"});if (window.RS_MODULES!==undefined && window.RS_MODULES.modules!==undefined && window.RS_MODULES.modules[\"revslider41\"]!==undefined) {window.RS_MODULES.modules[\"revslider41\"].once = false;window.revapi4 = undefined;if (window.RS_MODULES.checkMinimal!==undefined) window.RS_MODULES.checkMinimal()}\n\t\t\t\t<\/script>\n\t\t\t<\/rs-module-wrap>\n\t\t\t<!-- END REVOLUTION SLIDER -->\n\n&nbsp;<\/p>\n<h2>Bienvenido a NATURALES CANARIAS<\/h2>\n<p style=\"text-align: justify;\">En esta tienda de aloe vera encontrar\u00e1 muchos productos de cuidado diferentes que se prepararon con la planta medicinal aloe vera (barbadensis). La planta de aloe vera es una planta medicinal que viene hoy en d\u00eda en muchos art\u00edculos de higiene y uso personal. Esto se debe principalmente a sus propiedades hidratantes y curativas. Por lo general la planta de aloe vera tiene un efecto curativo e hidratante despu\u00e9s del afeitado, como crema de d\u00eda, as\u00ed como para su aplicaci\u00f3n despu\u00e9s de la exposici\u00f3n al sol. \u00bfPor qu\u00e9 no usar art\u00edculos de higiene personal que contienen el m\u00e1s puro aloe vera de las Islas Canarias y, finalmente prescindir de los productos de marca caros, con sus numerosos aditivos?<\/p>\n<p>&nbsp;<\/p>\n<p>Preguntas?<br \/>\n<strong>+34 630 71 72 44<\/strong><\/p>\n<p>&nbsp;<\/p>\n<h2>Producos interesantes de Aloe Vera de la tienda online<\/h2>\n<div class=\"woocommerce columns-4 \"><\/div>\n<h2>Aloe Vera de Gran Canaria<\/h2>\n<p style=\"text-align: justify;\">Naturales Canarias es una tienda de aloe vera que tiene su sede en Gran Canaria: el hogar de la planta de aloe vera m\u00e1s codiciada internacionalmente. Esto se debe a que el aloe vera canario, que crece en grandes cantidades en Gran Canaria, es de una calidad excepcional y de alta pureza, lo que lo convierte en uno de los mejores en el mundo. Los \u00abAloe Canarias\u00bb, como le llaman los isle\u00f1os, es muy especial. El clima de la isla canaria hace que las plantas de aloe vera produzcan un gel en sus hojas, que no requiere un procesamiento adicional. El gel de aloe vera canario de una planta se puede utilizar directamente sin m\u00e1s procesamiento y cumple con m\u00e1s altos est\u00e1ndares de calidad.<\/p>\n<h2>Efecto de Aloe Vera<\/h2>\n<p style=\"text-align: justify;\">No es en vano que tantos productos de los mejores fabricantes de cosm\u00e9ticos y perfumes del mundo enriquecen sus productos con los valiosos ingredientes naturales de aloe vera. Durante mucho tiempo se ha demostrado que el aloe vera tiene muchas propiedades que son de gran valor para el cuidado de la piel. Hoy en d\u00eda casi no hay ning\u00fan producto de cuidado que no contenga aloe vera &#8211; desde el gel de aloe vera, hasta el champ\u00fa de aloe vera, pasando por la crema solar de aloe vera. Y la industria farmac\u00e9utica sabe apreciar el efecto de aloe vera. Su capacidad de curar heridas y sus propiedades calmantes se conocen desde hace siglos, por lo cual el aloe vera es recomendado por farmac\u00e9uticos y m\u00e9dicos hasta hoy en d\u00eda para el tratamiento de enfermedades de la piel, para la cicatrizaci\u00f3n de heridas y para uso interno.<\/p>\n<p style=\"text-align: justify;\"><strong>Obtenga aqu\u00ed productos de aloe vera que contienen puro aloe vera canario: el m\u00e1s codiciado gel de aloe vera en el mundo! H\u00e1gale a su piel y a su cuerpo algo bueno!<\/strong><\/p>\n","protected":false},"excerpt":{"rendered":"<p>&nbsp; Bienvenido a NATURALES CANARIAS En esta tienda de aloe vera encontrar\u00e1 muchos productos de cuidado diferentes que se prepararon con la planta medicinal aloe vera (barbadensis). La planta de aloe vera es una planta medicinal que viene hoy en d\u00eda en muchos art\u00edculos de higiene y uso personal. Esto se debe principalmente a sus [&#8230;]\n","protected":false},"author":2,"featured_media":0,"parent":0,"menu_order":0,"comment_status":"closed","ping_status":"closed","template":"","meta":{"footnotes":""},"class_list":["post-179","page","type-page","status-publish","hentry"],"yoast_head":"<!-- This site is optimized with the Yoast SEO plugin v27.5 - https:\/\/yoast.com\/product\/yoast-seo-wordpress\/ -->\n<title>Tu tienda online de productos de aloe vera de las Islas Canarias - Aloe Vera Shop - Naturales Canaria<\/title>\n<meta name=\"robots\" content=\"index, follow, max-snippet:-1, max-image-preview:large, max-video-preview:-1\" \/>\n<link rel=\"canonical\" href=\"https:\/\/www.naturales-canarias.com\/es\/\" \/>\n<meta property=\"og:locale\" content=\"es_ES\" \/>\n<meta property=\"og:type\" content=\"article\" \/>\n<meta property=\"og:title\" content=\"Tu tienda online de productos de aloe vera de las Islas Canarias - Aloe Vera Shop - Naturales Canaria\" \/>\n<meta property=\"og:description\" content=\"&nbsp; Bienvenido a NATURALES CANARIAS En esta tienda de aloe vera encontrar\u00e1 muchos productos de cuidado diferentes que se prepararon con la planta medicinal aloe vera (barbadensis). La planta de aloe vera es una planta medicinal que viene hoy en d\u00eda en muchos art\u00edculos de higiene y uso personal. Esto se debe principalmente a sus [...]\" \/>\n<meta property=\"og:url\" content=\"https:\/\/www.naturales-canarias.com\/es\/\" \/>\n<meta property=\"og:site_name\" content=\"Aloe Vera Shop - Naturales Canaria\" \/>\n<meta property=\"article:publisher\" content=\"https:\/\/www.facebook.com\/Naturales-Canarias-Aloe-Vera-Shop-777293042339239\/?fref=ts\" \/>\n<meta property=\"article:modified_time\" content=\"2023-08-07T07:48:49+00:00\" \/>\n<meta name=\"twitter:label1\" content=\"Tiempo de lectura\" \/>\n\t<meta name=\"twitter:data1\" content=\"3 minutos\" \/>\n<script type=\"application\/ld+json\" class=\"yoast-schema-graph\">{\"@context\":\"https:\\\/\\\/schema.org\",\"@graph\":[{\"@type\":\"WebPage\",\"@id\":\"https:\\\/\\\/www.naturales-canarias.com\\\/es\\\/\",\"url\":\"https:\\\/\\\/www.naturales-canarias.com\\\/es\\\/\",\"name\":\"Tu tienda online de productos de aloe vera de las Islas Canarias - Aloe Vera Shop - Naturales Canaria\",\"isPartOf\":{\"@id\":\"https:\\\/\\\/www.naturales-canarias.com\\\/nl\\\/#website\"},\"datePublished\":\"2015-02-10T16:33:57+00:00\",\"dateModified\":\"2023-08-07T07:48:49+00:00\",\"breadcrumb\":{\"@id\":\"https:\\\/\\\/www.naturales-canarias.com\\\/es\\\/#breadcrumb\"},\"inLanguage\":\"es\",\"potentialAction\":[{\"@type\":\"ReadAction\",\"target\":[\"https:\\\/\\\/www.naturales-canarias.com\\\/es\\\/\"]}]},{\"@type\":\"BreadcrumbList\",\"@id\":\"https:\\\/\\\/www.naturales-canarias.com\\\/es\\\/#breadcrumb\",\"itemListElement\":[{\"@type\":\"ListItem\",\"position\":1,\"name\":\"Home\",\"item\":\"https:\\\/\\\/www.naturales-canarias.com\\\/es\\\/\"},{\"@type\":\"ListItem\",\"position\":2,\"name\":\"Tu tienda online de productos de aloe vera de las Islas Canarias\"}]},{\"@type\":\"WebSite\",\"@id\":\"https:\\\/\\\/www.naturales-canarias.com\\\/nl\\\/#website\",\"url\":\"https:\\\/\\\/www.naturales-canarias.com\\\/nl\\\/\",\"name\":\"Aloe Vera Shop - Naturales Canaria\",\"description\":\"Productos de Aloe Vera de Canarias\",\"potentialAction\":[{\"@type\":\"SearchAction\",\"target\":{\"@type\":\"EntryPoint\",\"urlTemplate\":\"https:\\\/\\\/www.naturales-canarias.com\\\/nl\\\/?s={search_term_string}\"},\"query-input\":{\"@type\":\"PropertyValueSpecification\",\"valueRequired\":true,\"valueName\":\"search_term_string\"}}],\"inLanguage\":\"es\"}]}<\/script>\n<!-- \/ Yoast SEO plugin. -->","yoast_head_json":{"title":"Tu tienda online de productos de aloe vera de las Islas Canarias - Aloe Vera Shop - Naturales Canaria","robots":{"index":"index","follow":"follow","max-snippet":"max-snippet:-1","max-image-preview":"max-image-preview:large","max-video-preview":"max-video-preview:-1"},"canonical":"https:\/\/www.naturales-canarias.com\/es\/","og_locale":"es_ES","og_type":"article","og_title":"Tu tienda online de productos de aloe vera de las Islas Canarias - Aloe Vera Shop - Naturales Canaria","og_description":"&nbsp; Bienvenido a NATURALES CANARIAS En esta tienda de aloe vera encontrar\u00e1 muchos productos de cuidado diferentes que se prepararon con la planta medicinal aloe vera (barbadensis). La planta de aloe vera es una planta medicinal que viene hoy en d\u00eda en muchos art\u00edculos de higiene y uso personal. Esto se debe principalmente a sus [...]","og_url":"https:\/\/www.naturales-canarias.com\/es\/","og_site_name":"Aloe Vera Shop - Naturales Canaria","article_publisher":"https:\/\/www.facebook.com\/Naturales-Canarias-Aloe-Vera-Shop-777293042339239\/?fref=ts","article_modified_time":"2023-08-07T07:48:49+00:00","twitter_misc":{"Tiempo de lectura":"3 minutos"},"schema":{"@context":"https:\/\/schema.org","@graph":[{"@type":"WebPage","@id":"https:\/\/www.naturales-canarias.com\/es\/","url":"https:\/\/www.naturales-canarias.com\/es\/","name":"Tu tienda online de productos de aloe vera de las Islas Canarias - Aloe Vera Shop - Naturales Canaria","isPartOf":{"@id":"https:\/\/www.naturales-canarias.com\/nl\/#website"},"datePublished":"2015-02-10T16:33:57+00:00","dateModified":"2023-08-07T07:48:49+00:00","breadcrumb":{"@id":"https:\/\/www.naturales-canarias.com\/es\/#breadcrumb"},"inLanguage":"es","potentialAction":[{"@type":"ReadAction","target":["https:\/\/www.naturales-canarias.com\/es\/"]}]},{"@type":"BreadcrumbList","@id":"https:\/\/www.naturales-canarias.com\/es\/#breadcrumb","itemListElement":[{"@type":"ListItem","position":1,"name":"Home","item":"https:\/\/www.naturales-canarias.com\/es\/"},{"@type":"ListItem","position":2,"name":"Tu tienda online de productos de aloe vera de las Islas Canarias"}]},{"@type":"WebSite","@id":"https:\/\/www.naturales-canarias.com\/nl\/#website","url":"https:\/\/www.naturales-canarias.com\/nl\/","name":"Aloe Vera Shop - Naturales Canaria","description":"Productos de Aloe Vera de Canarias","potentialAction":[{"@type":"SearchAction","target":{"@type":"EntryPoint","urlTemplate":"https:\/\/www.naturales-canarias.com\/nl\/?s={search_term_string}"},"query-input":{"@type":"PropertyValueSpecification","valueRequired":true,"valueName":"search_term_string"}}],"inLanguage":"es"}]}},"_links":{"self":[{"href":"https:\/\/www.naturales-canarias.com\/es\/wp-json\/wp\/v2\/pages\/179","targetHints":{"allow":["GET"]}}],"collection":[{"href":"https:\/\/www.naturales-canarias.com\/es\/wp-json\/wp\/v2\/pages"}],"about":[{"href":"https:\/\/www.naturales-canarias.com\/es\/wp-json\/wp\/v2\/types\/page"}],"author":[{"embeddable":true,"href":"https:\/\/www.naturales-canarias.com\/es\/wp-json\/wp\/v2\/users\/2"}],"replies":[{"embeddable":true,"href":"https:\/\/www.naturales-canarias.com\/es\/wp-json\/wp\/v2\/comments?post=179"}],"version-history":[{"count":15,"href":"https:\/\/www.naturales-canarias.com\/es\/wp-json\/wp\/v2\/pages\/179\/revisions"}],"predecessor-version":[{"id":11430,"href":"https:\/\/www.naturales-canarias.com\/es\/wp-json\/wp\/v2\/pages\/179\/revisions\/11430"}],"wp:attachment":[{"href":"https:\/\/www.naturales-canarias.com\/es\/wp-json\/wp\/v2\/media?parent=179"}],"curies":[{"name":"wp","href":"https:\/\/api.w.org\/{rel}","templated":true}]}}