{"id":183,"date":"2015-02-06T16:58:51","date_gmt":"2015-02-06T16:58:51","guid":{"rendered":"https:\/\/www.naturales-canarias.com\/?page_id=183"},"modified":"2022-01-31T13:36:29","modified_gmt":"2022-01-31T13:36:29","slug":"agbs","status":"publish","type":"page","link":"https:\/\/www.naturales-canarias.com\/es\/agbs\/","title":{"rendered":"AGBs"},"content":{"rendered":"<p style=\"text-align: justify;\">Stand: 09\/2014<br \/>\nAllgemeine Gesch\u00e4ftsbedingungen und Verbraucherinformationen im Rahmen von Kaufvertr\u00e4gen, die \u00fcber den Webshop zwischen Naturales Canarias &#8211; im Folgenden \u201eAnbieter\u201c &#8211; und dem Kunden &#8211; im Folgenden \u201eKunde\u201c &#8211; geschlossen werden.<\/p>\n<h2 style=\"text-align: justify;\">Allgemeine Gesch\u00e4ftsbedingungen<\/h2>\n<p style=\"text-align: justify;\"><strong>\u00a7 1 Geltungsbereich und allgemeine Hinweise<\/strong><br \/>\n(1) Vorbehaltlich individueller Absprachen und Vereinbarungen, die Vorrang vor diesen AGB haben, gelten f\u00fcr die Gesch\u00e4ftsbeziehung zwischen dem Anbieter und dem Kunden ausschlie\u00dflich die nachfolgenden Allgemeinen Gesch\u00e4ftsbedingungen in ihrer zum Zeitpunkt der Bestellung g\u00fcltigen Fassung. Entgegenstehende Gesch\u00e4ftsbedingungen des Kunden finden ausdr\u00fccklich keine Anwendung, es sei denn, der Anbieter stimmt ihrer Geltung ausdr\u00fccklich schriftlich zu.<\/p>\n<p style=\"text-align: justify;\">(2) Der Kunde ist Verbraucher, soweit der Zweck der georderten Lieferungen und Leistungen nicht seiner gewerblichen oder selbst\u00e4ndigen beruflichen T\u00e4tigkeit zugerechnet werden kann. Dagegen ist Unternehmer jede nat\u00fcrliche oder juristische Person oder rechtsf\u00e4hige Personengesellschaft, die beim Abschluss des Vertrags in Aus\u00fcbung ihrer gewerblichen oder selbst\u00e4ndigen beruflichen T\u00e4tigkeit handelt.<\/p>\n<p style=\"text-align: justify;\"><strong>\u00a7 2 Vertragsschluss<\/strong><br \/>\n(1) S\u00e4mtliche Angebote in dem Webshop des Anbieters stellen lediglich eine unverbindliche Einladung an den Kunden dar, dem Anbieter ein entsprechendes Kaufangebot zu unterbreiten. Sobald der Anbieter die Bestellung des Kunden erhalten hat, erh\u00e4lt der Kunde zun\u00e4chst eine Best\u00e4tigung \u00fcber den seiner Bestellung beim Anbieter, in der Regel per E-Mail (Bestellbest\u00e4tigung). Dies stellt noch nicht die Annahme der Bestellung dar. Nach Eingang seiner Bestellung wird der Anbieter diese kurzfristig pr\u00fcfen und dem Kunden innerhalb von 1 Werktag mitteilen, ob er die Bestellung annimmt (Auftragsbest\u00e4tigung). Kein Vertrag kommt zustande, wenn der Kunde nicht innerhalb von 5 Werktagen eine Auftragsbest\u00e4tigung erh\u00e4lt. Der Bestellvorgang in dem Webshop des Anbieters funktioniert wie folgt:<\/p>\n<p style=\"text-align: justify;\">(2) Der Kunde kann aus dem Sortiment des Anbieters Produkte ausw\u00e4hlen und diese \u00fcber den Button \u201ein den Warenkorb legen\u201c in einem so genannten Warenkorb sammeln. \u00dcber den Button \u201eBestellung abschicken\u201c gibt er einen verbindlichen Antrag zum Kauf der im Warenkorb befindlichen Waren ab. Vor Abschicken der Bestellung kann der Kunde die Daten jederzeit \u00e4ndern und einsehen. Der Antrag kann jedoch nur abgegeben und \u00fcbermittelt werden, wenn der Kunde durch Klicken auf den Button \u201eAGB akzeptieren\u201c diese Vertragsbedingungen akzeptiert und dadurch in seinen Antrag aufgenommen hat.<\/p>\n<p style=\"text-align: justify;\">(3) Der Anbieter schickt daraufhin dem Kunden eine automatische Empfangsbest\u00e4tigung per E-Mail zu, in welcher die Bestellung des Kunden nochmals aufgef\u00fchrt wird und die der Kunde \u00fcber die Funktion \u201eDrucken\u201c ausdrucken kann. Die automatische Empfangsbest\u00e4tigung dokumentiert lediglich, dass die Bestellung des Kunden beim Anbieter eingegangen ist und stellt keine Annahme des Antrags dar. Der Vertrag kommt erst durch die Abgabe der Annahmeerkl\u00e4rung durch den Anbieter zustande, die mit einer gesonderten E-Mail versandt wird.<\/p>\n<p style=\"text-align: justify;\"><strong>\u00a7 3 Vertragsgegenstand, Beschaffenheit, Lieferung, Warenverf\u00fcgbarkeit<\/strong><br \/>\n(1) Vertragsgegenstand sind die im Rahmen der Bestellung vom Kunden spezifizierten und der Bestellung oder Auftragsbest\u00e4tigung genannten Waren und Dienstleistungen zu den im Webshop genannten Endpreisen. Fehler und Irrt\u00fcmer dort sind vorbehalten, insb. was die Warenverf\u00fcgbarkeit betrifft.<\/p>\n<p style=\"text-align: justify;\">(2) Die Beschaffenheit der bestellten Waren ergibt sich aus den Produktbeschreibungen im Webshop. Abbildungen auf der Internetseite geben die Produkte u.U. nur ungenau wieder; insb. Farben k\u00f6nnen aus technischen Gr\u00fcnden erheblich abweichen. Bilder dienen lediglich als Anschauungsmaterial und k\u00f6nnen vom Produkt abweichen. Technische Daten, Gewichts-, Ma\u00df und Leistungsbeschreibung sind so pr\u00e4zise wie m\u00f6glich angegeben, k\u00f6nnen aber die \u00fcblichen Abweichungen aufweisen. Die hier beschriebenen Eigenschaften stellen keine M\u00e4ngel der vom Anbieter gelieferten Produkte dar.<\/p>\n<p style=\"text-align: justify;\">(3) Sind zum Zeitpunkt der Bestellung des Kunden keine Exemplare des von ihm ausgew\u00e4hlten Produkts verf\u00fcgbar, so teilt der Anbieter dem Kunden dies in der Auftragsbest\u00e4tigung mit. Ist das Produkt dauerhaft nicht lieferbar, sieht der Anbieter von einer Annahmeerkl\u00e4rung ab. Ein Vertrag kommt in diesem Fall nicht zustande.<\/p>\n<p style=\"text-align: justify;\">(4) Ist das vom Kunden in der Bestellung bezeichnete Produkt nur vor\u00fcbergehend nicht verf\u00fcgbar, teilt der Anbieter dem Kunden dies ebenfalls unverz\u00fcglich in der Auftragsbest\u00e4tigung mit. Bei einer Lieferungsverz\u00f6gerung von mehr als vier Wochen hat der Kunde das Recht, vom Vertrag zur\u00fcckzutreten. Im \u00dcbrigen ist in diesem Fall auch der Anbieter berechtigt, sich vom Vertrag zu l\u00f6sen. Hierbei wird er eventuell bereits geleistete Zahlungen des Kunden unverz\u00fcglich erstatten.<\/p>\n<p style=\"text-align: justify;\"><strong>\u00a7 4 Eigentumsvorbehalt<\/strong><br \/>\nBis zur vollst\u00e4ndigen Bezahlung verbleiben die gelieferten Waren im Eigentum des Anbieters.<\/p>\n<p style=\"text-align: justify;\"><strong>\u00a7 5 Lieferung, Preise, Versandkosten<\/strong><\/p>\n<p style=\"text-align: justify;\">(1) Die entsprechenden Versandkosten betragen pauschal 9,00 \u20ac<\/p>\n<p style=\"text-align: justify;\">(2) Der Versand der Ware erfolgt per Postversand.<\/p>\n<p style=\"text-align: justify;\">(3) Sollten Sie bei dieser Lieferung Einfuhrsteuer bezahlen m\u00fcssen ( die normalerweise an den Postboten direkt bezahlt wird ), senden Sie uns eine Kopie der Belege an <a style=\"font-size: small;\" href=\"mailto:info@naturales-canarias.com\" target=\"_blank\" rel=\"noopener\">info@naturales-canarias.com<\/a> Wir \u00fcbernehmen 50% Ihrer Unkosten.<\/p>\n<div><span style=\"font-size: small;\">Ziehen Sie den Betrag dann einfach von der Rechnung direkt ab,<\/span><span style=\"font-size: small;\"><br \/>\n<\/span><\/div>\n<div><span style=\"font-size: small;\">oder senden Sie uns Ihre PayPal E-Mailadresse wir \u00fcberweisen den Betrag auf Ihr Konto<\/span><\/div>\n<p style=\"text-align: justify;\"><strong>\u00a7 6 Zahlungsmodalit\u00e4ten, Aufrechnung und Zur\u00fcckbehaltungsrecht<\/strong><br \/>\n(1) Der Kunde kann die Zahlung per Paypal, Kreditkarte, oder per Rechnung vornehmen.<\/p>\n<p style=\"text-align: justify;\">(2) Der Kunde kann nur mit solchen Gegenforderungen aufrechnen, die gerichtlich festgestellt, unbestritten oder durch den Anbieter schriftlich anerkannt wurden. Ein Zur\u00fcckbehaltungsrecht kann der Kunde nur aus\u00fcben, wenn die dem zugrunde liegenden Anspr\u00fcche aus demselben Vertragsverh\u00e4ltnis herr\u00fchren.<\/p>\n<p style=\"text-align: justify;\"><strong>\u00a7 7 Sachm\u00e4ngelgew\u00e4hrleistung, Garantie<\/strong><br \/>\n(1) Der Anbieter haftet f\u00fcr Sachm\u00e4ngel nach den hierf\u00fcr geltenden gesetzlichen Vorschriften, insbesondere \u00a7\u00a7 434 ff BGB.<\/p>\n<p style=\"text-align: justify;\">(2) Eine Garantie besteht bei den vom Anbieter gelieferten Waren nur, wenn diese ausdr\u00fccklich in der Auftragsbest\u00e4tigung zu dem jeweiligen Artikel abgegeben wurde.<\/p>\n<p style=\"text-align: justify;\"><strong>\u00a7 8 Haftung<\/strong><br \/>\n(1) Anspr\u00fcche des Kunden auf Schadensersatz sind ausgeschlossen. Hiervon ausgenommen sind Schadensersatzanspr\u00fcche des Kunden aus der Verletzung des Lebens, des K\u00f6rpers, der Gesundheit oder aus der Verletzung wesentlicher Vertragspflichten (Kardinalpflichten) sowie die Haftung f\u00fcr sonstige Sch\u00e4den, die auf einer vors\u00e4tzlichen oder grob fahrl\u00e4ssigen Pflichtverletzung des Anbieters, seiner gesetzlichen Vertreter oder Erf\u00fcllungsgehilfen beruhen.<\/p>\n<p style=\"text-align: justify;\">(2) Bei der Verletzung wesentlicher Vertragspflichten im Sinne des Absatzes 1 haftet der Anbieter nur auf den vertragstypischen, vorhersehbaren Schaden, wenn dieser einfach fahrl\u00e4ssig verursacht wurde, es sei denn, es handelt sich um Schadensersatzanspr\u00fcche des Kunden aus einer Verletzung des Lebens, des K\u00f6rpers oder der Gesundheit.<\/p>\n<p style=\"text-align: justify;\">(3) Wesentliche Vertragspflichten im Sinne des Absatzes 1 sind die Haftung f\u00fcr die Verletzung von Pflichten, deren Erf\u00fcllung die ordnungsgem\u00e4\u00dfe Durchf\u00fchrung des Vertrages \u00fcberhaupt erst erm\u00f6glicht und auf deren Einhaltung der Kunde regelm\u00e4\u00dfig vertrauen darf.<\/p>\n<p style=\"text-align: justify;\">(4) Die Einschr\u00e4nkungen der Abs 1 und 2 gelten auch zugunsten der gesetzlichen Vertreter und Erf\u00fcllungsgehilfen des Anbieters, wenn Anspr\u00fcche direkt gegen diese geltend gemacht werden.<\/p>\n<p style=\"text-align: justify;\">(5) Die Vorschriften des Produkthaftungsgesetzes bleiben unber\u00fchrt.<\/p>\n<p style=\"text-align: justify;\"><strong>\u00a7 9 Widerrufsrecht des Verbrauchers<\/strong><br \/>\n(1) Ist der Kunde Verbraucher und hat er mit dem Anbieter einen Vertrag unter ausschlie\u00dflicher Verwendung von Fernkommunikationsmitteln, insbesondere per Telefon, E-Mail oder Fax, oder \u00fcber die Internetseite des Anbieters geschlossen, so hat er das nachfolgend beschriebene Widerrufsrecht.<\/p>\n<p style=\"text-align: justify;\">Kein Widerrufsrecht besteht ausnahmsweise!<\/p>\n<p style=\"text-align: justify;\">wenn der Kunde die beim Anbieter gekauften Produkte zum Zwecke seiner gewerblichen oder selbstst\u00e4ndigen beruflichen T\u00e4tigkeit erworben hat (in diesem Fall ist der Kunde kein Verbraucher),<br \/>\nbei Produkten, die nach den Spezifikationen des Kunden individuell f\u00fcr ihn angefertigt oder eindeutig auf seine pers\u00f6nlichen Bed\u00fcrfnisse zugeschnitten wurden (Sonderanfertigungen),<br \/>\nbei schnell verderblichen Produkten<\/p>\n<p style=\"text-align: justify;\">Der Widerspruch ist zu richten an:<br \/>\nNaturales Canarias<br \/>\nC\/ La Zarza 49<br \/>\n35200 Telde<br \/>\nGran Canaria<br \/>\nEspa\u00f1a<br \/>\nnaturalescanarias@gmail.com<\/p>\n<p style=\"text-align: justify;\"><strong>\u00a7 10 Hinweise zur Datenverarbeitung<\/strong><br \/>\n(1) Der Anbieter erhebt im Rahmen der Abwicklung von Vertr\u00e4gen Daten des Kunden. Er beachtet dabei die gesetzlichen Bestimmungen. Ohne Einwilligung des Kunden wird der Anbieter Bestands- und Nutzungsdaten des Kunden nur erheben, verarbeiten oder nutzen, soweit dies f\u00fcr die Abwicklung des Vertragsverh\u00e4ltnisses und f\u00fcr die Inanspruchnahme und Abrechnung von Telediensten erforderlich ist.<\/p>\n<p style=\"text-align: justify;\">(3) Der Kunde hat jederzeit die M\u00f6glichkeit, die von ihm gespeicherten Daten unter dem Button \u201eMein Konto\u201c in seinem Profil abzurufen, dieses zu \u00e4ndern oder zu l\u00f6schen. Im \u00dcbrigen wird in Bezug auf Einwilligungen des Kunden und weitere Informationen zur Datenerhebung, -verarbeitung und \u2013nutzung auf die Datenschutzerkl\u00e4rung verwiesen, die auf der Website des Anbieters jederzeit \u00fcber den Button \u201eDatenschutz\u201c in druckbarer Form abrufbar ist.<\/p>\n<p style=\"text-align: justify;\"><strong>\u00a7 11 Schlussbestimmungen<\/strong><br \/>\n(1) Auf Vertr\u00e4ge zwischen dem Anbieter und den Kunden findet das Recht der Bundesrepublik Deutschland unter Ausschluss des UN-Kaufrechts Anwendung.<\/p>\n<p style=\"text-align: justify;\">(2) Sofern es sich beim Kunden um einen Kaufmann, eine juristische Person des \u00f6ffentlichen Rechts oder um ein \u00f6ffentlich-rechtliches Sonderverm\u00f6gen handelt, ist Gerichtsstand f\u00fcr alle Streitigkeiten aus Vertragsverh\u00e4ltnissen zwischen dem Kunden und dem Anbieter der Sitz des Anbieters.<\/p>\n<p style=\"text-align: justify;\">(3) Der Vertrag bleibt auch bei rechtlicher Unwirksamkeit einzelner Punkte in seinen \u00fcbrigen Teilen verbindlich.<\/p>\n<p style=\"text-align: justify;\"><em>Quelle:<\/em>\u00a0<em>Rechtsanwalt Metzler &#8211; Rechtsanwalt f\u00fcr Wettbewerbsrecht, Markenrecht und Internetrecht<\/em><\/p>\n<div class=\"woocommerce woocommerce-gzd woocommerce-gzd-complaints-shortcode\">\n\t\t\t<h3>Alternative Dispute Resolution in accordance with Art. 14 (1) ODR-VO and \u00a7 36 VSBG:<\/h3>\n\t\nZur Teilnahme an einem Streitbeilegungsverfahren vor einer Verbraucherschlichtungsstelle sind wir nicht verpflichtet und nicht bereit.<\/div>\n","protected":false},"excerpt":{"rendered":"<p>Stand: 09\/2014 Allgemeine Gesch\u00e4ftsbedingungen und Verbraucherinformationen im Rahmen von Kaufvertr\u00e4gen, die \u00fcber den Webshop zwischen Naturales Canarias &#8211; im Folgenden \u201eAnbieter\u201c &#8211; und dem Kunden &#8211; im Folgenden \u201eKunde\u201c &#8211; geschlossen werden. Allgemeine Gesch\u00e4ftsbedingungen \u00a7 1 Geltungsbereich und allgemeine Hinweise (1) Vorbehaltlich individueller Absprachen und Vereinbarungen, die Vorrang vor diesen AGB haben, gelten f\u00fcr die [&#8230;]\n","protected":false},"author":2,"featured_media":0,"parent":0,"menu_order":0,"comment_status":"closed","ping_status":"open","template":"","meta":{"footnotes":""},"class_list":["post-183","page","type-page","status-publish","hentry"],"yoast_head":"<!-- This site is optimized with the Yoast SEO plugin v27.3 - https:\/\/yoast.com\/product\/yoast-seo-wordpress\/ -->\n<title>AGBs - Aloe Vera Shop - Naturales Canaria<\/title>\n<meta name=\"robots\" content=\"index, follow, max-snippet:-1, max-image-preview:large, max-video-preview:-1\" \/>\n<link rel=\"canonical\" href=\"https:\/\/www.naturales-canarias.com\/es\/agbs\/\" \/>\n<meta property=\"og:locale\" content=\"es_ES\" \/>\n<meta property=\"og:type\" content=\"article\" \/>\n<meta property=\"og:title\" content=\"AGBs - Aloe Vera Shop - Naturales Canaria\" \/>\n<meta property=\"og:description\" content=\"Stand: 09\/2014 Allgemeine Gesch\u00e4ftsbedingungen und Verbraucherinformationen im Rahmen von Kaufvertr\u00e4gen, die \u00fcber den Webshop zwischen Naturales Canarias &#8211; im Folgenden \u201eAnbieter\u201c &#8211; und dem Kunden &#8211; im Folgenden \u201eKunde\u201c &#8211; geschlossen werden. Allgemeine Gesch\u00e4ftsbedingungen \u00a7 1 Geltungsbereich und allgemeine Hinweise (1) Vorbehaltlich individueller Absprachen und Vereinbarungen, die Vorrang vor diesen AGB haben, gelten f\u00fcr die [...]\" \/>\n<meta property=\"og:url\" content=\"https:\/\/www.naturales-canarias.com\/es\/agbs\/\" \/>\n<meta property=\"og:site_name\" content=\"Aloe Vera Shop - Naturales Canaria\" \/>\n<meta property=\"article:publisher\" content=\"https:\/\/www.facebook.com\/Naturales-Canarias-Aloe-Vera-Shop-777293042339239\/?fref=ts\" \/>\n<meta property=\"article:modified_time\" content=\"2022-01-31T13:36:29+00:00\" \/>\n<meta name=\"twitter:label1\" content=\"Tiempo de lectura\" \/>\n\t<meta name=\"twitter:data1\" content=\"7 minutos\" \/>\n<script type=\"application\/ld+json\" class=\"yoast-schema-graph\">{\"@context\":\"https:\\\/\\\/schema.org\",\"@graph\":[{\"@type\":\"WebPage\",\"@id\":\"https:\\\/\\\/www.naturales-canarias.com\\\/es\\\/agbs\\\/\",\"url\":\"https:\\\/\\\/www.naturales-canarias.com\\\/es\\\/agbs\\\/\",\"name\":\"AGBs - Aloe Vera Shop - Naturales Canaria\",\"isPartOf\":{\"@id\":\"https:\\\/\\\/www.naturales-canarias.com\\\/nl\\\/#website\"},\"datePublished\":\"2015-02-06T16:58:51+00:00\",\"dateModified\":\"2022-01-31T13:36:29+00:00\",\"breadcrumb\":{\"@id\":\"https:\\\/\\\/www.naturales-canarias.com\\\/es\\\/agbs\\\/#breadcrumb\"},\"inLanguage\":\"es\",\"potentialAction\":[{\"@type\":\"ReadAction\",\"target\":[\"https:\\\/\\\/www.naturales-canarias.com\\\/es\\\/agbs\\\/\"]}]},{\"@type\":\"BreadcrumbList\",\"@id\":\"https:\\\/\\\/www.naturales-canarias.com\\\/es\\\/agbs\\\/#breadcrumb\",\"itemListElement\":[{\"@type\":\"ListItem\",\"position\":1,\"name\":\"Home\",\"item\":\"https:\\\/\\\/www.naturales-canarias.com\\\/es\\\/\"},{\"@type\":\"ListItem\",\"position\":2,\"name\":\"AGBs\"}]},{\"@type\":\"WebSite\",\"@id\":\"https:\\\/\\\/www.naturales-canarias.com\\\/nl\\\/#website\",\"url\":\"https:\\\/\\\/www.naturales-canarias.com\\\/nl\\\/\",\"name\":\"Aloe Vera Shop - Naturales Canaria\",\"description\":\"Productos de Aloe Vera de Canarias\",\"potentialAction\":[{\"@type\":\"SearchAction\",\"target\":{\"@type\":\"EntryPoint\",\"urlTemplate\":\"https:\\\/\\\/www.naturales-canarias.com\\\/nl\\\/?s={search_term_string}\"},\"query-input\":{\"@type\":\"PropertyValueSpecification\",\"valueRequired\":true,\"valueName\":\"search_term_string\"}}],\"inLanguage\":\"es\"}]}<\/script>\n<!-- \/ Yoast SEO plugin. -->","yoast_head_json":{"title":"AGBs - Aloe Vera Shop - Naturales Canaria","robots":{"index":"index","follow":"follow","max-snippet":"max-snippet:-1","max-image-preview":"max-image-preview:large","max-video-preview":"max-video-preview:-1"},"canonical":"https:\/\/www.naturales-canarias.com\/es\/agbs\/","og_locale":"es_ES","og_type":"article","og_title":"AGBs - Aloe Vera Shop - Naturales Canaria","og_description":"Stand: 09\/2014 Allgemeine Gesch\u00e4ftsbedingungen und Verbraucherinformationen im Rahmen von Kaufvertr\u00e4gen, die \u00fcber den Webshop zwischen Naturales Canarias &#8211; im Folgenden \u201eAnbieter\u201c &#8211; und dem Kunden &#8211; im Folgenden \u201eKunde\u201c &#8211; geschlossen werden. Allgemeine Gesch\u00e4ftsbedingungen \u00a7 1 Geltungsbereich und allgemeine Hinweise (1) Vorbehaltlich individueller Absprachen und Vereinbarungen, die Vorrang vor diesen AGB haben, gelten f\u00fcr die [...]","og_url":"https:\/\/www.naturales-canarias.com\/es\/agbs\/","og_site_name":"Aloe Vera Shop - Naturales Canaria","article_publisher":"https:\/\/www.facebook.com\/Naturales-Canarias-Aloe-Vera-Shop-777293042339239\/?fref=ts","article_modified_time":"2022-01-31T13:36:29+00:00","twitter_misc":{"Tiempo de lectura":"7 minutos"},"schema":{"@context":"https:\/\/schema.org","@graph":[{"@type":"WebPage","@id":"https:\/\/www.naturales-canarias.com\/es\/agbs\/","url":"https:\/\/www.naturales-canarias.com\/es\/agbs\/","name":"AGBs - Aloe Vera Shop - Naturales Canaria","isPartOf":{"@id":"https:\/\/www.naturales-canarias.com\/nl\/#website"},"datePublished":"2015-02-06T16:58:51+00:00","dateModified":"2022-01-31T13:36:29+00:00","breadcrumb":{"@id":"https:\/\/www.naturales-canarias.com\/es\/agbs\/#breadcrumb"},"inLanguage":"es","potentialAction":[{"@type":"ReadAction","target":["https:\/\/www.naturales-canarias.com\/es\/agbs\/"]}]},{"@type":"BreadcrumbList","@id":"https:\/\/www.naturales-canarias.com\/es\/agbs\/#breadcrumb","itemListElement":[{"@type":"ListItem","position":1,"name":"Home","item":"https:\/\/www.naturales-canarias.com\/es\/"},{"@type":"ListItem","position":2,"name":"AGBs"}]},{"@type":"WebSite","@id":"https:\/\/www.naturales-canarias.com\/nl\/#website","url":"https:\/\/www.naturales-canarias.com\/nl\/","name":"Aloe Vera Shop - Naturales Canaria","description":"Productos de Aloe Vera de Canarias","potentialAction":[{"@type":"SearchAction","target":{"@type":"EntryPoint","urlTemplate":"https:\/\/www.naturales-canarias.com\/nl\/?s={search_term_string}"},"query-input":{"@type":"PropertyValueSpecification","valueRequired":true,"valueName":"search_term_string"}}],"inLanguage":"es"}]}},"_links":{"self":[{"href":"https:\/\/www.naturales-canarias.com\/es\/wp-json\/wp\/v2\/pages\/183","targetHints":{"allow":["GET"]}}],"collection":[{"href":"https:\/\/www.naturales-canarias.com\/es\/wp-json\/wp\/v2\/pages"}],"about":[{"href":"https:\/\/www.naturales-canarias.com\/es\/wp-json\/wp\/v2\/types\/page"}],"author":[{"embeddable":true,"href":"https:\/\/www.naturales-canarias.com\/es\/wp-json\/wp\/v2\/users\/2"}],"replies":[{"embeddable":true,"href":"https:\/\/www.naturales-canarias.com\/es\/wp-json\/wp\/v2\/comments?post=183"}],"version-history":[{"count":3,"href":"https:\/\/www.naturales-canarias.com\/es\/wp-json\/wp\/v2\/pages\/183\/revisions"}],"predecessor-version":[{"id":10521,"href":"https:\/\/www.naturales-canarias.com\/es\/wp-json\/wp\/v2\/pages\/183\/revisions\/10521"}],"wp:attachment":[{"href":"https:\/\/www.naturales-canarias.com\/es\/wp-json\/wp\/v2\/media?parent=183"}],"curies":[{"name":"wp","href":"https:\/\/api.w.org\/{rel}","templated":true}]}}