{"id":10776,"date":"2022-05-31T09:18:02","date_gmt":"2022-05-31T09:18:02","guid":{"rendered":"https:\/\/www.naturales-canarias.com\/produkte\/aloe-vera-haarmaske-cosmonatura\/"},"modified":"2022-05-31T09:25:50","modified_gmt":"2022-05-31T09:25:50","slug":"aloe-vera-mascarilla-capilar-cosmonatura","status":"publish","type":"product","link":"https:\/\/www.naturales-canarias.com\/es\/productos\/aloe-vera-mascarilla-capilar-cosmonatura\/","title":{"rendered":"Aloe Vera &#8211; Mascarilla capilar | Cosmonatura"},"content":{"rendered":"<p><strong>Aloe Vera &#8211; Mascarilla capilar <\/strong><br \/>\nMascarilla capilar con propiedades hidratantes y protectoras del aloe vera y nutrici\u00f3n intensa ptovista por el aceite de arg\u00e1n. Esta mascarilla ayuda a regenerar eficazmente el cabello seco y debilitado, d\u00e1ndole luminosidad y vitalidad.<\/p>\n<p>Modo de empleo<br \/>\nAplicar sobre el cabello h\u00famedo y dejar actuar de 5 a 10 minutos. Aclarar con abundante agua tibia.<\/p>\n<p>Contenido: 250ml<\/p>\n","protected":false},"excerpt":{"rendered":"<p>Aloe Vera &#8211; Mascarilla capilar | Cosmonatura<br \/>\nInhalt: 250ml<\/p>\n","protected":false},"featured_media":10726,"template":"","meta":[],"product_brand":[],"product_cat":[48],"product_tag":[],"class_list":{"0":"post-10776","1":"product","2":"type-product","3":"status-publish","4":"has-post-thumbnail","6":"product_cat-pelo","8":"first","9":"instock","10":"shipping-taxable","11":"purchasable","12":"product-type-simple"},"yoast_head":"<!-- This site is optimized with the Yoast SEO plugin v27.4 - https:\/\/yoast.com\/product\/yoast-seo-wordpress\/ -->\n<title>Aloe Vera - Mascarilla capilar | Cosmonatura - Aloe Vera Shop - Naturales Canaria<\/title>\n<meta name=\"robots\" content=\"index, follow, max-snippet:-1, max-image-preview:large, max-video-preview:-1\" \/>\n<link rel=\"canonical\" href=\"https:\/\/www.naturales-canarias.com\/es\/productos\/aloe-vera-mascarilla-capilar-cosmonatura\/\" \/>\n<meta property=\"og:locale\" content=\"es_ES\" \/>\n<meta property=\"og:type\" content=\"article\" \/>\n<meta property=\"og:title\" content=\"Aloe Vera - Mascarilla capilar | Cosmonatura - Aloe Vera Shop - Naturales Canaria\" \/>\n<meta property=\"og:description\" content=\"Aloe Vera - Mascarilla capilar | Cosmonatura Inhalt: 250ml\" \/>\n<meta property=\"og:url\" content=\"https:\/\/www.naturales-canarias.com\/es\/productos\/aloe-vera-mascarilla-capilar-cosmonatura\/\" \/>\n<meta property=\"og:site_name\" content=\"Aloe Vera Shop - Naturales Canaria\" \/>\n<meta property=\"article:publisher\" content=\"https:\/\/www.facebook.com\/Naturales-Canarias-Aloe-Vera-Shop-777293042339239\/?fref=ts\" \/>\n<meta property=\"article:modified_time\" content=\"2022-05-31T09:25:50+00:00\" \/>\n<meta property=\"og:image\" content=\"https:\/\/www.naturales-canarias.com\/wp-content\/uploads\/2022\/05\/hair-mask-cosmonatura.jpg\" \/>\n\t<meta property=\"og:image:width\" content=\"800\" \/>\n\t<meta property=\"og:image:height\" content=\"800\" \/>\n\t<meta property=\"og:image:type\" content=\"image\/jpeg\" \/>\n<script type=\"application\/ld+json\" class=\"yoast-schema-graph\">{\"@context\":\"https:\\\/\\\/schema.org\",\"@graph\":[{\"@type\":\"WebPage\",\"@id\":\"https:\\\/\\\/www.naturales-canarias.com\\\/es\\\/productos\\\/aloe-vera-mascarilla-capilar-cosmonatura\\\/\",\"url\":\"https:\\\/\\\/www.naturales-canarias.com\\\/es\\\/productos\\\/aloe-vera-mascarilla-capilar-cosmonatura\\\/\",\"name\":\"Aloe Vera - Mascarilla capilar | Cosmonatura - Aloe Vera Shop - Naturales Canaria\",\"isPartOf\":{\"@id\":\"https:\\\/\\\/www.naturales-canarias.com\\\/nl\\\/#website\"},\"primaryImageOfPage\":{\"@id\":\"https:\\\/\\\/www.naturales-canarias.com\\\/es\\\/productos\\\/aloe-vera-mascarilla-capilar-cosmonatura\\\/#primaryimage\"},\"image\":{\"@id\":\"https:\\\/\\\/www.naturales-canarias.com\\\/es\\\/productos\\\/aloe-vera-mascarilla-capilar-cosmonatura\\\/#primaryimage\"},\"thumbnailUrl\":\"https:\\\/\\\/www.naturales-canarias.com\\\/wp-content\\\/uploads\\\/2022\\\/05\\\/hair-mask-cosmonatura.jpg\",\"datePublished\":\"2022-05-31T09:18:02+00:00\",\"dateModified\":\"2022-05-31T09:25:50+00:00\",\"breadcrumb\":{\"@id\":\"https:\\\/\\\/www.naturales-canarias.com\\\/es\\\/productos\\\/aloe-vera-mascarilla-capilar-cosmonatura\\\/#breadcrumb\"},\"inLanguage\":\"es\",\"potentialAction\":[{\"@type\":\"ReadAction\",\"target\":[\"https:\\\/\\\/www.naturales-canarias.com\\\/es\\\/productos\\\/aloe-vera-mascarilla-capilar-cosmonatura\\\/\"]}]},{\"@type\":\"ImageObject\",\"inLanguage\":\"es\",\"@id\":\"https:\\\/\\\/www.naturales-canarias.com\\\/es\\\/productos\\\/aloe-vera-mascarilla-capilar-cosmonatura\\\/#primaryimage\",\"url\":\"https:\\\/\\\/www.naturales-canarias.com\\\/wp-content\\\/uploads\\\/2022\\\/05\\\/hair-mask-cosmonatura.jpg\",\"contentUrl\":\"https:\\\/\\\/www.naturales-canarias.com\\\/wp-content\\\/uploads\\\/2022\\\/05\\\/hair-mask-cosmonatura.jpg\",\"width\":800,\"height\":800},{\"@type\":\"BreadcrumbList\",\"@id\":\"https:\\\/\\\/www.naturales-canarias.com\\\/es\\\/productos\\\/aloe-vera-mascarilla-capilar-cosmonatura\\\/#breadcrumb\",\"itemListElement\":[{\"@type\":\"ListItem\",\"position\":1,\"name\":\"Home\",\"item\":\"https:\\\/\\\/www.naturales-canarias.com\\\/es\\\/\"},{\"@type\":\"ListItem\",\"position\":2,\"name\":\"Tienda\",\"item\":\"https:\\\/\\\/www.naturales-canarias.com\\\/es\\\/tienda\\\/\"},{\"@type\":\"ListItem\",\"position\":3,\"name\":\"Aloe Vera &#8211; Mascarilla capilar | Cosmonatura\"}]},{\"@type\":\"WebSite\",\"@id\":\"https:\\\/\\\/www.naturales-canarias.com\\\/nl\\\/#website\",\"url\":\"https:\\\/\\\/www.naturales-canarias.com\\\/nl\\\/\",\"name\":\"Aloe Vera Shop - Naturales Canaria\",\"description\":\"Productos de Aloe Vera de Canarias\",\"potentialAction\":[{\"@type\":\"SearchAction\",\"target\":{\"@type\":\"EntryPoint\",\"urlTemplate\":\"https:\\\/\\\/www.naturales-canarias.com\\\/nl\\\/?s={search_term_string}\"},\"query-input\":{\"@type\":\"PropertyValueSpecification\",\"valueRequired\":true,\"valueName\":\"search_term_string\"}}],\"inLanguage\":\"es\"}]}<\/script>\n<!-- \/ Yoast SEO plugin. -->","yoast_head_json":{"title":"Aloe Vera - Mascarilla capilar | Cosmonatura - Aloe Vera Shop - Naturales Canaria","robots":{"index":"index","follow":"follow","max-snippet":"max-snippet:-1","max-image-preview":"max-image-preview:large","max-video-preview":"max-video-preview:-1"},"canonical":"https:\/\/www.naturales-canarias.com\/es\/productos\/aloe-vera-mascarilla-capilar-cosmonatura\/","og_locale":"es_ES","og_type":"article","og_title":"Aloe Vera - Mascarilla capilar | Cosmonatura - Aloe Vera Shop - Naturales Canaria","og_description":"Aloe Vera - Mascarilla capilar | Cosmonatura Inhalt: 250ml","og_url":"https:\/\/www.naturales-canarias.com\/es\/productos\/aloe-vera-mascarilla-capilar-cosmonatura\/","og_site_name":"Aloe Vera Shop - Naturales Canaria","article_publisher":"https:\/\/www.facebook.com\/Naturales-Canarias-Aloe-Vera-Shop-777293042339239\/?fref=ts","article_modified_time":"2022-05-31T09:25:50+00:00","og_image":[{"width":800,"height":800,"url":"https:\/\/www.naturales-canarias.com\/wp-content\/uploads\/2022\/05\/hair-mask-cosmonatura.jpg","type":"image\/jpeg"}],"schema":{"@context":"https:\/\/schema.org","@graph":[{"@type":"WebPage","@id":"https:\/\/www.naturales-canarias.com\/es\/productos\/aloe-vera-mascarilla-capilar-cosmonatura\/","url":"https:\/\/www.naturales-canarias.com\/es\/productos\/aloe-vera-mascarilla-capilar-cosmonatura\/","name":"Aloe Vera - Mascarilla capilar | Cosmonatura - Aloe Vera Shop - Naturales Canaria","isPartOf":{"@id":"https:\/\/www.naturales-canarias.com\/nl\/#website"},"primaryImageOfPage":{"@id":"https:\/\/www.naturales-canarias.com\/es\/productos\/aloe-vera-mascarilla-capilar-cosmonatura\/#primaryimage"},"image":{"@id":"https:\/\/www.naturales-canarias.com\/es\/productos\/aloe-vera-mascarilla-capilar-cosmonatura\/#primaryimage"},"thumbnailUrl":"https:\/\/www.naturales-canarias.com\/wp-content\/uploads\/2022\/05\/hair-mask-cosmonatura.jpg","datePublished":"2022-05-31T09:18:02+00:00","dateModified":"2022-05-31T09:25:50+00:00","breadcrumb":{"@id":"https:\/\/www.naturales-canarias.com\/es\/productos\/aloe-vera-mascarilla-capilar-cosmonatura\/#breadcrumb"},"inLanguage":"es","potentialAction":[{"@type":"ReadAction","target":["https:\/\/www.naturales-canarias.com\/es\/productos\/aloe-vera-mascarilla-capilar-cosmonatura\/"]}]},{"@type":"ImageObject","inLanguage":"es","@id":"https:\/\/www.naturales-canarias.com\/es\/productos\/aloe-vera-mascarilla-capilar-cosmonatura\/#primaryimage","url":"https:\/\/www.naturales-canarias.com\/wp-content\/uploads\/2022\/05\/hair-mask-cosmonatura.jpg","contentUrl":"https:\/\/www.naturales-canarias.com\/wp-content\/uploads\/2022\/05\/hair-mask-cosmonatura.jpg","width":800,"height":800},{"@type":"BreadcrumbList","@id":"https:\/\/www.naturales-canarias.com\/es\/productos\/aloe-vera-mascarilla-capilar-cosmonatura\/#breadcrumb","itemListElement":[{"@type":"ListItem","position":1,"name":"Home","item":"https:\/\/www.naturales-canarias.com\/es\/"},{"@type":"ListItem","position":2,"name":"Tienda","item":"https:\/\/www.naturales-canarias.com\/es\/tienda\/"},{"@type":"ListItem","position":3,"name":"Aloe Vera &#8211; Mascarilla capilar | Cosmonatura"}]},{"@type":"WebSite","@id":"https:\/\/www.naturales-canarias.com\/nl\/#website","url":"https:\/\/www.naturales-canarias.com\/nl\/","name":"Aloe Vera Shop - Naturales Canaria","description":"Productos de Aloe Vera de Canarias","potentialAction":[{"@type":"SearchAction","target":{"@type":"EntryPoint","urlTemplate":"https:\/\/www.naturales-canarias.com\/nl\/?s={search_term_string}"},"query-input":{"@type":"PropertyValueSpecification","valueRequired":true,"valueName":"search_term_string"}}],"inLanguage":"es"}]}},"_links":{"self":[{"href":"https:\/\/www.naturales-canarias.com\/es\/wp-json\/wp\/v2\/product\/10776","targetHints":{"allow":["GET"]}}],"collection":[{"href":"https:\/\/www.naturales-canarias.com\/es\/wp-json\/wp\/v2\/product"}],"about":[{"href":"https:\/\/www.naturales-canarias.com\/es\/wp-json\/wp\/v2\/types\/product"}],"wp:featuredmedia":[{"embeddable":true,"href":"https:\/\/www.naturales-canarias.com\/es\/wp-json\/wp\/v2\/media\/10726"}],"wp:attachment":[{"href":"https:\/\/www.naturales-canarias.com\/es\/wp-json\/wp\/v2\/media?parent=10776"}],"wp:term":[{"taxonomy":"product_brand","embeddable":true,"href":"https:\/\/www.naturales-canarias.com\/es\/wp-json\/wp\/v2\/product_brand?post=10776"},{"taxonomy":"product_cat","embeddable":true,"href":"https:\/\/www.naturales-canarias.com\/es\/wp-json\/wp\/v2\/product_cat?post=10776"},{"taxonomy":"product_tag","embeddable":true,"href":"https:\/\/www.naturales-canarias.com\/es\/wp-json\/wp\/v2\/product_tag?post=10776"}],"curies":[{"name":"wp","href":"https:\/\/api.w.org\/{rel}","templated":true}]}}