{"id":2176,"date":"2016-07-06T10:11:29","date_gmt":"2016-07-06T10:11:29","guid":{"rendered":"https:\/\/www.naturales-canarias.com\/es\/produkte\/aloe-vera-relax-frio-gel-extra-naturales-canarias-110\/"},"modified":"2020-08-03T07:40:30","modified_gmt":"2020-08-03T07:40:30","slug":"gel-de-aloe-vera-relax-frio-extra-dermetiks","status":"publish","type":"product","link":"https:\/\/www.naturales-canarias.com\/es\/productos\/gel-de-aloe-vera-relax-frio-extra-dermetiks\/","title":{"rendered":"Gel de Aloe Vera Relax Fr\u00edo EXTRA (rojo)  | Dermetiks"},"content":{"rendered":"<p><strong>Gel de Aloe Vera Relax Fr\u00edo EXTRA (rojo) de Gran Canaria<\/strong><\/p>\n<ul>\n<li>Contains Aloe Vera, Devil&#8217;s Claw (10%) , camphor, menthol and Arnica (10%)<\/li>\n<li>Suitable as sports gel and\/or massage gel <\/li>\n<\/ul>\n<p>&nbsp;<\/p>\n<p style=\"text-align: justify;\">El gel de aloe vera Relax Frio ayuda a que las piernas cansadas y otras \u00e1reas del cuerpo que han sido sometidas a un esfuerzo se recuperen de nuevo. El gel de aloe vera se utiliza tanto como gel para deporte as\u00ed como de gel de masaje, tambi\u00e9n para refrigeraci\u00f3n y cuidado. Es un analg\u00e9sico para el dolor en las articulaciones y la tensi\u00f3n en los m\u00fasculos. La adici\u00f3n de \u00e1rnica, la garra del diablo y alcanfor hace que el gel sea una maravilla contra dolores musculares y de articulaciones. Adem\u00e1s, el aloe vera cuida a la piel y es ideal para masajes deportivos.<\/p>\n<p style=\"text-align: justify;\">El Aloe Vera Gel Relax Gel EXTRA tiene un efecto mucho m\u00e1s fuerte que el Aloe Vera Gel Relax Gel. Para piel sensible e irritable por lo tanto no se recomienda.<\/p>\n<p>&nbsp;<\/p>\n<hr \/>\n<p>&nbsp;<\/p>\n<p><strong> Capaciad:<\/strong> 110ml<\/p>\n<p><strong> Proveedor:<\/strong> Naturales Canarias<\/p>\n<p>&nbsp;<\/p>\n<p style=\"text-align: justify;\"><em><strong> Ingredientes:<\/strong> Alcohol Denat., Aqua, Aloe barbadensis leaf extract, Glycerin, Propylene Glycol, Maltodextrin, Camphor, Menthol, Harpagophytum procumbens Root Extract, Arnica Montana Flower Extract, Phenoxyethanol, Ethylhexyglycerin, Carbomer, Triethanolamine, Parfum, Disodium EDTA, Potassium Sorbate, Sodium Benzoate, Citric Acid, CI 42720, CI 15985, CI 42090.<\/em><\/p>\n<p>&nbsp;<\/p>\n","protected":false},"excerpt":{"rendered":"<p><strong>Gel de Aloe Vera Relax Fr\u00edo EXTRA (jojo) | Dermetiks<\/strong><\/p>\n<p>110ml | Naturales Canarias<\/p>\n","protected":false},"featured_media":10886,"template":"","meta":[],"product_brand":[],"product_cat":[47,25,252],"product_tag":[],"class_list":{"0":"post-2176","1":"product","2":"type-product","3":"status-publish","4":"has-post-thumbnail","6":"product_cat-cuerpo","7":"product_cat-gel-es","8":"product_cat-relax-frio-extra-rojo-es","10":"first","11":"instock","12":"shipping-taxable","13":"purchasable","14":"product-type-simple"},"yoast_head":"<!-- This site is optimized with the Yoast SEO plugin v27.3 - https:\/\/yoast.com\/product\/yoast-seo-wordpress\/ -->\n<title>Gel de Aloe Vera Relax Fr\u00edo EXTRA (rojo) | Dermetiks - Aloe Vera Shop - Naturales Canaria<\/title>\n<meta name=\"robots\" content=\"index, follow, max-snippet:-1, max-image-preview:large, max-video-preview:-1\" \/>\n<link rel=\"canonical\" href=\"https:\/\/www.naturales-canarias.com\/es\/productos\/gel-de-aloe-vera-relax-frio-extra-dermetiks\/\" \/>\n<meta property=\"og:locale\" content=\"es_ES\" \/>\n<meta property=\"og:type\" content=\"article\" \/>\n<meta property=\"og:title\" content=\"Gel de Aloe Vera Relax Fr\u00edo EXTRA (rojo) | Dermetiks - Aloe Vera Shop - Naturales Canaria\" \/>\n<meta property=\"og:description\" content=\"Gel de Aloe Vera Relax Fr\u00edo EXTRA (jojo) | Dermetiks  110ml | Naturales Canarias\" \/>\n<meta property=\"og:url\" content=\"https:\/\/www.naturales-canarias.com\/es\/productos\/gel-de-aloe-vera-relax-frio-extra-dermetiks\/\" \/>\n<meta property=\"og:site_name\" content=\"Aloe Vera Shop - Naturales Canaria\" \/>\n<meta property=\"article:publisher\" content=\"https:\/\/www.facebook.com\/Naturales-Canarias-Aloe-Vera-Shop-777293042339239\/?fref=ts\" \/>\n<meta property=\"article:modified_time\" content=\"2020-08-03T07:40:30+00:00\" \/>\n<meta property=\"og:image\" content=\"https:\/\/www.naturales-canarias.com\/wp-content\/uploads\/2016\/07\/1422-Dermetiks-Gel-relax-extra-naturales-canarias.png\" \/>\n\t<meta property=\"og:image:width\" content=\"800\" \/>\n\t<meta property=\"og:image:height\" content=\"800\" \/>\n\t<meta property=\"og:image:type\" content=\"image\/png\" \/>\n<meta name=\"twitter:label1\" content=\"Tiempo de lectura\" \/>\n\t<meta name=\"twitter:data1\" content=\"1 minuto\" \/>\n<script type=\"application\/ld+json\" class=\"yoast-schema-graph\">{\"@context\":\"https:\\\/\\\/schema.org\",\"@graph\":[{\"@type\":\"WebPage\",\"@id\":\"https:\\\/\\\/www.naturales-canarias.com\\\/es\\\/productos\\\/gel-de-aloe-vera-relax-frio-extra-dermetiks\\\/\",\"url\":\"https:\\\/\\\/www.naturales-canarias.com\\\/es\\\/productos\\\/gel-de-aloe-vera-relax-frio-extra-dermetiks\\\/\",\"name\":\"Gel de Aloe Vera Relax Fr\u00edo EXTRA (rojo) | Dermetiks - Aloe Vera Shop - Naturales Canaria\",\"isPartOf\":{\"@id\":\"https:\\\/\\\/www.naturales-canarias.com\\\/nl\\\/#website\"},\"primaryImageOfPage\":{\"@id\":\"https:\\\/\\\/www.naturales-canarias.com\\\/es\\\/productos\\\/gel-de-aloe-vera-relax-frio-extra-dermetiks\\\/#primaryimage\"},\"image\":{\"@id\":\"https:\\\/\\\/www.naturales-canarias.com\\\/es\\\/productos\\\/gel-de-aloe-vera-relax-frio-extra-dermetiks\\\/#primaryimage\"},\"thumbnailUrl\":\"https:\\\/\\\/www.naturales-canarias.com\\\/wp-content\\\/uploads\\\/2022\\\/07\\\/relax-frio-2022-100ml.jpg\",\"datePublished\":\"2016-07-06T10:11:29+00:00\",\"dateModified\":\"2020-08-03T07:40:30+00:00\",\"breadcrumb\":{\"@id\":\"https:\\\/\\\/www.naturales-canarias.com\\\/es\\\/productos\\\/gel-de-aloe-vera-relax-frio-extra-dermetiks\\\/#breadcrumb\"},\"inLanguage\":\"es\",\"potentialAction\":[{\"@type\":\"ReadAction\",\"target\":[\"https:\\\/\\\/www.naturales-canarias.com\\\/es\\\/productos\\\/gel-de-aloe-vera-relax-frio-extra-dermetiks\\\/\"]}]},{\"@type\":\"ImageObject\",\"inLanguage\":\"es\",\"@id\":\"https:\\\/\\\/www.naturales-canarias.com\\\/es\\\/productos\\\/gel-de-aloe-vera-relax-frio-extra-dermetiks\\\/#primaryimage\",\"url\":\"https:\\\/\\\/www.naturales-canarias.com\\\/wp-content\\\/uploads\\\/2022\\\/07\\\/relax-frio-2022-100ml.jpg\",\"contentUrl\":\"https:\\\/\\\/www.naturales-canarias.com\\\/wp-content\\\/uploads\\\/2022\\\/07\\\/relax-frio-2022-100ml.jpg\",\"width\":800,\"height\":800},{\"@type\":\"BreadcrumbList\",\"@id\":\"https:\\\/\\\/www.naturales-canarias.com\\\/es\\\/productos\\\/gel-de-aloe-vera-relax-frio-extra-dermetiks\\\/#breadcrumb\",\"itemListElement\":[{\"@type\":\"ListItem\",\"position\":1,\"name\":\"Home\",\"item\":\"https:\\\/\\\/www.naturales-canarias.com\\\/es\\\/\"},{\"@type\":\"ListItem\",\"position\":2,\"name\":\"Tienda\",\"item\":\"https:\\\/\\\/www.naturales-canarias.com\\\/es\\\/tienda\\\/\"},{\"@type\":\"ListItem\",\"position\":3,\"name\":\"Gel de Aloe Vera Relax Fr\u00edo EXTRA (rojo) | Dermetiks\"}]},{\"@type\":\"WebSite\",\"@id\":\"https:\\\/\\\/www.naturales-canarias.com\\\/nl\\\/#website\",\"url\":\"https:\\\/\\\/www.naturales-canarias.com\\\/nl\\\/\",\"name\":\"Aloe Vera Shop - Naturales Canaria\",\"description\":\"Productos de Aloe Vera de Canarias\",\"potentialAction\":[{\"@type\":\"SearchAction\",\"target\":{\"@type\":\"EntryPoint\",\"urlTemplate\":\"https:\\\/\\\/www.naturales-canarias.com\\\/nl\\\/?s={search_term_string}\"},\"query-input\":{\"@type\":\"PropertyValueSpecification\",\"valueRequired\":true,\"valueName\":\"search_term_string\"}}],\"inLanguage\":\"es\"}]}<\/script>\n<!-- \/ Yoast SEO plugin. -->","yoast_head_json":{"title":"Gel de Aloe Vera Relax Fr\u00edo EXTRA (rojo) | Dermetiks - Aloe Vera Shop - Naturales Canaria","robots":{"index":"index","follow":"follow","max-snippet":"max-snippet:-1","max-image-preview":"max-image-preview:large","max-video-preview":"max-video-preview:-1"},"canonical":"https:\/\/www.naturales-canarias.com\/es\/productos\/gel-de-aloe-vera-relax-frio-extra-dermetiks\/","og_locale":"es_ES","og_type":"article","og_title":"Gel de Aloe Vera Relax Fr\u00edo EXTRA (rojo) | Dermetiks - Aloe Vera Shop - Naturales Canaria","og_description":"Gel de Aloe Vera Relax Fr\u00edo EXTRA (jojo) | Dermetiks  110ml | Naturales Canarias","og_url":"https:\/\/www.naturales-canarias.com\/es\/productos\/gel-de-aloe-vera-relax-frio-extra-dermetiks\/","og_site_name":"Aloe Vera Shop - Naturales Canaria","article_publisher":"https:\/\/www.facebook.com\/Naturales-Canarias-Aloe-Vera-Shop-777293042339239\/?fref=ts","article_modified_time":"2020-08-03T07:40:30+00:00","og_image":[{"width":800,"height":800,"url":"https:\/\/www.naturales-canarias.com\/wp-content\/uploads\/2016\/07\/1422-Dermetiks-Gel-relax-extra-naturales-canarias.png","type":"image\/png"}],"twitter_misc":{"Tiempo de lectura":"1 minuto"},"schema":{"@context":"https:\/\/schema.org","@graph":[{"@type":"WebPage","@id":"https:\/\/www.naturales-canarias.com\/es\/productos\/gel-de-aloe-vera-relax-frio-extra-dermetiks\/","url":"https:\/\/www.naturales-canarias.com\/es\/productos\/gel-de-aloe-vera-relax-frio-extra-dermetiks\/","name":"Gel de Aloe Vera Relax Fr\u00edo EXTRA (rojo) | Dermetiks - Aloe Vera Shop - Naturales Canaria","isPartOf":{"@id":"https:\/\/www.naturales-canarias.com\/nl\/#website"},"primaryImageOfPage":{"@id":"https:\/\/www.naturales-canarias.com\/es\/productos\/gel-de-aloe-vera-relax-frio-extra-dermetiks\/#primaryimage"},"image":{"@id":"https:\/\/www.naturales-canarias.com\/es\/productos\/gel-de-aloe-vera-relax-frio-extra-dermetiks\/#primaryimage"},"thumbnailUrl":"https:\/\/www.naturales-canarias.com\/wp-content\/uploads\/2022\/07\/relax-frio-2022-100ml.jpg","datePublished":"2016-07-06T10:11:29+00:00","dateModified":"2020-08-03T07:40:30+00:00","breadcrumb":{"@id":"https:\/\/www.naturales-canarias.com\/es\/productos\/gel-de-aloe-vera-relax-frio-extra-dermetiks\/#breadcrumb"},"inLanguage":"es","potentialAction":[{"@type":"ReadAction","target":["https:\/\/www.naturales-canarias.com\/es\/productos\/gel-de-aloe-vera-relax-frio-extra-dermetiks\/"]}]},{"@type":"ImageObject","inLanguage":"es","@id":"https:\/\/www.naturales-canarias.com\/es\/productos\/gel-de-aloe-vera-relax-frio-extra-dermetiks\/#primaryimage","url":"https:\/\/www.naturales-canarias.com\/wp-content\/uploads\/2022\/07\/relax-frio-2022-100ml.jpg","contentUrl":"https:\/\/www.naturales-canarias.com\/wp-content\/uploads\/2022\/07\/relax-frio-2022-100ml.jpg","width":800,"height":800},{"@type":"BreadcrumbList","@id":"https:\/\/www.naturales-canarias.com\/es\/productos\/gel-de-aloe-vera-relax-frio-extra-dermetiks\/#breadcrumb","itemListElement":[{"@type":"ListItem","position":1,"name":"Home","item":"https:\/\/www.naturales-canarias.com\/es\/"},{"@type":"ListItem","position":2,"name":"Tienda","item":"https:\/\/www.naturales-canarias.com\/es\/tienda\/"},{"@type":"ListItem","position":3,"name":"Gel de Aloe Vera Relax Fr\u00edo EXTRA (rojo) | Dermetiks"}]},{"@type":"WebSite","@id":"https:\/\/www.naturales-canarias.com\/nl\/#website","url":"https:\/\/www.naturales-canarias.com\/nl\/","name":"Aloe Vera Shop - Naturales Canaria","description":"Productos de Aloe Vera de Canarias","potentialAction":[{"@type":"SearchAction","target":{"@type":"EntryPoint","urlTemplate":"https:\/\/www.naturales-canarias.com\/nl\/?s={search_term_string}"},"query-input":{"@type":"PropertyValueSpecification","valueRequired":true,"valueName":"search_term_string"}}],"inLanguage":"es"}]}},"_links":{"self":[{"href":"https:\/\/www.naturales-canarias.com\/es\/wp-json\/wp\/v2\/product\/2176","targetHints":{"allow":["GET"]}}],"collection":[{"href":"https:\/\/www.naturales-canarias.com\/es\/wp-json\/wp\/v2\/product"}],"about":[{"href":"https:\/\/www.naturales-canarias.com\/es\/wp-json\/wp\/v2\/types\/product"}],"wp:featuredmedia":[{"embeddable":true,"href":"https:\/\/www.naturales-canarias.com\/es\/wp-json\/wp\/v2\/media\/10886"}],"wp:attachment":[{"href":"https:\/\/www.naturales-canarias.com\/es\/wp-json\/wp\/v2\/media?parent=2176"}],"wp:term":[{"taxonomy":"product_brand","embeddable":true,"href":"https:\/\/www.naturales-canarias.com\/es\/wp-json\/wp\/v2\/product_brand?post=2176"},{"taxonomy":"product_cat","embeddable":true,"href":"https:\/\/www.naturales-canarias.com\/es\/wp-json\/wp\/v2\/product_cat?post=2176"},{"taxonomy":"product_tag","embeddable":true,"href":"https:\/\/www.naturales-canarias.com\/es\/wp-json\/wp\/v2\/product_tag?post=2176"}],"curies":[{"name":"wp","href":"https:\/\/api.w.org\/{rel}","templated":true}]}}