{"id":2232,"date":"2015-04-15T08:16:17","date_gmt":"2015-04-15T08:16:17","guid":{"rendered":"https:\/\/www.naturales-canarias.com\/es\/produkte\/aloe-vera-revitalizing-creme-pejoseca\/"},"modified":"2016-10-24T15:44:18","modified_gmt":"2016-10-24T15:44:18","slug":"crema-revitalizante-de-aloe-vera-pejoseca","status":"publish","type":"product","link":"https:\/\/www.naturales-canarias.com\/es\/productos\/crema-revitalizante-de-aloe-vera-pejoseca\/","title":{"rendered":"Crema revitalizante de aloe vera | Pejoseca"},"content":{"rendered":"<p><strong>Crema revitalizante de aloe vera | Pejoseca<\/strong><\/p>\n<ul>\n<li>Contiene Aloe Vera<\/li>\n<li>Regenerador celular<\/li>\n<\/ul>\n<p>&nbsp;<\/p>\n<p style=\"text-align: justify;\">Gracias a los ingredientes activos de la aloe vera de Canaria, la piel se revitaliza y por lo tanto tambi\u00e9n evita el envejecimiento prematuro. A trav\u00e9s de su fina cremosidad se absorbe r\u00e1pidamente en la piel. Ideal para la cara y la zona del cuello.<\/p>\n<p>&nbsp;<\/p>\n<hr \/>\n<p>&nbsp;<\/p>\n<p><strong>Capacidad:<\/strong> 200ml<\/p>\n<p><strong>Proveedor:<\/strong> Pejoseca<\/p>\n<p>&nbsp;<\/p>\n<p style=\"text-align: justify;\"><em><strong>Ingredientes:<\/strong> Aloe barbadensis, Stearyl heptancate, Creteanyl ethylhexanoate, Cetyl palmitate, Stearyl alcohol, Steareth-7, Steareth-10, Stearyl caprilate, Isopropyl L miristrate, Myristyl alcohol, Dimethicone, Paraffinum Liqidum, Proylene glycol, Urea, Sodium hidroxide, Glycerin, Sodium hidroxine, Palisarbete-20, Penaxiethanol, Mathylparaben, Propylparaben, Ethylparaben,Buthylparaben, Carboner, Parfum, .<\/em><\/p>\n<p>&nbsp;<\/p>\n","protected":false},"excerpt":{"rendered":"<p><strong>Crema revitalizante de aloe vera | Pejoseca<\/strong><br \/>\n200ml | Pejoseca<\/p>\n","protected":false},"featured_media":1028,"template":"","meta":[],"product_brand":[],"product_cat":[20,42],"product_tag":[128,132],"class_list":{"0":"post-2232","1":"product","2":"type-product","3":"status-publish","4":"has-post-thumbnail","6":"product_cat-crema","7":"product_cat-cuidado-facial","8":"product_tag-aloe-vera-en-es","9":"product_tag-revitalisation-creme-es","11":"first","12":"outofstock","13":"shipping-taxable","14":"purchasable","15":"product-type-simple"},"yoast_head":"<!-- This site is optimized with the Yoast SEO plugin v27.3 - https:\/\/yoast.com\/product\/yoast-seo-wordpress\/ -->\n<title>Crema revitalizante de aloe vera | Pejoseca - Aloe Vera Shop - Naturales Canaria<\/title>\n<meta name=\"robots\" content=\"index, follow, max-snippet:-1, max-image-preview:large, max-video-preview:-1\" \/>\n<link rel=\"canonical\" href=\"https:\/\/www.naturales-canarias.com\/es\/productos\/crema-revitalizante-de-aloe-vera-pejoseca\/\" \/>\n<meta property=\"og:locale\" content=\"es_ES\" \/>\n<meta property=\"og:type\" content=\"article\" \/>\n<meta property=\"og:title\" content=\"Crema revitalizante de aloe vera | Pejoseca - Aloe Vera Shop - Naturales Canaria\" \/>\n<meta property=\"og:description\" content=\"Crema revitalizante de aloe vera | Pejoseca 200ml | Pejoseca\" \/>\n<meta property=\"og:url\" content=\"https:\/\/www.naturales-canarias.com\/es\/productos\/crema-revitalizante-de-aloe-vera-pejoseca\/\" \/>\n<meta property=\"og:site_name\" content=\"Aloe Vera Shop - Naturales Canaria\" \/>\n<meta property=\"article:publisher\" content=\"https:\/\/www.facebook.com\/Naturales-Canarias-Aloe-Vera-Shop-777293042339239\/?fref=ts\" \/>\n<meta property=\"article:modified_time\" content=\"2016-10-24T15:44:18+00:00\" \/>\n<meta property=\"og:image\" content=\"https:\/\/www.naturales-canarias.com\/wp-content\/uploads\/2015\/04\/1103Pejoseca_revitalization_creme.jpg\" \/>\n\t<meta property=\"og:image:width\" content=\"800\" \/>\n\t<meta property=\"og:image:height\" content=\"800\" \/>\n\t<meta property=\"og:image:type\" content=\"image\/jpeg\" \/>\n<meta name=\"twitter:label1\" content=\"Tiempo de lectura\" \/>\n\t<meta name=\"twitter:data1\" content=\"1 minuto\" \/>\n<script type=\"application\/ld+json\" class=\"yoast-schema-graph\">{\"@context\":\"https:\\\/\\\/schema.org\",\"@graph\":[{\"@type\":\"WebPage\",\"@id\":\"https:\\\/\\\/www.naturales-canarias.com\\\/es\\\/productos\\\/crema-revitalizante-de-aloe-vera-pejoseca\\\/\",\"url\":\"https:\\\/\\\/www.naturales-canarias.com\\\/es\\\/productos\\\/crema-revitalizante-de-aloe-vera-pejoseca\\\/\",\"name\":\"Crema revitalizante de aloe vera | Pejoseca - Aloe Vera Shop - Naturales Canaria\",\"isPartOf\":{\"@id\":\"https:\\\/\\\/www.naturales-canarias.com\\\/nl\\\/#website\"},\"primaryImageOfPage\":{\"@id\":\"https:\\\/\\\/www.naturales-canarias.com\\\/es\\\/productos\\\/crema-revitalizante-de-aloe-vera-pejoseca\\\/#primaryimage\"},\"image\":{\"@id\":\"https:\\\/\\\/www.naturales-canarias.com\\\/es\\\/productos\\\/crema-revitalizante-de-aloe-vera-pejoseca\\\/#primaryimage\"},\"thumbnailUrl\":\"https:\\\/\\\/www.naturales-canarias.com\\\/wp-content\\\/uploads\\\/2015\\\/04\\\/1103Pejoseca_revitalization_creme.jpg\",\"datePublished\":\"2015-04-15T08:16:17+00:00\",\"dateModified\":\"2016-10-24T15:44:18+00:00\",\"breadcrumb\":{\"@id\":\"https:\\\/\\\/www.naturales-canarias.com\\\/es\\\/productos\\\/crema-revitalizante-de-aloe-vera-pejoseca\\\/#breadcrumb\"},\"inLanguage\":\"es\",\"potentialAction\":[{\"@type\":\"ReadAction\",\"target\":[\"https:\\\/\\\/www.naturales-canarias.com\\\/es\\\/productos\\\/crema-revitalizante-de-aloe-vera-pejoseca\\\/\"]}]},{\"@type\":\"ImageObject\",\"inLanguage\":\"es\",\"@id\":\"https:\\\/\\\/www.naturales-canarias.com\\\/es\\\/productos\\\/crema-revitalizante-de-aloe-vera-pejoseca\\\/#primaryimage\",\"url\":\"https:\\\/\\\/www.naturales-canarias.com\\\/wp-content\\\/uploads\\\/2015\\\/04\\\/1103Pejoseca_revitalization_creme.jpg\",\"contentUrl\":\"https:\\\/\\\/www.naturales-canarias.com\\\/wp-content\\\/uploads\\\/2015\\\/04\\\/1103Pejoseca_revitalization_creme.jpg\",\"width\":800,\"height\":800},{\"@type\":\"BreadcrumbList\",\"@id\":\"https:\\\/\\\/www.naturales-canarias.com\\\/es\\\/productos\\\/crema-revitalizante-de-aloe-vera-pejoseca\\\/#breadcrumb\",\"itemListElement\":[{\"@type\":\"ListItem\",\"position\":1,\"name\":\"Home\",\"item\":\"https:\\\/\\\/www.naturales-canarias.com\\\/es\\\/\"},{\"@type\":\"ListItem\",\"position\":2,\"name\":\"Tienda\",\"item\":\"https:\\\/\\\/www.naturales-canarias.com\\\/es\\\/tienda\\\/\"},{\"@type\":\"ListItem\",\"position\":3,\"name\":\"Crema revitalizante de aloe vera | Pejoseca\"}]},{\"@type\":\"WebSite\",\"@id\":\"https:\\\/\\\/www.naturales-canarias.com\\\/nl\\\/#website\",\"url\":\"https:\\\/\\\/www.naturales-canarias.com\\\/nl\\\/\",\"name\":\"Aloe Vera Shop - Naturales Canaria\",\"description\":\"Productos de Aloe Vera de Canarias\",\"potentialAction\":[{\"@type\":\"SearchAction\",\"target\":{\"@type\":\"EntryPoint\",\"urlTemplate\":\"https:\\\/\\\/www.naturales-canarias.com\\\/nl\\\/?s={search_term_string}\"},\"query-input\":{\"@type\":\"PropertyValueSpecification\",\"valueRequired\":true,\"valueName\":\"search_term_string\"}}],\"inLanguage\":\"es\"}]}<\/script>\n<!-- \/ Yoast SEO plugin. -->","yoast_head_json":{"title":"Crema revitalizante de aloe vera | Pejoseca - Aloe Vera Shop - Naturales Canaria","robots":{"index":"index","follow":"follow","max-snippet":"max-snippet:-1","max-image-preview":"max-image-preview:large","max-video-preview":"max-video-preview:-1"},"canonical":"https:\/\/www.naturales-canarias.com\/es\/productos\/crema-revitalizante-de-aloe-vera-pejoseca\/","og_locale":"es_ES","og_type":"article","og_title":"Crema revitalizante de aloe vera | Pejoseca - Aloe Vera Shop - Naturales Canaria","og_description":"Crema revitalizante de aloe vera | Pejoseca 200ml | Pejoseca","og_url":"https:\/\/www.naturales-canarias.com\/es\/productos\/crema-revitalizante-de-aloe-vera-pejoseca\/","og_site_name":"Aloe Vera Shop - Naturales Canaria","article_publisher":"https:\/\/www.facebook.com\/Naturales-Canarias-Aloe-Vera-Shop-777293042339239\/?fref=ts","article_modified_time":"2016-10-24T15:44:18+00:00","og_image":[{"width":800,"height":800,"url":"https:\/\/www.naturales-canarias.com\/wp-content\/uploads\/2015\/04\/1103Pejoseca_revitalization_creme.jpg","type":"image\/jpeg"}],"twitter_misc":{"Tiempo de lectura":"1 minuto"},"schema":{"@context":"https:\/\/schema.org","@graph":[{"@type":"WebPage","@id":"https:\/\/www.naturales-canarias.com\/es\/productos\/crema-revitalizante-de-aloe-vera-pejoseca\/","url":"https:\/\/www.naturales-canarias.com\/es\/productos\/crema-revitalizante-de-aloe-vera-pejoseca\/","name":"Crema revitalizante de aloe vera | Pejoseca - Aloe Vera Shop - Naturales Canaria","isPartOf":{"@id":"https:\/\/www.naturales-canarias.com\/nl\/#website"},"primaryImageOfPage":{"@id":"https:\/\/www.naturales-canarias.com\/es\/productos\/crema-revitalizante-de-aloe-vera-pejoseca\/#primaryimage"},"image":{"@id":"https:\/\/www.naturales-canarias.com\/es\/productos\/crema-revitalizante-de-aloe-vera-pejoseca\/#primaryimage"},"thumbnailUrl":"https:\/\/www.naturales-canarias.com\/wp-content\/uploads\/2015\/04\/1103Pejoseca_revitalization_creme.jpg","datePublished":"2015-04-15T08:16:17+00:00","dateModified":"2016-10-24T15:44:18+00:00","breadcrumb":{"@id":"https:\/\/www.naturales-canarias.com\/es\/productos\/crema-revitalizante-de-aloe-vera-pejoseca\/#breadcrumb"},"inLanguage":"es","potentialAction":[{"@type":"ReadAction","target":["https:\/\/www.naturales-canarias.com\/es\/productos\/crema-revitalizante-de-aloe-vera-pejoseca\/"]}]},{"@type":"ImageObject","inLanguage":"es","@id":"https:\/\/www.naturales-canarias.com\/es\/productos\/crema-revitalizante-de-aloe-vera-pejoseca\/#primaryimage","url":"https:\/\/www.naturales-canarias.com\/wp-content\/uploads\/2015\/04\/1103Pejoseca_revitalization_creme.jpg","contentUrl":"https:\/\/www.naturales-canarias.com\/wp-content\/uploads\/2015\/04\/1103Pejoseca_revitalization_creme.jpg","width":800,"height":800},{"@type":"BreadcrumbList","@id":"https:\/\/www.naturales-canarias.com\/es\/productos\/crema-revitalizante-de-aloe-vera-pejoseca\/#breadcrumb","itemListElement":[{"@type":"ListItem","position":1,"name":"Home","item":"https:\/\/www.naturales-canarias.com\/es\/"},{"@type":"ListItem","position":2,"name":"Tienda","item":"https:\/\/www.naturales-canarias.com\/es\/tienda\/"},{"@type":"ListItem","position":3,"name":"Crema revitalizante de aloe vera | Pejoseca"}]},{"@type":"WebSite","@id":"https:\/\/www.naturales-canarias.com\/nl\/#website","url":"https:\/\/www.naturales-canarias.com\/nl\/","name":"Aloe Vera Shop - Naturales Canaria","description":"Productos de Aloe Vera de Canarias","potentialAction":[{"@type":"SearchAction","target":{"@type":"EntryPoint","urlTemplate":"https:\/\/www.naturales-canarias.com\/nl\/?s={search_term_string}"},"query-input":{"@type":"PropertyValueSpecification","valueRequired":true,"valueName":"search_term_string"}}],"inLanguage":"es"}]}},"_links":{"self":[{"href":"https:\/\/www.naturales-canarias.com\/es\/wp-json\/wp\/v2\/product\/2232","targetHints":{"allow":["GET"]}}],"collection":[{"href":"https:\/\/www.naturales-canarias.com\/es\/wp-json\/wp\/v2\/product"}],"about":[{"href":"https:\/\/www.naturales-canarias.com\/es\/wp-json\/wp\/v2\/types\/product"}],"wp:featuredmedia":[{"embeddable":true,"href":"https:\/\/www.naturales-canarias.com\/es\/wp-json\/wp\/v2\/media\/1028"}],"wp:attachment":[{"href":"https:\/\/www.naturales-canarias.com\/es\/wp-json\/wp\/v2\/media?parent=2232"}],"wp:term":[{"taxonomy":"product_brand","embeddable":true,"href":"https:\/\/www.naturales-canarias.com\/es\/wp-json\/wp\/v2\/product_brand?post=2232"},{"taxonomy":"product_cat","embeddable":true,"href":"https:\/\/www.naturales-canarias.com\/es\/wp-json\/wp\/v2\/product_cat?post=2232"},{"taxonomy":"product_tag","embeddable":true,"href":"https:\/\/www.naturales-canarias.com\/es\/wp-json\/wp\/v2\/product_tag?post=2232"}],"curies":[{"name":"wp","href":"https:\/\/api.w.org\/{rel}","templated":true}]}}