{"id":2243,"date":"2015-02-09T16:27:55","date_gmt":"2015-02-09T16:27:55","guid":{"rendered":"https:\/\/www.naturales-canarias.com\/es\/produkte\/aloe-vera-deo-roll-on-aromas-naturales\/"},"modified":"2016-10-24T16:26:29","modified_gmt":"2016-10-24T16:26:29","slug":"desodorante-de-aloe-vera-aromas-naturales","status":"publish","type":"product","link":"https:\/\/www.naturales-canarias.com\/es\/productos\/desodorante-de-aloe-vera-aromas-naturales\/","title":{"rendered":"Desodorante de aloe vera | Aromas naturales"},"content":{"rendered":"<p><strong>Desodorante de aloe vera<\/strong><\/p>\n<ul>\n<li>Conveniente para los hombres y las mujeres<\/li>\n<li>Muy bien tolerado debido al alto contenido de aloe vera<\/li>\n<\/ul>\n<p>\u00a0<\/p>\n<p style=\"text-align: justify;\">Suave y fiable protecci\u00f3n contra el olor corporal y el sudor. Sensaci\u00f3n muy suave despu\u00e9s del afeitado. Proporciona una sensaci\u00f3n agradable y fresca.<\/p>\n<p>\u00a0<\/p>\n<hr \/>\n<p>\u00a0<\/p>\n<p><strong>Capacidad :<\/strong> 75ml<\/p>\n<p><strong>Proveedor:<\/strong> Aromas naturales<\/p>\n<p>\u00a0<\/p>\n<p style=\"text-align: justify;\"><em><strong>Ingedientes:<\/strong> Aqua, Peg-7 Glyceril Cocoate, Aloe barbadensis, Sorbitol, Cupressus Sempervirens Extract, Methylcellulose, Farnesol, Parfum, Methylchloroisothiazolinone, Methylisothiazolinone, Linalool.<\/em><\/p>\n<p>\u00a0<\/p>\n","protected":false},"excerpt":{"rendered":"<p><strong>Desodorante de aloe vera | Aromas naturales<\/strong><br \/>\n75ml | Aromas naturales<\/p>\n","protected":false},"featured_media":366,"template":"","meta":[],"product_brand":[],"product_cat":[25],"product_tag":[],"class_list":{"0":"post-2243","1":"product","2":"type-product","3":"status-publish","4":"has-post-thumbnail","6":"product_cat-gel-es","8":"first","9":"instock","10":"shipping-taxable","11":"purchasable","12":"product-type-simple"},"yoast_head":"<!-- This site is optimized with the Yoast SEO plugin v27.5 - https:\/\/yoast.com\/product\/yoast-seo-wordpress\/ -->\n<title>Desodorante de aloe vera | Aromas naturales - Aloe Vera Shop - Naturales Canaria<\/title>\n<meta name=\"robots\" content=\"index, follow, max-snippet:-1, max-image-preview:large, max-video-preview:-1\" \/>\n<link rel=\"canonical\" href=\"https:\/\/www.naturales-canarias.com\/es\/productos\/desodorante-de-aloe-vera-aromas-naturales\/\" \/>\n<meta property=\"og:locale\" content=\"es_ES\" \/>\n<meta property=\"og:type\" content=\"article\" \/>\n<meta property=\"og:title\" content=\"Desodorante de aloe vera | Aromas naturales - Aloe Vera Shop - Naturales Canaria\" \/>\n<meta property=\"og:description\" content=\"Desodorante de aloe vera | Aromas naturales 75ml | Aromas naturales\" \/>\n<meta property=\"og:url\" content=\"https:\/\/www.naturales-canarias.com\/es\/productos\/desodorante-de-aloe-vera-aromas-naturales\/\" \/>\n<meta property=\"og:site_name\" content=\"Aloe Vera Shop - Naturales Canaria\" \/>\n<meta property=\"article:publisher\" content=\"https:\/\/www.facebook.com\/Naturales-Canarias-Aloe-Vera-Shop-777293042339239\/?fref=ts\" \/>\n<meta property=\"article:modified_time\" content=\"2016-10-24T16:26:29+00:00\" \/>\n<meta property=\"og:image\" content=\"https:\/\/www.naturales-canarias.com\/wp-content\/uploads\/2015\/02\/1300Aromas_deo.jpg\" \/>\n\t<meta property=\"og:image:width\" content=\"800\" \/>\n\t<meta property=\"og:image:height\" content=\"800\" \/>\n\t<meta property=\"og:image:type\" content=\"image\/jpeg\" \/>\n<script type=\"application\/ld+json\" class=\"yoast-schema-graph\">{\"@context\":\"https:\\\/\\\/schema.org\",\"@graph\":[{\"@type\":\"WebPage\",\"@id\":\"https:\\\/\\\/www.naturales-canarias.com\\\/es\\\/productos\\\/desodorante-de-aloe-vera-aromas-naturales\\\/\",\"url\":\"https:\\\/\\\/www.naturales-canarias.com\\\/es\\\/productos\\\/desodorante-de-aloe-vera-aromas-naturales\\\/\",\"name\":\"Desodorante de aloe vera | Aromas naturales - Aloe Vera Shop - Naturales Canaria\",\"isPartOf\":{\"@id\":\"https:\\\/\\\/www.naturales-canarias.com\\\/nl\\\/#website\"},\"primaryImageOfPage\":{\"@id\":\"https:\\\/\\\/www.naturales-canarias.com\\\/es\\\/productos\\\/desodorante-de-aloe-vera-aromas-naturales\\\/#primaryimage\"},\"image\":{\"@id\":\"https:\\\/\\\/www.naturales-canarias.com\\\/es\\\/productos\\\/desodorante-de-aloe-vera-aromas-naturales\\\/#primaryimage\"},\"thumbnailUrl\":\"https:\\\/\\\/www.naturales-canarias.com\\\/wp-content\\\/uploads\\\/2015\\\/02\\\/1300Aromas_deo.jpg\",\"datePublished\":\"2015-02-09T16:27:55+00:00\",\"dateModified\":\"2016-10-24T16:26:29+00:00\",\"breadcrumb\":{\"@id\":\"https:\\\/\\\/www.naturales-canarias.com\\\/es\\\/productos\\\/desodorante-de-aloe-vera-aromas-naturales\\\/#breadcrumb\"},\"inLanguage\":\"es\",\"potentialAction\":[{\"@type\":\"ReadAction\",\"target\":[\"https:\\\/\\\/www.naturales-canarias.com\\\/es\\\/productos\\\/desodorante-de-aloe-vera-aromas-naturales\\\/\"]}]},{\"@type\":\"ImageObject\",\"inLanguage\":\"es\",\"@id\":\"https:\\\/\\\/www.naturales-canarias.com\\\/es\\\/productos\\\/desodorante-de-aloe-vera-aromas-naturales\\\/#primaryimage\",\"url\":\"https:\\\/\\\/www.naturales-canarias.com\\\/wp-content\\\/uploads\\\/2015\\\/02\\\/1300Aromas_deo.jpg\",\"contentUrl\":\"https:\\\/\\\/www.naturales-canarias.com\\\/wp-content\\\/uploads\\\/2015\\\/02\\\/1300Aromas_deo.jpg\",\"width\":800,\"height\":800},{\"@type\":\"BreadcrumbList\",\"@id\":\"https:\\\/\\\/www.naturales-canarias.com\\\/es\\\/productos\\\/desodorante-de-aloe-vera-aromas-naturales\\\/#breadcrumb\",\"itemListElement\":[{\"@type\":\"ListItem\",\"position\":1,\"name\":\"Home\",\"item\":\"https:\\\/\\\/www.naturales-canarias.com\\\/es\\\/\"},{\"@type\":\"ListItem\",\"position\":2,\"name\":\"Tienda\",\"item\":\"https:\\\/\\\/www.naturales-canarias.com\\\/es\\\/tienda\\\/\"},{\"@type\":\"ListItem\",\"position\":3,\"name\":\"Desodorante de aloe vera | Aromas naturales\"}]},{\"@type\":\"WebSite\",\"@id\":\"https:\\\/\\\/www.naturales-canarias.com\\\/nl\\\/#website\",\"url\":\"https:\\\/\\\/www.naturales-canarias.com\\\/nl\\\/\",\"name\":\"Aloe Vera Shop - Naturales Canaria\",\"description\":\"Productos de Aloe Vera de Canarias\",\"potentialAction\":[{\"@type\":\"SearchAction\",\"target\":{\"@type\":\"EntryPoint\",\"urlTemplate\":\"https:\\\/\\\/www.naturales-canarias.com\\\/nl\\\/?s={search_term_string}\"},\"query-input\":{\"@type\":\"PropertyValueSpecification\",\"valueRequired\":true,\"valueName\":\"search_term_string\"}}],\"inLanguage\":\"es\"}]}<\/script>\n<!-- \/ Yoast SEO plugin. -->","yoast_head_json":{"title":"Desodorante de aloe vera | Aromas naturales - Aloe Vera Shop - Naturales Canaria","robots":{"index":"index","follow":"follow","max-snippet":"max-snippet:-1","max-image-preview":"max-image-preview:large","max-video-preview":"max-video-preview:-1"},"canonical":"https:\/\/www.naturales-canarias.com\/es\/productos\/desodorante-de-aloe-vera-aromas-naturales\/","og_locale":"es_ES","og_type":"article","og_title":"Desodorante de aloe vera | Aromas naturales - Aloe Vera Shop - Naturales Canaria","og_description":"Desodorante de aloe vera | Aromas naturales 75ml | Aromas naturales","og_url":"https:\/\/www.naturales-canarias.com\/es\/productos\/desodorante-de-aloe-vera-aromas-naturales\/","og_site_name":"Aloe Vera Shop - Naturales Canaria","article_publisher":"https:\/\/www.facebook.com\/Naturales-Canarias-Aloe-Vera-Shop-777293042339239\/?fref=ts","article_modified_time":"2016-10-24T16:26:29+00:00","og_image":[{"width":800,"height":800,"url":"https:\/\/www.naturales-canarias.com\/wp-content\/uploads\/2015\/02\/1300Aromas_deo.jpg","type":"image\/jpeg"}],"schema":{"@context":"https:\/\/schema.org","@graph":[{"@type":"WebPage","@id":"https:\/\/www.naturales-canarias.com\/es\/productos\/desodorante-de-aloe-vera-aromas-naturales\/","url":"https:\/\/www.naturales-canarias.com\/es\/productos\/desodorante-de-aloe-vera-aromas-naturales\/","name":"Desodorante de aloe vera | Aromas naturales - Aloe Vera Shop - Naturales Canaria","isPartOf":{"@id":"https:\/\/www.naturales-canarias.com\/nl\/#website"},"primaryImageOfPage":{"@id":"https:\/\/www.naturales-canarias.com\/es\/productos\/desodorante-de-aloe-vera-aromas-naturales\/#primaryimage"},"image":{"@id":"https:\/\/www.naturales-canarias.com\/es\/productos\/desodorante-de-aloe-vera-aromas-naturales\/#primaryimage"},"thumbnailUrl":"https:\/\/www.naturales-canarias.com\/wp-content\/uploads\/2015\/02\/1300Aromas_deo.jpg","datePublished":"2015-02-09T16:27:55+00:00","dateModified":"2016-10-24T16:26:29+00:00","breadcrumb":{"@id":"https:\/\/www.naturales-canarias.com\/es\/productos\/desodorante-de-aloe-vera-aromas-naturales\/#breadcrumb"},"inLanguage":"es","potentialAction":[{"@type":"ReadAction","target":["https:\/\/www.naturales-canarias.com\/es\/productos\/desodorante-de-aloe-vera-aromas-naturales\/"]}]},{"@type":"ImageObject","inLanguage":"es","@id":"https:\/\/www.naturales-canarias.com\/es\/productos\/desodorante-de-aloe-vera-aromas-naturales\/#primaryimage","url":"https:\/\/www.naturales-canarias.com\/wp-content\/uploads\/2015\/02\/1300Aromas_deo.jpg","contentUrl":"https:\/\/www.naturales-canarias.com\/wp-content\/uploads\/2015\/02\/1300Aromas_deo.jpg","width":800,"height":800},{"@type":"BreadcrumbList","@id":"https:\/\/www.naturales-canarias.com\/es\/productos\/desodorante-de-aloe-vera-aromas-naturales\/#breadcrumb","itemListElement":[{"@type":"ListItem","position":1,"name":"Home","item":"https:\/\/www.naturales-canarias.com\/es\/"},{"@type":"ListItem","position":2,"name":"Tienda","item":"https:\/\/www.naturales-canarias.com\/es\/tienda\/"},{"@type":"ListItem","position":3,"name":"Desodorante de aloe vera | Aromas naturales"}]},{"@type":"WebSite","@id":"https:\/\/www.naturales-canarias.com\/nl\/#website","url":"https:\/\/www.naturales-canarias.com\/nl\/","name":"Aloe Vera Shop - Naturales Canaria","description":"Productos de Aloe Vera de Canarias","potentialAction":[{"@type":"SearchAction","target":{"@type":"EntryPoint","urlTemplate":"https:\/\/www.naturales-canarias.com\/nl\/?s={search_term_string}"},"query-input":{"@type":"PropertyValueSpecification","valueRequired":true,"valueName":"search_term_string"}}],"inLanguage":"es"}]}},"_links":{"self":[{"href":"https:\/\/www.naturales-canarias.com\/es\/wp-json\/wp\/v2\/product\/2243","targetHints":{"allow":["GET"]}}],"collection":[{"href":"https:\/\/www.naturales-canarias.com\/es\/wp-json\/wp\/v2\/product"}],"about":[{"href":"https:\/\/www.naturales-canarias.com\/es\/wp-json\/wp\/v2\/types\/product"}],"wp:featuredmedia":[{"embeddable":true,"href":"https:\/\/www.naturales-canarias.com\/es\/wp-json\/wp\/v2\/media\/366"}],"wp:attachment":[{"href":"https:\/\/www.naturales-canarias.com\/es\/wp-json\/wp\/v2\/media?parent=2243"}],"wp:term":[{"taxonomy":"product_brand","embeddable":true,"href":"https:\/\/www.naturales-canarias.com\/es\/wp-json\/wp\/v2\/product_brand?post=2243"},{"taxonomy":"product_cat","embeddable":true,"href":"https:\/\/www.naturales-canarias.com\/es\/wp-json\/wp\/v2\/product_cat?post=2243"},{"taxonomy":"product_tag","embeddable":true,"href":"https:\/\/www.naturales-canarias.com\/es\/wp-json\/wp\/v2\/product_tag?post=2243"}],"curies":[{"name":"wp","href":"https:\/\/api.w.org\/{rel}","templated":true}]}}