{"id":2247,"date":"2015-02-09T16:27:27","date_gmt":"2015-02-17T17:18:21","guid":{"rendered":"https:\/\/www.naturales-canarias.com\/es\/produkte\/aloe-vera-gel-100-aromas-naturales\/"},"modified":"2016-10-24T17:12:28","modified_gmt":"2016-10-24T17:12:28","slug":"gel-de-aloe-vera-100-aromas-naturales","status":"publish","type":"product","link":"https:\/\/www.naturales-canarias.com\/es\/productos\/gel-de-aloe-vera-100-aromas-naturales\/","title":{"rendered":"Gel de aloe vera 100% | Aromas Naturales"},"content":{"rendered":"<p><strong>Gel de aloe vera de Gran Canaria extra\u00eddo en fr\u00edo<\/strong><\/p>\n<p>&nbsp;<\/p>\n<p>El gel de aloe vera es aproximadamente 99,6% de aloe vera puro. El elevado n\u00famero de nutrientes naturales que componen la planta de aloe vera canaria, le permite tener efectos positivos sobre la humedad y la elasticidad de la piel. El gel de aloe hace que la piel quede suave, tersa y humecta. Adem\u00e1s, el gel de aloe vera es ideal para la revitalizaci\u00f3n de las c\u00e9lulas de la piel y ayuda a la curaci\u00f3n de las quemaduras solares as\u00ed como a la piel reci\u00e9n afeitada e irritada.<\/p>\n<p>&nbsp;<\/p>\n<hr \/>\n<p>&nbsp;<\/p>\n<p><strong>Capacidad:<\/strong> 500ml<\/p>\n<p><strong>Proveedor:<\/strong> Aromas Naturales<\/p>\n<p>&nbsp;<\/p>\n<p style=\"text-align: justify;\"><em><strong>Ingrediendes:<\/strong> Aloe barbadensis Extract, Agua, Chamomilla Recutita Oil, Carbomer, Triethanolamine, Imidazolidinyl Urea, Methylchloroisothiazoline, methylisothiazolinone, Parfum.<\/em><\/p>\n<p>&nbsp;<\/p>\n","protected":false},"excerpt":{"rendered":"<p><strong>Gel de aloe vera de Gran Canaria extra\u00eddo en fr\u00edo<\/strong><br \/>\n500ml | Aromas Naturales<\/p>\n","protected":false},"featured_media":3992,"template":"","meta":[],"product_brand":[],"product_cat":[47,42,25],"product_tag":[],"class_list":{"0":"post-2247","1":"product","2":"type-product","3":"status-publish","4":"has-post-thumbnail","6":"product_cat-cuerpo","7":"product_cat-cuidado-facial","8":"product_cat-gel-es","10":"first","11":"instock","12":"shipping-taxable","13":"purchasable","14":"product-type-simple"},"yoast_head":"<!-- This site is optimized with the Yoast SEO plugin v27.5 - https:\/\/yoast.com\/product\/yoast-seo-wordpress\/ -->\n<title>Gel de aloe vera 100% | Aromas Naturales - Aloe Vera Shop - Naturales Canaria<\/title>\n<meta name=\"robots\" content=\"index, follow, max-snippet:-1, max-image-preview:large, max-video-preview:-1\" \/>\n<link rel=\"canonical\" href=\"https:\/\/www.naturales-canarias.com\/es\/productos\/gel-de-aloe-vera-100-aromas-naturales\/\" \/>\n<meta property=\"og:locale\" content=\"es_ES\" \/>\n<meta property=\"og:type\" content=\"article\" \/>\n<meta property=\"og:title\" content=\"Gel de aloe vera 100% | Aromas Naturales - Aloe Vera Shop - Naturales Canaria\" \/>\n<meta property=\"og:description\" content=\"Gel de aloe vera de Gran Canaria extra\u00eddo en fr\u00edo 500ml | Aromas Naturales\" \/>\n<meta property=\"og:url\" content=\"https:\/\/www.naturales-canarias.com\/es\/productos\/gel-de-aloe-vera-100-aromas-naturales\/\" \/>\n<meta property=\"og:site_name\" content=\"Aloe Vera Shop - Naturales Canaria\" \/>\n<meta property=\"article:publisher\" content=\"https:\/\/www.facebook.com\/Naturales-Canarias-Aloe-Vera-Shop-777293042339239\/?fref=ts\" \/>\n<meta property=\"article:modified_time\" content=\"2016-10-24T17:12:28+00:00\" \/>\n<meta property=\"og:image\" content=\"https:\/\/www.naturales-canarias.com\/wp-content\/uploads\/2019\/01\/aloe-100-gross-naturales-canarias.jpg\" \/>\n\t<meta property=\"og:image:width\" content=\"800\" \/>\n\t<meta property=\"og:image:height\" content=\"800\" \/>\n\t<meta property=\"og:image:type\" content=\"image\/jpeg\" \/>\n<meta name=\"twitter:label1\" content=\"Tiempo de lectura\" \/>\n\t<meta name=\"twitter:data1\" content=\"1 minuto\" \/>\n<script type=\"application\/ld+json\" class=\"yoast-schema-graph\">{\"@context\":\"https:\\\/\\\/schema.org\",\"@graph\":[{\"@type\":\"WebPage\",\"@id\":\"https:\\\/\\\/www.naturales-canarias.com\\\/es\\\/productos\\\/gel-de-aloe-vera-100-aromas-naturales\\\/\",\"url\":\"https:\\\/\\\/www.naturales-canarias.com\\\/es\\\/productos\\\/gel-de-aloe-vera-100-aromas-naturales\\\/\",\"name\":\"Gel de aloe vera 100% | Aromas Naturales - Aloe Vera Shop - Naturales Canaria\",\"isPartOf\":{\"@id\":\"https:\\\/\\\/www.naturales-canarias.com\\\/nl\\\/#website\"},\"primaryImageOfPage\":{\"@id\":\"https:\\\/\\\/www.naturales-canarias.com\\\/es\\\/productos\\\/gel-de-aloe-vera-100-aromas-naturales\\\/#primaryimage\"},\"image\":{\"@id\":\"https:\\\/\\\/www.naturales-canarias.com\\\/es\\\/productos\\\/gel-de-aloe-vera-100-aromas-naturales\\\/#primaryimage\"},\"thumbnailUrl\":\"https:\\\/\\\/www.naturales-canarias.com\\\/wp-content\\\/uploads\\\/2019\\\/01\\\/aloe-100-gross-naturales-canarias.jpg\",\"datePublished\":\"2015-02-17T17:18:21+00:00\",\"dateModified\":\"2016-10-24T17:12:28+00:00\",\"breadcrumb\":{\"@id\":\"https:\\\/\\\/www.naturales-canarias.com\\\/es\\\/productos\\\/gel-de-aloe-vera-100-aromas-naturales\\\/#breadcrumb\"},\"inLanguage\":\"es\",\"potentialAction\":[{\"@type\":\"ReadAction\",\"target\":[\"https:\\\/\\\/www.naturales-canarias.com\\\/es\\\/productos\\\/gel-de-aloe-vera-100-aromas-naturales\\\/\"]}]},{\"@type\":\"ImageObject\",\"inLanguage\":\"es\",\"@id\":\"https:\\\/\\\/www.naturales-canarias.com\\\/es\\\/productos\\\/gel-de-aloe-vera-100-aromas-naturales\\\/#primaryimage\",\"url\":\"https:\\\/\\\/www.naturales-canarias.com\\\/wp-content\\\/uploads\\\/2019\\\/01\\\/aloe-100-gross-naturales-canarias.jpg\",\"contentUrl\":\"https:\\\/\\\/www.naturales-canarias.com\\\/wp-content\\\/uploads\\\/2019\\\/01\\\/aloe-100-gross-naturales-canarias.jpg\",\"width\":800,\"height\":800},{\"@type\":\"BreadcrumbList\",\"@id\":\"https:\\\/\\\/www.naturales-canarias.com\\\/es\\\/productos\\\/gel-de-aloe-vera-100-aromas-naturales\\\/#breadcrumb\",\"itemListElement\":[{\"@type\":\"ListItem\",\"position\":1,\"name\":\"Home\",\"item\":\"https:\\\/\\\/www.naturales-canarias.com\\\/es\\\/\"},{\"@type\":\"ListItem\",\"position\":2,\"name\":\"Tienda\",\"item\":\"https:\\\/\\\/www.naturales-canarias.com\\\/es\\\/tienda\\\/\"},{\"@type\":\"ListItem\",\"position\":3,\"name\":\"Gel de aloe vera 100% | Aromas Naturales\"}]},{\"@type\":\"WebSite\",\"@id\":\"https:\\\/\\\/www.naturales-canarias.com\\\/nl\\\/#website\",\"url\":\"https:\\\/\\\/www.naturales-canarias.com\\\/nl\\\/\",\"name\":\"Aloe Vera Shop - Naturales Canaria\",\"description\":\"Productos de Aloe Vera de Canarias\",\"potentialAction\":[{\"@type\":\"SearchAction\",\"target\":{\"@type\":\"EntryPoint\",\"urlTemplate\":\"https:\\\/\\\/www.naturales-canarias.com\\\/nl\\\/?s={search_term_string}\"},\"query-input\":{\"@type\":\"PropertyValueSpecification\",\"valueRequired\":true,\"valueName\":\"search_term_string\"}}],\"inLanguage\":\"es\"}]}<\/script>\n<!-- \/ Yoast SEO plugin. -->","yoast_head_json":{"title":"Gel de aloe vera 100% | Aromas Naturales - Aloe Vera Shop - Naturales Canaria","robots":{"index":"index","follow":"follow","max-snippet":"max-snippet:-1","max-image-preview":"max-image-preview:large","max-video-preview":"max-video-preview:-1"},"canonical":"https:\/\/www.naturales-canarias.com\/es\/productos\/gel-de-aloe-vera-100-aromas-naturales\/","og_locale":"es_ES","og_type":"article","og_title":"Gel de aloe vera 100% | Aromas Naturales - Aloe Vera Shop - Naturales Canaria","og_description":"Gel de aloe vera de Gran Canaria extra\u00eddo en fr\u00edo 500ml | Aromas Naturales","og_url":"https:\/\/www.naturales-canarias.com\/es\/productos\/gel-de-aloe-vera-100-aromas-naturales\/","og_site_name":"Aloe Vera Shop - Naturales Canaria","article_publisher":"https:\/\/www.facebook.com\/Naturales-Canarias-Aloe-Vera-Shop-777293042339239\/?fref=ts","article_modified_time":"2016-10-24T17:12:28+00:00","og_image":[{"width":800,"height":800,"url":"https:\/\/www.naturales-canarias.com\/wp-content\/uploads\/2019\/01\/aloe-100-gross-naturales-canarias.jpg","type":"image\/jpeg"}],"twitter_misc":{"Tiempo de lectura":"1 minuto"},"schema":{"@context":"https:\/\/schema.org","@graph":[{"@type":"WebPage","@id":"https:\/\/www.naturales-canarias.com\/es\/productos\/gel-de-aloe-vera-100-aromas-naturales\/","url":"https:\/\/www.naturales-canarias.com\/es\/productos\/gel-de-aloe-vera-100-aromas-naturales\/","name":"Gel de aloe vera 100% | Aromas Naturales - Aloe Vera Shop - Naturales Canaria","isPartOf":{"@id":"https:\/\/www.naturales-canarias.com\/nl\/#website"},"primaryImageOfPage":{"@id":"https:\/\/www.naturales-canarias.com\/es\/productos\/gel-de-aloe-vera-100-aromas-naturales\/#primaryimage"},"image":{"@id":"https:\/\/www.naturales-canarias.com\/es\/productos\/gel-de-aloe-vera-100-aromas-naturales\/#primaryimage"},"thumbnailUrl":"https:\/\/www.naturales-canarias.com\/wp-content\/uploads\/2019\/01\/aloe-100-gross-naturales-canarias.jpg","datePublished":"2015-02-17T17:18:21+00:00","dateModified":"2016-10-24T17:12:28+00:00","breadcrumb":{"@id":"https:\/\/www.naturales-canarias.com\/es\/productos\/gel-de-aloe-vera-100-aromas-naturales\/#breadcrumb"},"inLanguage":"es","potentialAction":[{"@type":"ReadAction","target":["https:\/\/www.naturales-canarias.com\/es\/productos\/gel-de-aloe-vera-100-aromas-naturales\/"]}]},{"@type":"ImageObject","inLanguage":"es","@id":"https:\/\/www.naturales-canarias.com\/es\/productos\/gel-de-aloe-vera-100-aromas-naturales\/#primaryimage","url":"https:\/\/www.naturales-canarias.com\/wp-content\/uploads\/2019\/01\/aloe-100-gross-naturales-canarias.jpg","contentUrl":"https:\/\/www.naturales-canarias.com\/wp-content\/uploads\/2019\/01\/aloe-100-gross-naturales-canarias.jpg","width":800,"height":800},{"@type":"BreadcrumbList","@id":"https:\/\/www.naturales-canarias.com\/es\/productos\/gel-de-aloe-vera-100-aromas-naturales\/#breadcrumb","itemListElement":[{"@type":"ListItem","position":1,"name":"Home","item":"https:\/\/www.naturales-canarias.com\/es\/"},{"@type":"ListItem","position":2,"name":"Tienda","item":"https:\/\/www.naturales-canarias.com\/es\/tienda\/"},{"@type":"ListItem","position":3,"name":"Gel de aloe vera 100% | Aromas Naturales"}]},{"@type":"WebSite","@id":"https:\/\/www.naturales-canarias.com\/nl\/#website","url":"https:\/\/www.naturales-canarias.com\/nl\/","name":"Aloe Vera Shop - Naturales Canaria","description":"Productos de Aloe Vera de Canarias","potentialAction":[{"@type":"SearchAction","target":{"@type":"EntryPoint","urlTemplate":"https:\/\/www.naturales-canarias.com\/nl\/?s={search_term_string}"},"query-input":{"@type":"PropertyValueSpecification","valueRequired":true,"valueName":"search_term_string"}}],"inLanguage":"es"}]}},"_links":{"self":[{"href":"https:\/\/www.naturales-canarias.com\/es\/wp-json\/wp\/v2\/product\/2247","targetHints":{"allow":["GET"]}}],"collection":[{"href":"https:\/\/www.naturales-canarias.com\/es\/wp-json\/wp\/v2\/product"}],"about":[{"href":"https:\/\/www.naturales-canarias.com\/es\/wp-json\/wp\/v2\/types\/product"}],"wp:featuredmedia":[{"embeddable":true,"href":"https:\/\/www.naturales-canarias.com\/es\/wp-json\/wp\/v2\/media\/3992"}],"wp:attachment":[{"href":"https:\/\/www.naturales-canarias.com\/es\/wp-json\/wp\/v2\/media?parent=2247"}],"wp:term":[{"taxonomy":"product_brand","embeddable":true,"href":"https:\/\/www.naturales-canarias.com\/es\/wp-json\/wp\/v2\/product_brand?post=2247"},{"taxonomy":"product_cat","embeddable":true,"href":"https:\/\/www.naturales-canarias.com\/es\/wp-json\/wp\/v2\/product_cat?post=2247"},{"taxonomy":"product_tag","embeddable":true,"href":"https:\/\/www.naturales-canarias.com\/es\/wp-json\/wp\/v2\/product_tag?post=2247"}],"curies":[{"name":"wp","href":"https:\/\/api.w.org\/{rel}","templated":true}]}}