{"id":2253,"date":"2015-02-09T16:27:40","date_gmt":"2015-02-17T16:13:00","guid":{"rendered":"https:\/\/www.naturales-canarias.com\/es\/produkte\/aloe-vera-facial-creme-24h-dermetiks\/"},"modified":"2017-01-16T08:23:08","modified_gmt":"2017-01-16T08:23:08","slug":"crema-para-la-cara-de-aloe-vera-24h-dermetiks","status":"publish","type":"product","link":"https:\/\/www.naturales-canarias.com\/es\/productos\/crema-para-la-cara-de-aloe-vera-24h-dermetiks\/","title":{"rendered":"Crema para la cara de Aloe Vera 24H retinol y baba de caracol | Dermetiks"},"content":{"rendered":"<p><strong>Crema para la cara de Aloe Vera contra el envejecimiento de 24h  retinol y baba de caracol <\/strong><\/p>\n<ul>\n<li>Contiene aloe vera, baba de caracol, rosa almizcle, retinol y cal\u00e9ndula<\/li>\n<li>Crema para d\u00eda y noche<\/li>\n<\/ul>\n<p>\u00a0<\/p>\n<p style=\"text-align: justify;\">La crema facial de aloe vera contra el envejecimiento es para el cuidado durante \u00abtodo el d\u00eda\u00bb y adecuada para la piel exigente. Se adapta perfectamente a la piel para personas de m\u00e1s de 30 a\u00f1os y contrarresta las arrugas y la p\u00e9rdida de elasticidad. Una crema facial de alta calidad con propiedades hidratantes, reafirmantes y sustancias nutritivas. El efecto hidratante de aloe vera se combina con el efecto anti-arrugas de las babas de caracol y retinol. Las propiedades nutritivas de la rosa silvestre y la suavidad de cal\u00e9ndula le brindan armon\u00eda a este producto.<\/p>\n<p>\u00a0<\/p>\n<hr \/>\n<p>\u00a0<\/p>\n<p><strong>Capacidad:<\/strong> 100ml<\/p>\n<p><strong>Proveedor:<\/strong> Dermetiks<\/p>\n<p>\u00a0<\/p>\n<p style=\"text-align: justify;\"><em><strong>Ingredientes:<\/strong> Aloe barbadensis leaf extract, Aqua, Isononyl isononanoate, Dimethicone, Glycerin, helix Aspersa, Roa Moschata Seed Oil, Retinyl Palmitate, Calendula Officialis Flower extract, Butyrospermum Parkii Butter, Glyceryl Stearate Se, Paraffinum Liqidum, ceteareth 12, Imidazolidinyl Urea, Cetyl Alcohol, Isopropyl Myristate, Stearic Acid, Carbomer, Triethanolamine, Ceteareth 20, Cyclopentasiloxane, Ppg\/Peg 14\/4 Dimethicone, Potassium Sorbate, Cetearyl Alcohol, Ozokerite, Disodium Edta, Bht, Magnesium Nitrate, Methylchloroisothiazolinone, Magnesium Chloride, Methylisothiazolinone, Sodium Benzoate, Parfum.<\/em><\/p>\n<p>\u00a0<\/p>\n","protected":false},"excerpt":{"rendered":"<p><strong>Crema para la cara de Aloe Vera 24H retinol y baba de caracol | Dermetiks<\/strong><br \/>\n100ml | Dermetiks<\/p>\n","protected":false},"featured_media":428,"template":"","meta":[],"product_brand":[],"product_cat":[164,20,42],"product_tag":[],"class_list":{"0":"post-2253","1":"product","2":"type-product","3":"status-publish","4":"has-post-thumbnail","6":"product_cat-baba-de-caracol","7":"product_cat-crema","8":"product_cat-cuidado-facial","10":"first","11":"instock","12":"shipping-taxable","13":"purchasable","14":"product-type-simple"},"yoast_head":"<!-- This site is optimized with the Yoast SEO plugin v27.3 - https:\/\/yoast.com\/product\/yoast-seo-wordpress\/ -->\n<title>Crema para la cara de Aloe Vera 24H retinol y baba de caracol | Dermetiks - Aloe Vera Shop - Naturales Canaria<\/title>\n<meta name=\"robots\" content=\"index, follow, max-snippet:-1, max-image-preview:large, max-video-preview:-1\" \/>\n<link rel=\"canonical\" href=\"https:\/\/www.naturales-canarias.com\/es\/productos\/crema-para-la-cara-de-aloe-vera-24h-dermetiks\/\" \/>\n<meta property=\"og:locale\" content=\"es_ES\" \/>\n<meta property=\"og:type\" content=\"article\" \/>\n<meta property=\"og:title\" content=\"Crema para la cara de Aloe Vera 24H retinol y baba de caracol | Dermetiks - Aloe Vera Shop - Naturales Canaria\" \/>\n<meta property=\"og:description\" content=\"Crema para la cara de Aloe Vera 24H retinol y baba de caracol | Dermetiks 100ml | Dermetiks\" \/>\n<meta property=\"og:url\" content=\"https:\/\/www.naturales-canarias.com\/es\/productos\/crema-para-la-cara-de-aloe-vera-24h-dermetiks\/\" \/>\n<meta property=\"og:site_name\" content=\"Aloe Vera Shop - Naturales Canaria\" \/>\n<meta property=\"article:publisher\" content=\"https:\/\/www.facebook.com\/Naturales-Canarias-Aloe-Vera-Shop-777293042339239\/?fref=ts\" \/>\n<meta property=\"article:modified_time\" content=\"2017-01-16T08:23:08+00:00\" \/>\n<meta property=\"og:image\" content=\"https:\/\/www.naturales-canarias.com\/wp-content\/uploads\/2015\/02\/1400Dermetiks_antiage.jpg\" \/>\n\t<meta property=\"og:image:width\" content=\"800\" \/>\n\t<meta property=\"og:image:height\" content=\"800\" \/>\n\t<meta property=\"og:image:type\" content=\"image\/jpeg\" \/>\n<meta name=\"twitter:label1\" content=\"Tiempo de lectura\" \/>\n\t<meta name=\"twitter:data1\" content=\"1 minuto\" \/>\n<script type=\"application\/ld+json\" class=\"yoast-schema-graph\">{\"@context\":\"https:\\\/\\\/schema.org\",\"@graph\":[{\"@type\":\"WebPage\",\"@id\":\"https:\\\/\\\/www.naturales-canarias.com\\\/es\\\/productos\\\/crema-para-la-cara-de-aloe-vera-24h-dermetiks\\\/\",\"url\":\"https:\\\/\\\/www.naturales-canarias.com\\\/es\\\/productos\\\/crema-para-la-cara-de-aloe-vera-24h-dermetiks\\\/\",\"name\":\"Crema para la cara de Aloe Vera 24H retinol y baba de caracol | Dermetiks - Aloe Vera Shop - Naturales Canaria\",\"isPartOf\":{\"@id\":\"https:\\\/\\\/www.naturales-canarias.com\\\/nl\\\/#website\"},\"primaryImageOfPage\":{\"@id\":\"https:\\\/\\\/www.naturales-canarias.com\\\/es\\\/productos\\\/crema-para-la-cara-de-aloe-vera-24h-dermetiks\\\/#primaryimage\"},\"image\":{\"@id\":\"https:\\\/\\\/www.naturales-canarias.com\\\/es\\\/productos\\\/crema-para-la-cara-de-aloe-vera-24h-dermetiks\\\/#primaryimage\"},\"thumbnailUrl\":\"https:\\\/\\\/www.naturales-canarias.com\\\/wp-content\\\/uploads\\\/2015\\\/02\\\/1400Dermetiks_antiage.jpg\",\"datePublished\":\"2015-02-17T16:13:00+00:00\",\"dateModified\":\"2017-01-16T08:23:08+00:00\",\"breadcrumb\":{\"@id\":\"https:\\\/\\\/www.naturales-canarias.com\\\/es\\\/productos\\\/crema-para-la-cara-de-aloe-vera-24h-dermetiks\\\/#breadcrumb\"},\"inLanguage\":\"es\",\"potentialAction\":[{\"@type\":\"ReadAction\",\"target\":[\"https:\\\/\\\/www.naturales-canarias.com\\\/es\\\/productos\\\/crema-para-la-cara-de-aloe-vera-24h-dermetiks\\\/\"]}]},{\"@type\":\"ImageObject\",\"inLanguage\":\"es\",\"@id\":\"https:\\\/\\\/www.naturales-canarias.com\\\/es\\\/productos\\\/crema-para-la-cara-de-aloe-vera-24h-dermetiks\\\/#primaryimage\",\"url\":\"https:\\\/\\\/www.naturales-canarias.com\\\/wp-content\\\/uploads\\\/2015\\\/02\\\/1400Dermetiks_antiage.jpg\",\"contentUrl\":\"https:\\\/\\\/www.naturales-canarias.com\\\/wp-content\\\/uploads\\\/2015\\\/02\\\/1400Dermetiks_antiage.jpg\",\"width\":800,\"height\":800},{\"@type\":\"BreadcrumbList\",\"@id\":\"https:\\\/\\\/www.naturales-canarias.com\\\/es\\\/productos\\\/crema-para-la-cara-de-aloe-vera-24h-dermetiks\\\/#breadcrumb\",\"itemListElement\":[{\"@type\":\"ListItem\",\"position\":1,\"name\":\"Home\",\"item\":\"https:\\\/\\\/www.naturales-canarias.com\\\/es\\\/\"},{\"@type\":\"ListItem\",\"position\":2,\"name\":\"Tienda\",\"item\":\"https:\\\/\\\/www.naturales-canarias.com\\\/es\\\/tienda\\\/\"},{\"@type\":\"ListItem\",\"position\":3,\"name\":\"Crema para la cara de Aloe Vera 24H retinol y baba de caracol | Dermetiks\"}]},{\"@type\":\"WebSite\",\"@id\":\"https:\\\/\\\/www.naturales-canarias.com\\\/nl\\\/#website\",\"url\":\"https:\\\/\\\/www.naturales-canarias.com\\\/nl\\\/\",\"name\":\"Aloe Vera Shop - Naturales Canaria\",\"description\":\"Productos de Aloe Vera de Canarias\",\"potentialAction\":[{\"@type\":\"SearchAction\",\"target\":{\"@type\":\"EntryPoint\",\"urlTemplate\":\"https:\\\/\\\/www.naturales-canarias.com\\\/nl\\\/?s={search_term_string}\"},\"query-input\":{\"@type\":\"PropertyValueSpecification\",\"valueRequired\":true,\"valueName\":\"search_term_string\"}}],\"inLanguage\":\"es\"}]}<\/script>\n<!-- \/ Yoast SEO plugin. -->","yoast_head_json":{"title":"Crema para la cara de Aloe Vera 24H retinol y baba de caracol | Dermetiks - Aloe Vera Shop - Naturales Canaria","robots":{"index":"index","follow":"follow","max-snippet":"max-snippet:-1","max-image-preview":"max-image-preview:large","max-video-preview":"max-video-preview:-1"},"canonical":"https:\/\/www.naturales-canarias.com\/es\/productos\/crema-para-la-cara-de-aloe-vera-24h-dermetiks\/","og_locale":"es_ES","og_type":"article","og_title":"Crema para la cara de Aloe Vera 24H retinol y baba de caracol | Dermetiks - Aloe Vera Shop - Naturales Canaria","og_description":"Crema para la cara de Aloe Vera 24H retinol y baba de caracol | Dermetiks 100ml | Dermetiks","og_url":"https:\/\/www.naturales-canarias.com\/es\/productos\/crema-para-la-cara-de-aloe-vera-24h-dermetiks\/","og_site_name":"Aloe Vera Shop - Naturales Canaria","article_publisher":"https:\/\/www.facebook.com\/Naturales-Canarias-Aloe-Vera-Shop-777293042339239\/?fref=ts","article_modified_time":"2017-01-16T08:23:08+00:00","og_image":[{"width":800,"height":800,"url":"https:\/\/www.naturales-canarias.com\/wp-content\/uploads\/2015\/02\/1400Dermetiks_antiage.jpg","type":"image\/jpeg"}],"twitter_misc":{"Tiempo de lectura":"1 minuto"},"schema":{"@context":"https:\/\/schema.org","@graph":[{"@type":"WebPage","@id":"https:\/\/www.naturales-canarias.com\/es\/productos\/crema-para-la-cara-de-aloe-vera-24h-dermetiks\/","url":"https:\/\/www.naturales-canarias.com\/es\/productos\/crema-para-la-cara-de-aloe-vera-24h-dermetiks\/","name":"Crema para la cara de Aloe Vera 24H retinol y baba de caracol | Dermetiks - Aloe Vera Shop - Naturales Canaria","isPartOf":{"@id":"https:\/\/www.naturales-canarias.com\/nl\/#website"},"primaryImageOfPage":{"@id":"https:\/\/www.naturales-canarias.com\/es\/productos\/crema-para-la-cara-de-aloe-vera-24h-dermetiks\/#primaryimage"},"image":{"@id":"https:\/\/www.naturales-canarias.com\/es\/productos\/crema-para-la-cara-de-aloe-vera-24h-dermetiks\/#primaryimage"},"thumbnailUrl":"https:\/\/www.naturales-canarias.com\/wp-content\/uploads\/2015\/02\/1400Dermetiks_antiage.jpg","datePublished":"2015-02-17T16:13:00+00:00","dateModified":"2017-01-16T08:23:08+00:00","breadcrumb":{"@id":"https:\/\/www.naturales-canarias.com\/es\/productos\/crema-para-la-cara-de-aloe-vera-24h-dermetiks\/#breadcrumb"},"inLanguage":"es","potentialAction":[{"@type":"ReadAction","target":["https:\/\/www.naturales-canarias.com\/es\/productos\/crema-para-la-cara-de-aloe-vera-24h-dermetiks\/"]}]},{"@type":"ImageObject","inLanguage":"es","@id":"https:\/\/www.naturales-canarias.com\/es\/productos\/crema-para-la-cara-de-aloe-vera-24h-dermetiks\/#primaryimage","url":"https:\/\/www.naturales-canarias.com\/wp-content\/uploads\/2015\/02\/1400Dermetiks_antiage.jpg","contentUrl":"https:\/\/www.naturales-canarias.com\/wp-content\/uploads\/2015\/02\/1400Dermetiks_antiage.jpg","width":800,"height":800},{"@type":"BreadcrumbList","@id":"https:\/\/www.naturales-canarias.com\/es\/productos\/crema-para-la-cara-de-aloe-vera-24h-dermetiks\/#breadcrumb","itemListElement":[{"@type":"ListItem","position":1,"name":"Home","item":"https:\/\/www.naturales-canarias.com\/es\/"},{"@type":"ListItem","position":2,"name":"Tienda","item":"https:\/\/www.naturales-canarias.com\/es\/tienda\/"},{"@type":"ListItem","position":3,"name":"Crema para la cara de Aloe Vera 24H retinol y baba de caracol | Dermetiks"}]},{"@type":"WebSite","@id":"https:\/\/www.naturales-canarias.com\/nl\/#website","url":"https:\/\/www.naturales-canarias.com\/nl\/","name":"Aloe Vera Shop - Naturales Canaria","description":"Productos de Aloe Vera de Canarias","potentialAction":[{"@type":"SearchAction","target":{"@type":"EntryPoint","urlTemplate":"https:\/\/www.naturales-canarias.com\/nl\/?s={search_term_string}"},"query-input":{"@type":"PropertyValueSpecification","valueRequired":true,"valueName":"search_term_string"}}],"inLanguage":"es"}]}},"_links":{"self":[{"href":"https:\/\/www.naturales-canarias.com\/es\/wp-json\/wp\/v2\/product\/2253","targetHints":{"allow":["GET"]}}],"collection":[{"href":"https:\/\/www.naturales-canarias.com\/es\/wp-json\/wp\/v2\/product"}],"about":[{"href":"https:\/\/www.naturales-canarias.com\/es\/wp-json\/wp\/v2\/types\/product"}],"wp:featuredmedia":[{"embeddable":true,"href":"https:\/\/www.naturales-canarias.com\/es\/wp-json\/wp\/v2\/media\/428"}],"wp:attachment":[{"href":"https:\/\/www.naturales-canarias.com\/es\/wp-json\/wp\/v2\/media?parent=2253"}],"wp:term":[{"taxonomy":"product_brand","embeddable":true,"href":"https:\/\/www.naturales-canarias.com\/es\/wp-json\/wp\/v2\/product_brand?post=2253"},{"taxonomy":"product_cat","embeddable":true,"href":"https:\/\/www.naturales-canarias.com\/es\/wp-json\/wp\/v2\/product_cat?post=2253"},{"taxonomy":"product_tag","embeddable":true,"href":"https:\/\/www.naturales-canarias.com\/es\/wp-json\/wp\/v2\/product_tag?post=2253"}],"curies":[{"name":"wp","href":"https:\/\/api.w.org\/{rel}","templated":true}]}}