{"id":2254,"date":"2015-02-09T16:27:42","date_gmt":"2015-02-17T16:07:29","guid":{"rendered":"https:\/\/www.naturales-canarias.com\/es\/produkte\/aloe-vera-eye-creme-dermetiks\/"},"modified":"2016-10-24T16:50:51","modified_gmt":"2016-10-24T16:50:51","slug":"crema-de-ojos-de-aloe-vera-dermetiks","status":"publish","type":"product","link":"https:\/\/www.naturales-canarias.com\/es\/productos\/crema-de-ojos-de-aloe-vera-dermetiks\/","title":{"rendered":"Crema de ojos de aloe vera | Dermetiks"},"content":{"rendered":"<p><strong>Crema de ojos de aloe vera<\/strong><\/p>\n<ul>\n<li>Contiene aloe vera, aceite de jojoba, aceite de aguacate, manteca de karit\u00e9, hojas de vid roja y cal\u00e9ndulas<\/li>\n<li>Buena para mejorar la circulaci\u00f3n del contorno de los ojos<\/li>\n<\/ul>\n<p>&nbsp;<\/p>\n<p style=\"text-align: justify;\">Crema para los ojos con ingredientes activos que mejoran la circulaci\u00f3n sangu\u00ednea local, ayuda a reducir las l\u00edneas de expresi\u00f3n y las bolsas debajo de los ojos act\u00faa simult\u00e1neamente contra las peque\u00f1as arrugas, hidrata suavemente y nutre la piel delicada alrededor de los ojos.<\/p>\n<p>&nbsp;<\/p>\n<hr \/>\n<p>&nbsp;<\/p>\n<p><strong>Capacidad:<\/strong> 30ml<\/p>\n<p><strong>Proveedor:<\/strong> Dermetiks<\/p>\n<p>&nbsp;<\/p>\n<p style=\"text-align: justify;\"><em><strong>Ingredientes:<\/strong> Aloe barbadensis leaf juice, Aqua, Glycerin, Glyceryl Stearate Se, Caprylic\/Capric Triglyceride, Decil Oleate, Simmondsia chinensis seed Oil, Galactoarabinan, Glyceryl Carylate, Colantida seed extract, Euterpe Oleracea fruit extract, Cetearyl Alcohol, Cetyl Alcohol, Arachdyl Alcohol, Behenylalcohol, Arachidyl Glucoside, Buthyrospermum Parkll, Shea Butter, Tocopheryl Acetate, Vitis Vinfera (Grape) leaf extract, Ginko Biloba extract, Calendula Officinalis Flower extract, Mel extract, Ascorbyl Palmiate, Potassum Sorbate, Sodium Benzoate, Maltodextrin, Citric Acis, Benzoic Acid, Sodium Phyate, Ascorbic Acid, Glucoloctone, Calcium Gluconolactone, Parfum, Citral, Gefraniol, Limonene.<\/em><\/p>\n<p>&nbsp;<\/p>\n","protected":false},"excerpt":{"rendered":"<p><strong>Crema de ojos de aloe vera | Dermetiks<\/strong><br \/>\n30ml | Dermetiks<\/p>\n","protected":false},"featured_media":469,"template":"","meta":[],"product_brand":[],"product_cat":[20,42],"product_tag":[],"class_list":{"0":"post-2254","1":"product","2":"type-product","3":"status-publish","4":"has-post-thumbnail","6":"product_cat-crema","7":"product_cat-cuidado-facial","9":"first","10":"instock","11":"shipping-taxable","12":"purchasable","13":"product-type-simple"},"yoast_head":"<!-- This site is optimized with the Yoast SEO plugin v27.4 - https:\/\/yoast.com\/product\/yoast-seo-wordpress\/ -->\n<title>Crema de ojos de aloe vera | Dermetiks - Aloe Vera Shop - Naturales Canaria<\/title>\n<meta name=\"robots\" content=\"index, follow, max-snippet:-1, max-image-preview:large, max-video-preview:-1\" \/>\n<link rel=\"canonical\" href=\"https:\/\/www.naturales-canarias.com\/es\/productos\/crema-de-ojos-de-aloe-vera-dermetiks\/\" \/>\n<meta property=\"og:locale\" content=\"es_ES\" \/>\n<meta property=\"og:type\" content=\"article\" \/>\n<meta property=\"og:title\" content=\"Crema de ojos de aloe vera | Dermetiks - Aloe Vera Shop - Naturales Canaria\" \/>\n<meta property=\"og:description\" content=\"Crema de ojos de aloe vera | Dermetiks 30ml | Dermetiks\" \/>\n<meta property=\"og:url\" content=\"https:\/\/www.naturales-canarias.com\/es\/productos\/crema-de-ojos-de-aloe-vera-dermetiks\/\" \/>\n<meta property=\"og:site_name\" content=\"Aloe Vera Shop - Naturales Canaria\" \/>\n<meta property=\"article:publisher\" content=\"https:\/\/www.facebook.com\/Naturales-Canarias-Aloe-Vera-Shop-777293042339239\/?fref=ts\" \/>\n<meta property=\"article:modified_time\" content=\"2016-10-24T16:50:51+00:00\" \/>\n<meta property=\"og:image\" content=\"https:\/\/www.naturales-canarias.com\/wp-content\/uploads\/2015\/02\/1405Dermetiks_eyes.jpg\" \/>\n\t<meta property=\"og:image:width\" content=\"800\" \/>\n\t<meta property=\"og:image:height\" content=\"800\" \/>\n\t<meta property=\"og:image:type\" content=\"image\/jpeg\" \/>\n<meta name=\"twitter:label1\" content=\"Tiempo de lectura\" \/>\n\t<meta name=\"twitter:data1\" content=\"1 minuto\" \/>\n<script type=\"application\/ld+json\" class=\"yoast-schema-graph\">{\"@context\":\"https:\\\/\\\/schema.org\",\"@graph\":[{\"@type\":\"WebPage\",\"@id\":\"https:\\\/\\\/www.naturales-canarias.com\\\/es\\\/productos\\\/crema-de-ojos-de-aloe-vera-dermetiks\\\/\",\"url\":\"https:\\\/\\\/www.naturales-canarias.com\\\/es\\\/productos\\\/crema-de-ojos-de-aloe-vera-dermetiks\\\/\",\"name\":\"Crema de ojos de aloe vera | Dermetiks - Aloe Vera Shop - Naturales Canaria\",\"isPartOf\":{\"@id\":\"https:\\\/\\\/www.naturales-canarias.com\\\/nl\\\/#website\"},\"primaryImageOfPage\":{\"@id\":\"https:\\\/\\\/www.naturales-canarias.com\\\/es\\\/productos\\\/crema-de-ojos-de-aloe-vera-dermetiks\\\/#primaryimage\"},\"image\":{\"@id\":\"https:\\\/\\\/www.naturales-canarias.com\\\/es\\\/productos\\\/crema-de-ojos-de-aloe-vera-dermetiks\\\/#primaryimage\"},\"thumbnailUrl\":\"https:\\\/\\\/www.naturales-canarias.com\\\/wp-content\\\/uploads\\\/2015\\\/02\\\/1405Dermetiks_eyes.jpg\",\"datePublished\":\"2015-02-17T16:07:29+00:00\",\"dateModified\":\"2016-10-24T16:50:51+00:00\",\"breadcrumb\":{\"@id\":\"https:\\\/\\\/www.naturales-canarias.com\\\/es\\\/productos\\\/crema-de-ojos-de-aloe-vera-dermetiks\\\/#breadcrumb\"},\"inLanguage\":\"es\",\"potentialAction\":[{\"@type\":\"ReadAction\",\"target\":[\"https:\\\/\\\/www.naturales-canarias.com\\\/es\\\/productos\\\/crema-de-ojos-de-aloe-vera-dermetiks\\\/\"]}]},{\"@type\":\"ImageObject\",\"inLanguage\":\"es\",\"@id\":\"https:\\\/\\\/www.naturales-canarias.com\\\/es\\\/productos\\\/crema-de-ojos-de-aloe-vera-dermetiks\\\/#primaryimage\",\"url\":\"https:\\\/\\\/www.naturales-canarias.com\\\/wp-content\\\/uploads\\\/2015\\\/02\\\/1405Dermetiks_eyes.jpg\",\"contentUrl\":\"https:\\\/\\\/www.naturales-canarias.com\\\/wp-content\\\/uploads\\\/2015\\\/02\\\/1405Dermetiks_eyes.jpg\",\"width\":800,\"height\":800},{\"@type\":\"BreadcrumbList\",\"@id\":\"https:\\\/\\\/www.naturales-canarias.com\\\/es\\\/productos\\\/crema-de-ojos-de-aloe-vera-dermetiks\\\/#breadcrumb\",\"itemListElement\":[{\"@type\":\"ListItem\",\"position\":1,\"name\":\"Home\",\"item\":\"https:\\\/\\\/www.naturales-canarias.com\\\/es\\\/\"},{\"@type\":\"ListItem\",\"position\":2,\"name\":\"Tienda\",\"item\":\"https:\\\/\\\/www.naturales-canarias.com\\\/es\\\/tienda\\\/\"},{\"@type\":\"ListItem\",\"position\":3,\"name\":\"Crema de ojos de aloe vera | Dermetiks\"}]},{\"@type\":\"WebSite\",\"@id\":\"https:\\\/\\\/www.naturales-canarias.com\\\/nl\\\/#website\",\"url\":\"https:\\\/\\\/www.naturales-canarias.com\\\/nl\\\/\",\"name\":\"Aloe Vera Shop - Naturales Canaria\",\"description\":\"Productos de Aloe Vera de Canarias\",\"potentialAction\":[{\"@type\":\"SearchAction\",\"target\":{\"@type\":\"EntryPoint\",\"urlTemplate\":\"https:\\\/\\\/www.naturales-canarias.com\\\/nl\\\/?s={search_term_string}\"},\"query-input\":{\"@type\":\"PropertyValueSpecification\",\"valueRequired\":true,\"valueName\":\"search_term_string\"}}],\"inLanguage\":\"es\"}]}<\/script>\n<!-- \/ Yoast SEO plugin. -->","yoast_head_json":{"title":"Crema de ojos de aloe vera | Dermetiks - Aloe Vera Shop - Naturales Canaria","robots":{"index":"index","follow":"follow","max-snippet":"max-snippet:-1","max-image-preview":"max-image-preview:large","max-video-preview":"max-video-preview:-1"},"canonical":"https:\/\/www.naturales-canarias.com\/es\/productos\/crema-de-ojos-de-aloe-vera-dermetiks\/","og_locale":"es_ES","og_type":"article","og_title":"Crema de ojos de aloe vera | Dermetiks - Aloe Vera Shop - Naturales Canaria","og_description":"Crema de ojos de aloe vera | Dermetiks 30ml | Dermetiks","og_url":"https:\/\/www.naturales-canarias.com\/es\/productos\/crema-de-ojos-de-aloe-vera-dermetiks\/","og_site_name":"Aloe Vera Shop - Naturales Canaria","article_publisher":"https:\/\/www.facebook.com\/Naturales-Canarias-Aloe-Vera-Shop-777293042339239\/?fref=ts","article_modified_time":"2016-10-24T16:50:51+00:00","og_image":[{"width":800,"height":800,"url":"https:\/\/www.naturales-canarias.com\/wp-content\/uploads\/2015\/02\/1405Dermetiks_eyes.jpg","type":"image\/jpeg"}],"twitter_misc":{"Tiempo de lectura":"1 minuto"},"schema":{"@context":"https:\/\/schema.org","@graph":[{"@type":"WebPage","@id":"https:\/\/www.naturales-canarias.com\/es\/productos\/crema-de-ojos-de-aloe-vera-dermetiks\/","url":"https:\/\/www.naturales-canarias.com\/es\/productos\/crema-de-ojos-de-aloe-vera-dermetiks\/","name":"Crema de ojos de aloe vera | Dermetiks - Aloe Vera Shop - Naturales Canaria","isPartOf":{"@id":"https:\/\/www.naturales-canarias.com\/nl\/#website"},"primaryImageOfPage":{"@id":"https:\/\/www.naturales-canarias.com\/es\/productos\/crema-de-ojos-de-aloe-vera-dermetiks\/#primaryimage"},"image":{"@id":"https:\/\/www.naturales-canarias.com\/es\/productos\/crema-de-ojos-de-aloe-vera-dermetiks\/#primaryimage"},"thumbnailUrl":"https:\/\/www.naturales-canarias.com\/wp-content\/uploads\/2015\/02\/1405Dermetiks_eyes.jpg","datePublished":"2015-02-17T16:07:29+00:00","dateModified":"2016-10-24T16:50:51+00:00","breadcrumb":{"@id":"https:\/\/www.naturales-canarias.com\/es\/productos\/crema-de-ojos-de-aloe-vera-dermetiks\/#breadcrumb"},"inLanguage":"es","potentialAction":[{"@type":"ReadAction","target":["https:\/\/www.naturales-canarias.com\/es\/productos\/crema-de-ojos-de-aloe-vera-dermetiks\/"]}]},{"@type":"ImageObject","inLanguage":"es","@id":"https:\/\/www.naturales-canarias.com\/es\/productos\/crema-de-ojos-de-aloe-vera-dermetiks\/#primaryimage","url":"https:\/\/www.naturales-canarias.com\/wp-content\/uploads\/2015\/02\/1405Dermetiks_eyes.jpg","contentUrl":"https:\/\/www.naturales-canarias.com\/wp-content\/uploads\/2015\/02\/1405Dermetiks_eyes.jpg","width":800,"height":800},{"@type":"BreadcrumbList","@id":"https:\/\/www.naturales-canarias.com\/es\/productos\/crema-de-ojos-de-aloe-vera-dermetiks\/#breadcrumb","itemListElement":[{"@type":"ListItem","position":1,"name":"Home","item":"https:\/\/www.naturales-canarias.com\/es\/"},{"@type":"ListItem","position":2,"name":"Tienda","item":"https:\/\/www.naturales-canarias.com\/es\/tienda\/"},{"@type":"ListItem","position":3,"name":"Crema de ojos de aloe vera | Dermetiks"}]},{"@type":"WebSite","@id":"https:\/\/www.naturales-canarias.com\/nl\/#website","url":"https:\/\/www.naturales-canarias.com\/nl\/","name":"Aloe Vera Shop - Naturales Canaria","description":"Productos de Aloe Vera de Canarias","potentialAction":[{"@type":"SearchAction","target":{"@type":"EntryPoint","urlTemplate":"https:\/\/www.naturales-canarias.com\/nl\/?s={search_term_string}"},"query-input":{"@type":"PropertyValueSpecification","valueRequired":true,"valueName":"search_term_string"}}],"inLanguage":"es"}]}},"_links":{"self":[{"href":"https:\/\/www.naturales-canarias.com\/es\/wp-json\/wp\/v2\/product\/2254","targetHints":{"allow":["GET"]}}],"collection":[{"href":"https:\/\/www.naturales-canarias.com\/es\/wp-json\/wp\/v2\/product"}],"about":[{"href":"https:\/\/www.naturales-canarias.com\/es\/wp-json\/wp\/v2\/types\/product"}],"wp:featuredmedia":[{"embeddable":true,"href":"https:\/\/www.naturales-canarias.com\/es\/wp-json\/wp\/v2\/media\/469"}],"wp:attachment":[{"href":"https:\/\/www.naturales-canarias.com\/es\/wp-json\/wp\/v2\/media?parent=2254"}],"wp:term":[{"taxonomy":"product_brand","embeddable":true,"href":"https:\/\/www.naturales-canarias.com\/es\/wp-json\/wp\/v2\/product_brand?post=2254"},{"taxonomy":"product_cat","embeddable":true,"href":"https:\/\/www.naturales-canarias.com\/es\/wp-json\/wp\/v2\/product_cat?post=2254"},{"taxonomy":"product_tag","embeddable":true,"href":"https:\/\/www.naturales-canarias.com\/es\/wp-json\/wp\/v2\/product_tag?post=2254"}],"curies":[{"name":"wp","href":"https:\/\/api.w.org\/{rel}","templated":true}]}}