{"id":2259,"date":"2015-02-09T16:27:47","date_gmt":"2015-02-17T15:15:04","guid":{"rendered":"https:\/\/www.naturales-canarias.com\/es\/produkte\/aloe-vera-anti-wrinkle-gel-naturales-canarias\/"},"modified":"2016-10-24T16:42:57","modified_gmt":"2016-10-24T16:42:57","slug":"gel-antiarrugas-de-aloe-vera-naturales-canarias","status":"publish","type":"product","link":"https:\/\/www.naturales-canarias.com\/es\/productos\/gel-antiarrugas-de-aloe-vera-naturales-canarias\/","title":{"rendered":"Gel antiarrugas de aloe vera | Naturales Canarias"},"content":{"rendered":"<p><strong>Gel antiarrugas de aloe vera<\/strong><\/p>\n<ul>\n<li>Contiene aloe vera y cal\u00e9ndula<\/li>\n<\/ul>\n<p>&nbsp;<\/p>\n<p style=\"text-align: justify;\">Es un concentrado de la naturaleza para suavizar las arrugas. Este gel anti-arrugas con aceites vegetales y extractos de hierbas, tales como cal\u00e9ndula, salvia y romero le brinda tonicidad a la piel de forma intensa, pero suave al mismo tiempo. La adici\u00f3n de algas calma la necesidad de humedad de su piel como si fuera un ba\u00f1o refrescante real.<\/p>\n<hr \/>\n<p>&nbsp;<\/p>\n<p><strong>Capacidad:<\/strong> 200ml<\/p>\n<p><strong>Proveedor:<\/strong> Naturales Canarias<\/p>\n<p>&nbsp;<\/p>\n<p style=\"text-align: justify;\"><em><strong>Ingredientes:<\/strong> Aqua, Aloe barbadensis, Propylene Glycol, Glycerin, Hydrolized Elastin, Calendula Oficinalis Flower Extract, Fucus Vesiculosus Extract, Salvia Officinalis Leaf Extract, Rosmarinus Officinalis Leaf extract, Carbomer, Triethanolamine, Maltodextrin, Phenoxyethanol, Ethylhexyglycerin, Disodium EDTA, Imadazolidinyl Urea, Sodium benzoate, Potassium Sorbate, CI 42090, CI 19140, B. H. T., Parfum.<\/em><\/p>\n<p>&nbsp;<\/p>\n","protected":false},"excerpt":{"rendered":"<p><strong>Gel antiarrugas de aloe vera | Naturales Canarias<\/strong><br \/>\n200ml | Naturales Canarias<\/p>\n","protected":false},"featured_media":336,"template":"","meta":[],"product_brand":[],"product_cat":[20,42],"product_tag":[],"class_list":{"0":"post-2259","1":"product","2":"type-product","3":"status-publish","4":"has-post-thumbnail","6":"product_cat-crema","7":"product_cat-cuidado-facial","9":"first","10":"instock","11":"shipping-taxable","12":"purchasable","13":"product-type-simple"},"yoast_head":"<!-- This site is optimized with the Yoast SEO plugin v27.5 - https:\/\/yoast.com\/product\/yoast-seo-wordpress\/ -->\n<title>Gel antiarrugas de aloe vera | Naturales Canarias - Aloe Vera Shop - Naturales Canaria<\/title>\n<meta name=\"robots\" content=\"index, follow, max-snippet:-1, max-image-preview:large, max-video-preview:-1\" \/>\n<link rel=\"canonical\" href=\"https:\/\/www.naturales-canarias.com\/es\/productos\/gel-antiarrugas-de-aloe-vera-naturales-canarias\/\" \/>\n<meta property=\"og:locale\" content=\"es_ES\" \/>\n<meta property=\"og:type\" content=\"article\" \/>\n<meta property=\"og:title\" content=\"Gel antiarrugas de aloe vera | Naturales Canarias - Aloe Vera Shop - Naturales Canaria\" \/>\n<meta property=\"og:description\" content=\"Gel antiarrugas de aloe vera | Naturales Canarias 200ml | Naturales Canarias\" \/>\n<meta property=\"og:url\" content=\"https:\/\/www.naturales-canarias.com\/es\/productos\/gel-antiarrugas-de-aloe-vera-naturales-canarias\/\" \/>\n<meta property=\"og:site_name\" content=\"Aloe Vera Shop - Naturales Canaria\" \/>\n<meta property=\"article:publisher\" content=\"https:\/\/www.facebook.com\/Naturales-Canarias-Aloe-Vera-Shop-777293042339239\/?fref=ts\" \/>\n<meta property=\"article:modified_time\" content=\"2016-10-24T16:42:57+00:00\" \/>\n<meta property=\"og:image\" content=\"https:\/\/www.naturales-canarias.com\/wp-content\/uploads\/2015\/02\/1203Aloveria_antiage.jpg\" \/>\n\t<meta property=\"og:image:width\" content=\"800\" \/>\n\t<meta property=\"og:image:height\" content=\"800\" \/>\n\t<meta property=\"og:image:type\" content=\"image\/jpeg\" \/>\n<meta name=\"twitter:label1\" content=\"Tiempo de lectura\" \/>\n\t<meta name=\"twitter:data1\" content=\"1 minuto\" \/>\n<script type=\"application\/ld+json\" class=\"yoast-schema-graph\">{\"@context\":\"https:\\\/\\\/schema.org\",\"@graph\":[{\"@type\":\"WebPage\",\"@id\":\"https:\\\/\\\/www.naturales-canarias.com\\\/es\\\/productos\\\/gel-antiarrugas-de-aloe-vera-naturales-canarias\\\/\",\"url\":\"https:\\\/\\\/www.naturales-canarias.com\\\/es\\\/productos\\\/gel-antiarrugas-de-aloe-vera-naturales-canarias\\\/\",\"name\":\"Gel antiarrugas de aloe vera | Naturales Canarias - Aloe Vera Shop - Naturales Canaria\",\"isPartOf\":{\"@id\":\"https:\\\/\\\/www.naturales-canarias.com\\\/nl\\\/#website\"},\"primaryImageOfPage\":{\"@id\":\"https:\\\/\\\/www.naturales-canarias.com\\\/es\\\/productos\\\/gel-antiarrugas-de-aloe-vera-naturales-canarias\\\/#primaryimage\"},\"image\":{\"@id\":\"https:\\\/\\\/www.naturales-canarias.com\\\/es\\\/productos\\\/gel-antiarrugas-de-aloe-vera-naturales-canarias\\\/#primaryimage\"},\"thumbnailUrl\":\"https:\\\/\\\/www.naturales-canarias.com\\\/wp-content\\\/uploads\\\/2015\\\/02\\\/1203Aloveria_antiage.jpg\",\"datePublished\":\"2015-02-17T15:15:04+00:00\",\"dateModified\":\"2016-10-24T16:42:57+00:00\",\"breadcrumb\":{\"@id\":\"https:\\\/\\\/www.naturales-canarias.com\\\/es\\\/productos\\\/gel-antiarrugas-de-aloe-vera-naturales-canarias\\\/#breadcrumb\"},\"inLanguage\":\"es\",\"potentialAction\":[{\"@type\":\"ReadAction\",\"target\":[\"https:\\\/\\\/www.naturales-canarias.com\\\/es\\\/productos\\\/gel-antiarrugas-de-aloe-vera-naturales-canarias\\\/\"]}]},{\"@type\":\"ImageObject\",\"inLanguage\":\"es\",\"@id\":\"https:\\\/\\\/www.naturales-canarias.com\\\/es\\\/productos\\\/gel-antiarrugas-de-aloe-vera-naturales-canarias\\\/#primaryimage\",\"url\":\"https:\\\/\\\/www.naturales-canarias.com\\\/wp-content\\\/uploads\\\/2015\\\/02\\\/1203Aloveria_antiage.jpg\",\"contentUrl\":\"https:\\\/\\\/www.naturales-canarias.com\\\/wp-content\\\/uploads\\\/2015\\\/02\\\/1203Aloveria_antiage.jpg\",\"width\":800,\"height\":800},{\"@type\":\"BreadcrumbList\",\"@id\":\"https:\\\/\\\/www.naturales-canarias.com\\\/es\\\/productos\\\/gel-antiarrugas-de-aloe-vera-naturales-canarias\\\/#breadcrumb\",\"itemListElement\":[{\"@type\":\"ListItem\",\"position\":1,\"name\":\"Home\",\"item\":\"https:\\\/\\\/www.naturales-canarias.com\\\/es\\\/\"},{\"@type\":\"ListItem\",\"position\":2,\"name\":\"Tienda\",\"item\":\"https:\\\/\\\/www.naturales-canarias.com\\\/es\\\/tienda\\\/\"},{\"@type\":\"ListItem\",\"position\":3,\"name\":\"Gel antiarrugas de aloe vera | Naturales Canarias\"}]},{\"@type\":\"WebSite\",\"@id\":\"https:\\\/\\\/www.naturales-canarias.com\\\/nl\\\/#website\",\"url\":\"https:\\\/\\\/www.naturales-canarias.com\\\/nl\\\/\",\"name\":\"Aloe Vera Shop - Naturales Canaria\",\"description\":\"Productos de Aloe Vera de Canarias\",\"potentialAction\":[{\"@type\":\"SearchAction\",\"target\":{\"@type\":\"EntryPoint\",\"urlTemplate\":\"https:\\\/\\\/www.naturales-canarias.com\\\/nl\\\/?s={search_term_string}\"},\"query-input\":{\"@type\":\"PropertyValueSpecification\",\"valueRequired\":true,\"valueName\":\"search_term_string\"}}],\"inLanguage\":\"es\"}]}<\/script>\n<!-- \/ Yoast SEO plugin. -->","yoast_head_json":{"title":"Gel antiarrugas de aloe vera | Naturales Canarias - Aloe Vera Shop - Naturales Canaria","robots":{"index":"index","follow":"follow","max-snippet":"max-snippet:-1","max-image-preview":"max-image-preview:large","max-video-preview":"max-video-preview:-1"},"canonical":"https:\/\/www.naturales-canarias.com\/es\/productos\/gel-antiarrugas-de-aloe-vera-naturales-canarias\/","og_locale":"es_ES","og_type":"article","og_title":"Gel antiarrugas de aloe vera | Naturales Canarias - Aloe Vera Shop - Naturales Canaria","og_description":"Gel antiarrugas de aloe vera | Naturales Canarias 200ml | Naturales Canarias","og_url":"https:\/\/www.naturales-canarias.com\/es\/productos\/gel-antiarrugas-de-aloe-vera-naturales-canarias\/","og_site_name":"Aloe Vera Shop - Naturales Canaria","article_publisher":"https:\/\/www.facebook.com\/Naturales-Canarias-Aloe-Vera-Shop-777293042339239\/?fref=ts","article_modified_time":"2016-10-24T16:42:57+00:00","og_image":[{"width":800,"height":800,"url":"https:\/\/www.naturales-canarias.com\/wp-content\/uploads\/2015\/02\/1203Aloveria_antiage.jpg","type":"image\/jpeg"}],"twitter_misc":{"Tiempo de lectura":"1 minuto"},"schema":{"@context":"https:\/\/schema.org","@graph":[{"@type":"WebPage","@id":"https:\/\/www.naturales-canarias.com\/es\/productos\/gel-antiarrugas-de-aloe-vera-naturales-canarias\/","url":"https:\/\/www.naturales-canarias.com\/es\/productos\/gel-antiarrugas-de-aloe-vera-naturales-canarias\/","name":"Gel antiarrugas de aloe vera | Naturales Canarias - Aloe Vera Shop - Naturales Canaria","isPartOf":{"@id":"https:\/\/www.naturales-canarias.com\/nl\/#website"},"primaryImageOfPage":{"@id":"https:\/\/www.naturales-canarias.com\/es\/productos\/gel-antiarrugas-de-aloe-vera-naturales-canarias\/#primaryimage"},"image":{"@id":"https:\/\/www.naturales-canarias.com\/es\/productos\/gel-antiarrugas-de-aloe-vera-naturales-canarias\/#primaryimage"},"thumbnailUrl":"https:\/\/www.naturales-canarias.com\/wp-content\/uploads\/2015\/02\/1203Aloveria_antiage.jpg","datePublished":"2015-02-17T15:15:04+00:00","dateModified":"2016-10-24T16:42:57+00:00","breadcrumb":{"@id":"https:\/\/www.naturales-canarias.com\/es\/productos\/gel-antiarrugas-de-aloe-vera-naturales-canarias\/#breadcrumb"},"inLanguage":"es","potentialAction":[{"@type":"ReadAction","target":["https:\/\/www.naturales-canarias.com\/es\/productos\/gel-antiarrugas-de-aloe-vera-naturales-canarias\/"]}]},{"@type":"ImageObject","inLanguage":"es","@id":"https:\/\/www.naturales-canarias.com\/es\/productos\/gel-antiarrugas-de-aloe-vera-naturales-canarias\/#primaryimage","url":"https:\/\/www.naturales-canarias.com\/wp-content\/uploads\/2015\/02\/1203Aloveria_antiage.jpg","contentUrl":"https:\/\/www.naturales-canarias.com\/wp-content\/uploads\/2015\/02\/1203Aloveria_antiage.jpg","width":800,"height":800},{"@type":"BreadcrumbList","@id":"https:\/\/www.naturales-canarias.com\/es\/productos\/gel-antiarrugas-de-aloe-vera-naturales-canarias\/#breadcrumb","itemListElement":[{"@type":"ListItem","position":1,"name":"Home","item":"https:\/\/www.naturales-canarias.com\/es\/"},{"@type":"ListItem","position":2,"name":"Tienda","item":"https:\/\/www.naturales-canarias.com\/es\/tienda\/"},{"@type":"ListItem","position":3,"name":"Gel antiarrugas de aloe vera | Naturales Canarias"}]},{"@type":"WebSite","@id":"https:\/\/www.naturales-canarias.com\/nl\/#website","url":"https:\/\/www.naturales-canarias.com\/nl\/","name":"Aloe Vera Shop - Naturales Canaria","description":"Productos de Aloe Vera de Canarias","potentialAction":[{"@type":"SearchAction","target":{"@type":"EntryPoint","urlTemplate":"https:\/\/www.naturales-canarias.com\/nl\/?s={search_term_string}"},"query-input":{"@type":"PropertyValueSpecification","valueRequired":true,"valueName":"search_term_string"}}],"inLanguage":"es"}]}},"_links":{"self":[{"href":"https:\/\/www.naturales-canarias.com\/es\/wp-json\/wp\/v2\/product\/2259","targetHints":{"allow":["GET"]}}],"collection":[{"href":"https:\/\/www.naturales-canarias.com\/es\/wp-json\/wp\/v2\/product"}],"about":[{"href":"https:\/\/www.naturales-canarias.com\/es\/wp-json\/wp\/v2\/types\/product"}],"wp:featuredmedia":[{"embeddable":true,"href":"https:\/\/www.naturales-canarias.com\/es\/wp-json\/wp\/v2\/media\/336"}],"wp:attachment":[{"href":"https:\/\/www.naturales-canarias.com\/es\/wp-json\/wp\/v2\/media?parent=2259"}],"wp:term":[{"taxonomy":"product_brand","embeddable":true,"href":"https:\/\/www.naturales-canarias.com\/es\/wp-json\/wp\/v2\/product_brand?post=2259"},{"taxonomy":"product_cat","embeddable":true,"href":"https:\/\/www.naturales-canarias.com\/es\/wp-json\/wp\/v2\/product_cat?post=2259"},{"taxonomy":"product_tag","embeddable":true,"href":"https:\/\/www.naturales-canarias.com\/es\/wp-json\/wp\/v2\/product_tag?post=2259"}],"curies":[{"name":"wp","href":"https:\/\/api.w.org\/{rel}","templated":true}]}}