{"id":2270,"date":"2015-02-13T16:31:33","date_gmt":"2015-02-16T13:04:04","guid":{"rendered":"https:\/\/www.naturales-canarias.com\/es\/produkte\/aloe-vera-soap-bundle\/"},"modified":"2016-10-24T15:56:38","modified_gmt":"2016-10-24T15:56:38","slug":"jabon-de-aloe-vera-paquete","status":"publish","type":"product","link":"https:\/\/www.naturales-canarias.com\/es\/productos\/jabon-de-aloe-vera-paquete\/","title":{"rendered":"Jab\u00f3n de aloe vera | Paquete"},"content":{"rendered":"<p><strong>Jab\u00f3n de aloe vera | Paquete<\/strong><\/p>\n<ul>\n<li>7 jabones<\/li>\n<\/ul>\n<p>&nbsp;<\/p>\n<p style=\"text-align: justify;\">El jab\u00f3n aloe vera de glicerina es agradable para la piel, bien tolerado por la piel y se distingue por su aroma fresco. Su delicada espuma fragante es un placer para el cuerpo y proporciona a la piel con humedad.<\/p>\n<p>&nbsp;<\/p>\n<hr \/>\n<p>&nbsp;<\/p>\n<p><strong>Capacidad:<\/strong> 7x 100g<\/p>\n<p><strong> Proveedor:<\/strong> Dermetiks<\/p>\n<p>&nbsp;<\/p>\n<p style=\"text-align: justify;\"><em><strong> Ingredientes:<\/strong> Cocos nucifera Oil, Dipropylene Glycol, Aqua, Stearic Acid, Cocamydopropyl Betaine, Sodium Hidroxide, Glycerin, Aloe Barbadensis, Cocamide DEA, Alcohol Denat, Citric Acid, Parfum, Benzyl Alcohol, Citronelol, Cumarina, Linalool, methyl Ionone, d-Limonene.<\/em><\/p>\n<p>&nbsp;<\/p>\n","protected":false},"excerpt":{"rendered":"<p><strong>Jab\u00f3n de aloe vera | Paquete<\/strong><br \/>\n7 soaps \u00e1 100g &#8211; Dermetiks<\/p>\n","protected":false},"featured_media":503,"template":"","meta":[],"product_brand":[],"product_cat":[47,43],"product_tag":[],"class_list":{"0":"post-2270","1":"product","2":"type-product","3":"status-publish","4":"has-post-thumbnail","6":"product_cat-cuerpo","7":"product_cat-ofertas","9":"first","10":"instock","11":"shipping-taxable","12":"purchasable","13":"product-type-simple"},"yoast_head":"<!-- This site is optimized with the Yoast SEO plugin v27.3 - https:\/\/yoast.com\/product\/yoast-seo-wordpress\/ -->\n<title>Jab\u00f3n de aloe vera | Paquete - Aloe Vera Shop - Naturales Canaria<\/title>\n<meta name=\"robots\" content=\"index, follow, max-snippet:-1, max-image-preview:large, max-video-preview:-1\" \/>\n<link rel=\"canonical\" href=\"https:\/\/www.naturales-canarias.com\/es\/productos\/jabon-de-aloe-vera-paquete\/\" \/>\n<meta property=\"og:locale\" content=\"es_ES\" \/>\n<meta property=\"og:type\" content=\"article\" \/>\n<meta property=\"og:title\" content=\"Jab\u00f3n de aloe vera | Paquete - Aloe Vera Shop - Naturales Canaria\" \/>\n<meta property=\"og:description\" content=\"Jab\u00f3n de aloe vera | Paquete 7 soaps \u00e1 100g - Dermetiks\" \/>\n<meta property=\"og:url\" content=\"https:\/\/www.naturales-canarias.com\/es\/productos\/jabon-de-aloe-vera-paquete\/\" \/>\n<meta property=\"og:site_name\" content=\"Aloe Vera Shop - Naturales Canaria\" \/>\n<meta property=\"article:publisher\" content=\"https:\/\/www.facebook.com\/Naturales-Canarias-Aloe-Vera-Shop-777293042339239\/?fref=ts\" \/>\n<meta property=\"article:modified_time\" content=\"2016-10-24T15:56:38+00:00\" \/>\n<meta property=\"og:image\" content=\"https:\/\/www.naturales-canarias.com\/wp-content\/uploads\/2015\/02\/1704Bundle.jpg\" \/>\n\t<meta property=\"og:image:width\" content=\"800\" \/>\n\t<meta property=\"og:image:height\" content=\"800\" \/>\n\t<meta property=\"og:image:type\" content=\"image\/jpeg\" \/>\n<script type=\"application\/ld+json\" class=\"yoast-schema-graph\">{\"@context\":\"https:\\\/\\\/schema.org\",\"@graph\":[{\"@type\":\"WebPage\",\"@id\":\"https:\\\/\\\/www.naturales-canarias.com\\\/es\\\/productos\\\/jabon-de-aloe-vera-paquete\\\/\",\"url\":\"https:\\\/\\\/www.naturales-canarias.com\\\/es\\\/productos\\\/jabon-de-aloe-vera-paquete\\\/\",\"name\":\"Jab\u00f3n de aloe vera | Paquete - Aloe Vera Shop - Naturales Canaria\",\"isPartOf\":{\"@id\":\"https:\\\/\\\/www.naturales-canarias.com\\\/nl\\\/#website\"},\"primaryImageOfPage\":{\"@id\":\"https:\\\/\\\/www.naturales-canarias.com\\\/es\\\/productos\\\/jabon-de-aloe-vera-paquete\\\/#primaryimage\"},\"image\":{\"@id\":\"https:\\\/\\\/www.naturales-canarias.com\\\/es\\\/productos\\\/jabon-de-aloe-vera-paquete\\\/#primaryimage\"},\"thumbnailUrl\":\"https:\\\/\\\/www.naturales-canarias.com\\\/wp-content\\\/uploads\\\/2015\\\/02\\\/1704Bundle.jpg\",\"datePublished\":\"2015-02-16T13:04:04+00:00\",\"dateModified\":\"2016-10-24T15:56:38+00:00\",\"breadcrumb\":{\"@id\":\"https:\\\/\\\/www.naturales-canarias.com\\\/es\\\/productos\\\/jabon-de-aloe-vera-paquete\\\/#breadcrumb\"},\"inLanguage\":\"es\",\"potentialAction\":[{\"@type\":\"ReadAction\",\"target\":[\"https:\\\/\\\/www.naturales-canarias.com\\\/es\\\/productos\\\/jabon-de-aloe-vera-paquete\\\/\"]}]},{\"@type\":\"ImageObject\",\"inLanguage\":\"es\",\"@id\":\"https:\\\/\\\/www.naturales-canarias.com\\\/es\\\/productos\\\/jabon-de-aloe-vera-paquete\\\/#primaryimage\",\"url\":\"https:\\\/\\\/www.naturales-canarias.com\\\/wp-content\\\/uploads\\\/2015\\\/02\\\/1704Bundle.jpg\",\"contentUrl\":\"https:\\\/\\\/www.naturales-canarias.com\\\/wp-content\\\/uploads\\\/2015\\\/02\\\/1704Bundle.jpg\",\"width\":800,\"height\":800},{\"@type\":\"BreadcrumbList\",\"@id\":\"https:\\\/\\\/www.naturales-canarias.com\\\/es\\\/productos\\\/jabon-de-aloe-vera-paquete\\\/#breadcrumb\",\"itemListElement\":[{\"@type\":\"ListItem\",\"position\":1,\"name\":\"Home\",\"item\":\"https:\\\/\\\/www.naturales-canarias.com\\\/es\\\/\"},{\"@type\":\"ListItem\",\"position\":2,\"name\":\"Tienda\",\"item\":\"https:\\\/\\\/www.naturales-canarias.com\\\/es\\\/tienda\\\/\"},{\"@type\":\"ListItem\",\"position\":3,\"name\":\"Jab\u00f3n de aloe vera | Paquete\"}]},{\"@type\":\"WebSite\",\"@id\":\"https:\\\/\\\/www.naturales-canarias.com\\\/nl\\\/#website\",\"url\":\"https:\\\/\\\/www.naturales-canarias.com\\\/nl\\\/\",\"name\":\"Aloe Vera Shop - Naturales Canaria\",\"description\":\"Productos de Aloe Vera de Canarias\",\"potentialAction\":[{\"@type\":\"SearchAction\",\"target\":{\"@type\":\"EntryPoint\",\"urlTemplate\":\"https:\\\/\\\/www.naturales-canarias.com\\\/nl\\\/?s={search_term_string}\"},\"query-input\":{\"@type\":\"PropertyValueSpecification\",\"valueRequired\":true,\"valueName\":\"search_term_string\"}}],\"inLanguage\":\"es\"}]}<\/script>\n<!-- \/ Yoast SEO plugin. -->","yoast_head_json":{"title":"Jab\u00f3n de aloe vera | Paquete - Aloe Vera Shop - Naturales Canaria","robots":{"index":"index","follow":"follow","max-snippet":"max-snippet:-1","max-image-preview":"max-image-preview:large","max-video-preview":"max-video-preview:-1"},"canonical":"https:\/\/www.naturales-canarias.com\/es\/productos\/jabon-de-aloe-vera-paquete\/","og_locale":"es_ES","og_type":"article","og_title":"Jab\u00f3n de aloe vera | Paquete - Aloe Vera Shop - Naturales Canaria","og_description":"Jab\u00f3n de aloe vera | Paquete 7 soaps \u00e1 100g - Dermetiks","og_url":"https:\/\/www.naturales-canarias.com\/es\/productos\/jabon-de-aloe-vera-paquete\/","og_site_name":"Aloe Vera Shop - Naturales Canaria","article_publisher":"https:\/\/www.facebook.com\/Naturales-Canarias-Aloe-Vera-Shop-777293042339239\/?fref=ts","article_modified_time":"2016-10-24T15:56:38+00:00","og_image":[{"width":800,"height":800,"url":"https:\/\/www.naturales-canarias.com\/wp-content\/uploads\/2015\/02\/1704Bundle.jpg","type":"image\/jpeg"}],"schema":{"@context":"https:\/\/schema.org","@graph":[{"@type":"WebPage","@id":"https:\/\/www.naturales-canarias.com\/es\/productos\/jabon-de-aloe-vera-paquete\/","url":"https:\/\/www.naturales-canarias.com\/es\/productos\/jabon-de-aloe-vera-paquete\/","name":"Jab\u00f3n de aloe vera | Paquete - Aloe Vera Shop - Naturales Canaria","isPartOf":{"@id":"https:\/\/www.naturales-canarias.com\/nl\/#website"},"primaryImageOfPage":{"@id":"https:\/\/www.naturales-canarias.com\/es\/productos\/jabon-de-aloe-vera-paquete\/#primaryimage"},"image":{"@id":"https:\/\/www.naturales-canarias.com\/es\/productos\/jabon-de-aloe-vera-paquete\/#primaryimage"},"thumbnailUrl":"https:\/\/www.naturales-canarias.com\/wp-content\/uploads\/2015\/02\/1704Bundle.jpg","datePublished":"2015-02-16T13:04:04+00:00","dateModified":"2016-10-24T15:56:38+00:00","breadcrumb":{"@id":"https:\/\/www.naturales-canarias.com\/es\/productos\/jabon-de-aloe-vera-paquete\/#breadcrumb"},"inLanguage":"es","potentialAction":[{"@type":"ReadAction","target":["https:\/\/www.naturales-canarias.com\/es\/productos\/jabon-de-aloe-vera-paquete\/"]}]},{"@type":"ImageObject","inLanguage":"es","@id":"https:\/\/www.naturales-canarias.com\/es\/productos\/jabon-de-aloe-vera-paquete\/#primaryimage","url":"https:\/\/www.naturales-canarias.com\/wp-content\/uploads\/2015\/02\/1704Bundle.jpg","contentUrl":"https:\/\/www.naturales-canarias.com\/wp-content\/uploads\/2015\/02\/1704Bundle.jpg","width":800,"height":800},{"@type":"BreadcrumbList","@id":"https:\/\/www.naturales-canarias.com\/es\/productos\/jabon-de-aloe-vera-paquete\/#breadcrumb","itemListElement":[{"@type":"ListItem","position":1,"name":"Home","item":"https:\/\/www.naturales-canarias.com\/es\/"},{"@type":"ListItem","position":2,"name":"Tienda","item":"https:\/\/www.naturales-canarias.com\/es\/tienda\/"},{"@type":"ListItem","position":3,"name":"Jab\u00f3n de aloe vera | Paquete"}]},{"@type":"WebSite","@id":"https:\/\/www.naturales-canarias.com\/nl\/#website","url":"https:\/\/www.naturales-canarias.com\/nl\/","name":"Aloe Vera Shop - Naturales Canaria","description":"Productos de Aloe Vera de Canarias","potentialAction":[{"@type":"SearchAction","target":{"@type":"EntryPoint","urlTemplate":"https:\/\/www.naturales-canarias.com\/nl\/?s={search_term_string}"},"query-input":{"@type":"PropertyValueSpecification","valueRequired":true,"valueName":"search_term_string"}}],"inLanguage":"es"}]}},"_links":{"self":[{"href":"https:\/\/www.naturales-canarias.com\/es\/wp-json\/wp\/v2\/product\/2270","targetHints":{"allow":["GET"]}}],"collection":[{"href":"https:\/\/www.naturales-canarias.com\/es\/wp-json\/wp\/v2\/product"}],"about":[{"href":"https:\/\/www.naturales-canarias.com\/es\/wp-json\/wp\/v2\/types\/product"}],"wp:featuredmedia":[{"embeddable":true,"href":"https:\/\/www.naturales-canarias.com\/es\/wp-json\/wp\/v2\/media\/503"}],"wp:attachment":[{"href":"https:\/\/www.naturales-canarias.com\/es\/wp-json\/wp\/v2\/media?parent=2270"}],"wp:term":[{"taxonomy":"product_brand","embeddable":true,"href":"https:\/\/www.naturales-canarias.com\/es\/wp-json\/wp\/v2\/product_brand?post=2270"},{"taxonomy":"product_cat","embeddable":true,"href":"https:\/\/www.naturales-canarias.com\/es\/wp-json\/wp\/v2\/product_cat?post=2270"},{"taxonomy":"product_tag","embeddable":true,"href":"https:\/\/www.naturales-canarias.com\/es\/wp-json\/wp\/v2\/product_tag?post=2270"}],"curies":[{"name":"wp","href":"https:\/\/api.w.org\/{rel}","templated":true}]}}