{"id":10757,"date":"2022-05-27T09:49:17","date_gmt":"2022-05-27T09:49:17","guid":{"rendered":"https:\/\/www.naturales-canarias.com\/produkte\/aloe-vera-feuchtigkeitsspendende-koerperlotion-cosmonatura\/"},"modified":"2022-05-27T09:54:52","modified_gmt":"2022-05-27T09:54:52","slug":"aloe-vera-lait-corporel-hydratant-cosmonatura","status":"publish","type":"product","link":"https:\/\/www.naturales-canarias.com\/fr\/produits\/aloe-vera-lait-corporel-hydratant-cosmonatura\/","title":{"rendered":"Aloe Vera &#8211; Lait Corporel Hydratant | Cosmonatura"},"content":{"rendered":"<p><strong>Aloe Vera &#8211; Feuchtigkeitsspendende K\u00f6rperlotion <\/strong><br \/>\nEmulsion mit hohem Gehalt an Aloe-Barbadensis-Saft (Aloe vera) Argan\u00f6l, Ringelblumenextrakt und Vitaminen. Mit hoher Feuchtigkeits- und Schutzwirkung. Besonders empfohlen f\u00fcr empfindliche und trockener Haut. Beruhigt und regeneriert.<\/p>\n<p><strong>Anwendung:<\/strong><br \/>\nSanft in die saubere K\u00f6rperhaut einmassieren, vorzugsweise nach der t\u00e4glichen Dusche oder t\u00e4glichem Bad.<\/p>\n<p>Inhalt: 250ml<\/p>\n","protected":false},"excerpt":{"rendered":"<p>Aloe Vera &#8211; Lait Corporel Hydratant | Cosmonatura<br \/>\nContenu: 250ml<\/p>\n","protected":false},"featured_media":10715,"template":"","meta":[],"product_brand":[],"product_cat":[105],"product_tag":[],"class_list":{"0":"post-10757","1":"product","2":"type-product","3":"status-publish","4":"has-post-thumbnail","6":"product_cat-soins-du-corps","8":"first","9":"instock","10":"shipping-taxable","11":"purchasable","12":"product-type-simple"},"yoast_head":"<!-- This site is optimized with the Yoast SEO plugin v27.4 - https:\/\/yoast.com\/product\/yoast-seo-wordpress\/ -->\n<title>Aloe Vera - Lait Corporel Hydratant | Cosmonatura - Aloe Vera Shop - Naturales Canaria<\/title>\n<meta name=\"robots\" content=\"index, follow, max-snippet:-1, max-image-preview:large, max-video-preview:-1\" \/>\n<link rel=\"canonical\" href=\"https:\/\/www.naturales-canarias.com\/fr\/produits\/aloe-vera-lait-corporel-hydratant-cosmonatura\/\" \/>\n<meta property=\"og:locale\" content=\"fr_FR\" \/>\n<meta property=\"og:type\" content=\"article\" \/>\n<meta property=\"og:title\" content=\"Aloe Vera - Lait Corporel Hydratant | Cosmonatura - Aloe Vera Shop - Naturales Canaria\" \/>\n<meta property=\"og:description\" content=\"Aloe Vera - Lait Corporel Hydratant | Cosmonatura Contenu: 250ml\" \/>\n<meta property=\"og:url\" content=\"https:\/\/www.naturales-canarias.com\/fr\/produits\/aloe-vera-lait-corporel-hydratant-cosmonatura\/\" \/>\n<meta property=\"og:site_name\" content=\"Aloe Vera Shop - Naturales Canaria\" \/>\n<meta property=\"article:publisher\" content=\"https:\/\/www.facebook.com\/Naturales-Canarias-Aloe-Vera-Shop-777293042339239\/?fref=ts\" \/>\n<meta property=\"article:modified_time\" content=\"2022-05-27T09:54:52+00:00\" \/>\n<meta property=\"og:image\" content=\"https:\/\/www.naturales-canarias.com\/wp-content\/uploads\/2022\/05\/body-milk-cosmonatura.jpg\" \/>\n\t<meta property=\"og:image:width\" content=\"800\" \/>\n\t<meta property=\"og:image:height\" content=\"800\" \/>\n\t<meta property=\"og:image:type\" content=\"image\/jpeg\" \/>\n<script type=\"application\/ld+json\" class=\"yoast-schema-graph\">{\"@context\":\"https:\\\/\\\/schema.org\",\"@graph\":[{\"@type\":\"WebPage\",\"@id\":\"https:\\\/\\\/www.naturales-canarias.com\\\/fr\\\/produits\\\/aloe-vera-lait-corporel-hydratant-cosmonatura\\\/\",\"url\":\"https:\\\/\\\/www.naturales-canarias.com\\\/fr\\\/produits\\\/aloe-vera-lait-corporel-hydratant-cosmonatura\\\/\",\"name\":\"Aloe Vera - Lait Corporel Hydratant | Cosmonatura - Aloe Vera Shop - Naturales Canaria\",\"isPartOf\":{\"@id\":\"https:\\\/\\\/www.naturales-canarias.com\\\/nl\\\/#website\"},\"primaryImageOfPage\":{\"@id\":\"https:\\\/\\\/www.naturales-canarias.com\\\/fr\\\/produits\\\/aloe-vera-lait-corporel-hydratant-cosmonatura\\\/#primaryimage\"},\"image\":{\"@id\":\"https:\\\/\\\/www.naturales-canarias.com\\\/fr\\\/produits\\\/aloe-vera-lait-corporel-hydratant-cosmonatura\\\/#primaryimage\"},\"thumbnailUrl\":\"https:\\\/\\\/www.naturales-canarias.com\\\/wp-content\\\/uploads\\\/2022\\\/05\\\/body-milk-cosmonatura.jpg\",\"datePublished\":\"2022-05-27T09:49:17+00:00\",\"dateModified\":\"2022-05-27T09:54:52+00:00\",\"breadcrumb\":{\"@id\":\"https:\\\/\\\/www.naturales-canarias.com\\\/fr\\\/produits\\\/aloe-vera-lait-corporel-hydratant-cosmonatura\\\/#breadcrumb\"},\"inLanguage\":\"fr-FR\",\"potentialAction\":[{\"@type\":\"ReadAction\",\"target\":[\"https:\\\/\\\/www.naturales-canarias.com\\\/fr\\\/produits\\\/aloe-vera-lait-corporel-hydratant-cosmonatura\\\/\"]}]},{\"@type\":\"ImageObject\",\"inLanguage\":\"fr-FR\",\"@id\":\"https:\\\/\\\/www.naturales-canarias.com\\\/fr\\\/produits\\\/aloe-vera-lait-corporel-hydratant-cosmonatura\\\/#primaryimage\",\"url\":\"https:\\\/\\\/www.naturales-canarias.com\\\/wp-content\\\/uploads\\\/2022\\\/05\\\/body-milk-cosmonatura.jpg\",\"contentUrl\":\"https:\\\/\\\/www.naturales-canarias.com\\\/wp-content\\\/uploads\\\/2022\\\/05\\\/body-milk-cosmonatura.jpg\",\"width\":800,\"height\":800},{\"@type\":\"BreadcrumbList\",\"@id\":\"https:\\\/\\\/www.naturales-canarias.com\\\/fr\\\/produits\\\/aloe-vera-lait-corporel-hydratant-cosmonatura\\\/#breadcrumb\",\"itemListElement\":[{\"@type\":\"ListItem\",\"position\":1,\"name\":\"Home\",\"item\":\"https:\\\/\\\/www.naturales-canarias.com\\\/fr\\\/\"},{\"@type\":\"ListItem\",\"position\":2,\"name\":\"Boutique\",\"item\":\"https:\\\/\\\/www.naturales-canarias.com\\\/fr\\\/boutique\\\/\"},{\"@type\":\"ListItem\",\"position\":3,\"name\":\"Aloe Vera &#8211; Lait Corporel Hydratant | Cosmonatura\"}]},{\"@type\":\"WebSite\",\"@id\":\"https:\\\/\\\/www.naturales-canarias.com\\\/nl\\\/#website\",\"url\":\"https:\\\/\\\/www.naturales-canarias.com\\\/nl\\\/\",\"name\":\"Aloe Vera Shop - Naturales Canaria\",\"description\":\"Aloe Vera Producs from the canarian islands\",\"potentialAction\":[{\"@type\":\"SearchAction\",\"target\":{\"@type\":\"EntryPoint\",\"urlTemplate\":\"https:\\\/\\\/www.naturales-canarias.com\\\/nl\\\/?s={search_term_string}\"},\"query-input\":{\"@type\":\"PropertyValueSpecification\",\"valueRequired\":true,\"valueName\":\"search_term_string\"}}],\"inLanguage\":\"fr-FR\"}]}<\/script>\n<!-- \/ Yoast SEO plugin. -->","yoast_head_json":{"title":"Aloe Vera - Lait Corporel Hydratant | Cosmonatura - Aloe Vera Shop - Naturales Canaria","robots":{"index":"index","follow":"follow","max-snippet":"max-snippet:-1","max-image-preview":"max-image-preview:large","max-video-preview":"max-video-preview:-1"},"canonical":"https:\/\/www.naturales-canarias.com\/fr\/produits\/aloe-vera-lait-corporel-hydratant-cosmonatura\/","og_locale":"fr_FR","og_type":"article","og_title":"Aloe Vera - Lait Corporel Hydratant | Cosmonatura - Aloe Vera Shop - Naturales Canaria","og_description":"Aloe Vera - Lait Corporel Hydratant | Cosmonatura Contenu: 250ml","og_url":"https:\/\/www.naturales-canarias.com\/fr\/produits\/aloe-vera-lait-corporel-hydratant-cosmonatura\/","og_site_name":"Aloe Vera Shop - Naturales Canaria","article_publisher":"https:\/\/www.facebook.com\/Naturales-Canarias-Aloe-Vera-Shop-777293042339239\/?fref=ts","article_modified_time":"2022-05-27T09:54:52+00:00","og_image":[{"width":800,"height":800,"url":"https:\/\/www.naturales-canarias.com\/wp-content\/uploads\/2022\/05\/body-milk-cosmonatura.jpg","type":"image\/jpeg"}],"schema":{"@context":"https:\/\/schema.org","@graph":[{"@type":"WebPage","@id":"https:\/\/www.naturales-canarias.com\/fr\/produits\/aloe-vera-lait-corporel-hydratant-cosmonatura\/","url":"https:\/\/www.naturales-canarias.com\/fr\/produits\/aloe-vera-lait-corporel-hydratant-cosmonatura\/","name":"Aloe Vera - Lait Corporel Hydratant | Cosmonatura - Aloe Vera Shop - Naturales Canaria","isPartOf":{"@id":"https:\/\/www.naturales-canarias.com\/nl\/#website"},"primaryImageOfPage":{"@id":"https:\/\/www.naturales-canarias.com\/fr\/produits\/aloe-vera-lait-corporel-hydratant-cosmonatura\/#primaryimage"},"image":{"@id":"https:\/\/www.naturales-canarias.com\/fr\/produits\/aloe-vera-lait-corporel-hydratant-cosmonatura\/#primaryimage"},"thumbnailUrl":"https:\/\/www.naturales-canarias.com\/wp-content\/uploads\/2022\/05\/body-milk-cosmonatura.jpg","datePublished":"2022-05-27T09:49:17+00:00","dateModified":"2022-05-27T09:54:52+00:00","breadcrumb":{"@id":"https:\/\/www.naturales-canarias.com\/fr\/produits\/aloe-vera-lait-corporel-hydratant-cosmonatura\/#breadcrumb"},"inLanguage":"fr-FR","potentialAction":[{"@type":"ReadAction","target":["https:\/\/www.naturales-canarias.com\/fr\/produits\/aloe-vera-lait-corporel-hydratant-cosmonatura\/"]}]},{"@type":"ImageObject","inLanguage":"fr-FR","@id":"https:\/\/www.naturales-canarias.com\/fr\/produits\/aloe-vera-lait-corporel-hydratant-cosmonatura\/#primaryimage","url":"https:\/\/www.naturales-canarias.com\/wp-content\/uploads\/2022\/05\/body-milk-cosmonatura.jpg","contentUrl":"https:\/\/www.naturales-canarias.com\/wp-content\/uploads\/2022\/05\/body-milk-cosmonatura.jpg","width":800,"height":800},{"@type":"BreadcrumbList","@id":"https:\/\/www.naturales-canarias.com\/fr\/produits\/aloe-vera-lait-corporel-hydratant-cosmonatura\/#breadcrumb","itemListElement":[{"@type":"ListItem","position":1,"name":"Home","item":"https:\/\/www.naturales-canarias.com\/fr\/"},{"@type":"ListItem","position":2,"name":"Boutique","item":"https:\/\/www.naturales-canarias.com\/fr\/boutique\/"},{"@type":"ListItem","position":3,"name":"Aloe Vera &#8211; Lait Corporel Hydratant | Cosmonatura"}]},{"@type":"WebSite","@id":"https:\/\/www.naturales-canarias.com\/nl\/#website","url":"https:\/\/www.naturales-canarias.com\/nl\/","name":"Aloe Vera Shop - Naturales Canaria","description":"Aloe Vera Producs from the canarian islands","potentialAction":[{"@type":"SearchAction","target":{"@type":"EntryPoint","urlTemplate":"https:\/\/www.naturales-canarias.com\/nl\/?s={search_term_string}"},"query-input":{"@type":"PropertyValueSpecification","valueRequired":true,"valueName":"search_term_string"}}],"inLanguage":"fr-FR"}]}},"_links":{"self":[{"href":"https:\/\/www.naturales-canarias.com\/fr\/wp-json\/wp\/v2\/product\/10757","targetHints":{"allow":["GET"]}}],"collection":[{"href":"https:\/\/www.naturales-canarias.com\/fr\/wp-json\/wp\/v2\/product"}],"about":[{"href":"https:\/\/www.naturales-canarias.com\/fr\/wp-json\/wp\/v2\/types\/product"}],"wp:featuredmedia":[{"embeddable":true,"href":"https:\/\/www.naturales-canarias.com\/fr\/wp-json\/wp\/v2\/media\/10715"}],"wp:attachment":[{"href":"https:\/\/www.naturales-canarias.com\/fr\/wp-json\/wp\/v2\/media?parent=10757"}],"wp:term":[{"taxonomy":"product_brand","embeddable":true,"href":"https:\/\/www.naturales-canarias.com\/fr\/wp-json\/wp\/v2\/product_brand?post=10757"},{"taxonomy":"product_cat","embeddable":true,"href":"https:\/\/www.naturales-canarias.com\/fr\/wp-json\/wp\/v2\/product_cat?post=10757"},{"taxonomy":"product_tag","embeddable":true,"href":"https:\/\/www.naturales-canarias.com\/fr\/wp-json\/wp\/v2\/product_tag?post=10757"}],"curies":[{"name":"wp","href":"https:\/\/api.w.org\/{rel}","templated":true}]}}