{"id":10769,"date":"2022-05-31T09:03:23","date_gmt":"2022-05-31T09:03:24","guid":{"rendered":"https:\/\/www.naturales-canarias.com\/?post_type=product&#038;p=10769"},"modified":"2022-05-31T09:12:58","modified_gmt":"2022-05-31T09:12:58","slug":"aloe-vera-creme-exfolianten-en-huile-dargan-cosmonatura","status":"publish","type":"product","link":"https:\/\/www.naturales-canarias.com\/fr\/produits\/aloe-vera-creme-exfolianten-en-huile-dargan-cosmonatura\/","title":{"rendered":"Aloe Vera &#8211; Cr\u00e8me exfolianten en huile d&rsquo;Argan | Cosmonatura"},"content":{"rendered":"<p><strong>Aloe Vera &#8211; Cr\u00e8me exfolianten en huile d&rsquo;Argan<\/strong><br \/>\nCr\u00e8me exfoliante pour le corps et le visage, riche en Aloe Vera et en huile d&rsquo;Argan. Ses fines particules issues de graines d&rsquo;abricot nettoient la peau en profondeur tout en \u00e9liminant les cellules mortes et les impuret\u00e9s. Elle favorise le renouvellement, la revitalisation et la r\u00e9g\u00e9n\u00e9ration de la peau. Cette cr\u00e8me vampirise et adoucit la peau, qui para\u00eet plus fra\u00eeche et plus \u00e9clatante.<\/p>\n<p><strong>Mode d&rsquo;utilisation<\/strong><br \/>\nAppliquer sur la zone \u00e0 traiter avec un l\u00e9ger massage circulaire jusqu&rsquo;\u00e0 absorption compl\u00e8te tout en exfoliant les peaux mortes. Les restes du gommage s&rsquo;enl\u00e8vent avec un massage et\/ou un chiffon humide.<\/p>\n<p>Contentu: 250ml<\/p>\n","protected":false},"excerpt":{"rendered":"<p>Aloe Vera &#8211; Cr\u00e8me exfolianten en huile d&rsquo;Argan | Cosmonatura<br \/>\nContenu: 250ml<\/p>\n","protected":false},"featured_media":10710,"template":"","meta":[],"product_brand":[],"product_cat":[18,105],"product_tag":[],"class_list":{"0":"post-10769","1":"product","2":"type-product","3":"status-publish","4":"has-post-thumbnail","6":"product_cat-creme-fr","7":"product_cat-soins-du-corps","9":"first","10":"outofstock","11":"shipping-taxable","12":"purchasable","13":"product-type-simple"},"yoast_head":"<!-- This site is optimized with the Yoast SEO plugin v27.4 - https:\/\/yoast.com\/product\/yoast-seo-wordpress\/ -->\n<title>Aloe Vera - Cr\u00e8me exfolianten en huile d&#039;Argan | Cosmonatura - Aloe Vera Shop - Naturales Canaria<\/title>\n<meta name=\"robots\" content=\"index, follow, max-snippet:-1, max-image-preview:large, max-video-preview:-1\" \/>\n<link rel=\"canonical\" href=\"https:\/\/www.naturales-canarias.com\/produits\/aloe-vera-peeling-creme-mit-argan-oel-cosmonatura\/\" \/>\n<meta property=\"og:locale\" content=\"fr_FR\" \/>\n<meta property=\"og:type\" content=\"article\" \/>\n<meta property=\"og:title\" content=\"Aloe Vera - Cr\u00e8me exfolianten en huile d&#039;Argan | Cosmonatura - Aloe Vera Shop - Naturales Canaria\" \/>\n<meta property=\"og:description\" content=\"Aloe Vera - Cr\u00e8me exfolianten en huile d&#039;Argan | Cosmonatura Contenu: 250ml\" \/>\n<meta property=\"og:url\" content=\"https:\/\/www.naturales-canarias.com\/produits\/aloe-vera-peeling-creme-mit-argan-oel-cosmonatura\/\" \/>\n<meta property=\"og:site_name\" content=\"Aloe Vera Shop - Naturales Canaria\" \/>\n<meta property=\"article:publisher\" content=\"https:\/\/www.facebook.com\/Naturales-Canarias-Aloe-Vera-Shop-777293042339239\/?fref=ts\" \/>\n<meta property=\"article:modified_time\" content=\"2022-05-31T09:12:58+00:00\" \/>\n<meta property=\"og:image\" content=\"https:\/\/www.naturales-canarias.com\/wp-content\/uploads\/2022\/05\/argan-creme-cosmonatura.jpg\" \/>\n\t<meta property=\"og:image:width\" content=\"800\" \/>\n\t<meta property=\"og:image:height\" content=\"800\" \/>\n\t<meta property=\"og:image:type\" content=\"image\/jpeg\" \/>\n<meta name=\"twitter:label1\" content=\"Dur\u00e9e de lecture estim\u00e9e\" \/>\n\t<meta name=\"twitter:data1\" content=\"1 minute\" \/>\n<script type=\"application\/ld+json\" class=\"yoast-schema-graph\">{\"@context\":\"https:\\\/\\\/schema.org\",\"@graph\":[{\"@type\":\"WebPage\",\"@id\":\"https:\\\/\\\/www.naturales-canarias.com\\\/produits\\\/aloe-vera-peeling-creme-mit-argan-oel-cosmonatura\\\/\",\"url\":\"https:\\\/\\\/www.naturales-canarias.com\\\/produits\\\/aloe-vera-peeling-creme-mit-argan-oel-cosmonatura\\\/\",\"name\":\"Aloe Vera - Cr\u00e8me exfolianten en huile d'Argan | Cosmonatura - Aloe Vera Shop - Naturales Canaria\",\"isPartOf\":{\"@id\":\"https:\\\/\\\/www.naturales-canarias.com\\\/nl\\\/#website\"},\"primaryImageOfPage\":{\"@id\":\"https:\\\/\\\/www.naturales-canarias.com\\\/produits\\\/aloe-vera-peeling-creme-mit-argan-oel-cosmonatura\\\/#primaryimage\"},\"image\":{\"@id\":\"https:\\\/\\\/www.naturales-canarias.com\\\/produits\\\/aloe-vera-peeling-creme-mit-argan-oel-cosmonatura\\\/#primaryimage\"},\"thumbnailUrl\":\"https:\\\/\\\/www.naturales-canarias.com\\\/wp-content\\\/uploads\\\/2022\\\/05\\\/argan-creme-cosmonatura.jpg\",\"datePublished\":\"2022-05-31T09:03:24+00:00\",\"dateModified\":\"2022-05-31T09:12:58+00:00\",\"breadcrumb\":{\"@id\":\"https:\\\/\\\/www.naturales-canarias.com\\\/produits\\\/aloe-vera-peeling-creme-mit-argan-oel-cosmonatura\\\/#breadcrumb\"},\"inLanguage\":\"fr-FR\",\"potentialAction\":[{\"@type\":\"ReadAction\",\"target\":[\"https:\\\/\\\/www.naturales-canarias.com\\\/produits\\\/aloe-vera-peeling-creme-mit-argan-oel-cosmonatura\\\/\"]}]},{\"@type\":\"ImageObject\",\"inLanguage\":\"fr-FR\",\"@id\":\"https:\\\/\\\/www.naturales-canarias.com\\\/produits\\\/aloe-vera-peeling-creme-mit-argan-oel-cosmonatura\\\/#primaryimage\",\"url\":\"https:\\\/\\\/www.naturales-canarias.com\\\/wp-content\\\/uploads\\\/2022\\\/05\\\/argan-creme-cosmonatura.jpg\",\"contentUrl\":\"https:\\\/\\\/www.naturales-canarias.com\\\/wp-content\\\/uploads\\\/2022\\\/05\\\/argan-creme-cosmonatura.jpg\",\"width\":800,\"height\":800},{\"@type\":\"BreadcrumbList\",\"@id\":\"https:\\\/\\\/www.naturales-canarias.com\\\/produits\\\/aloe-vera-peeling-creme-mit-argan-oel-cosmonatura\\\/#breadcrumb\",\"itemListElement\":[{\"@type\":\"ListItem\",\"position\":1,\"name\":\"Home\",\"item\":\"https:\\\/\\\/www.naturales-canarias.com\\\/fr\\\/\"},{\"@type\":\"ListItem\",\"position\":2,\"name\":\"Boutique\",\"item\":\"https:\\\/\\\/www.naturales-canarias.com\\\/fr\\\/boutique\\\/\"},{\"@type\":\"ListItem\",\"position\":3,\"name\":\"Aloe Vera &#8211; Cr\u00e8me exfolianten en huile d&#8217;Argan | Cosmonatura\"}]},{\"@type\":\"WebSite\",\"@id\":\"https:\\\/\\\/www.naturales-canarias.com\\\/nl\\\/#website\",\"url\":\"https:\\\/\\\/www.naturales-canarias.com\\\/nl\\\/\",\"name\":\"Aloe Vera Shop - Naturales Canaria\",\"description\":\"Aloe Vera Producs from the canarian islands\",\"potentialAction\":[{\"@type\":\"SearchAction\",\"target\":{\"@type\":\"EntryPoint\",\"urlTemplate\":\"https:\\\/\\\/www.naturales-canarias.com\\\/nl\\\/?s={search_term_string}\"},\"query-input\":{\"@type\":\"PropertyValueSpecification\",\"valueRequired\":true,\"valueName\":\"search_term_string\"}}],\"inLanguage\":\"fr-FR\"}]}<\/script>\n<!-- \/ Yoast SEO plugin. -->","yoast_head_json":{"title":"Aloe Vera - Cr\u00e8me exfolianten en huile d'Argan | Cosmonatura - Aloe Vera Shop - Naturales Canaria","robots":{"index":"index","follow":"follow","max-snippet":"max-snippet:-1","max-image-preview":"max-image-preview:large","max-video-preview":"max-video-preview:-1"},"canonical":"https:\/\/www.naturales-canarias.com\/produits\/aloe-vera-peeling-creme-mit-argan-oel-cosmonatura\/","og_locale":"fr_FR","og_type":"article","og_title":"Aloe Vera - Cr\u00e8me exfolianten en huile d'Argan | Cosmonatura - Aloe Vera Shop - Naturales Canaria","og_description":"Aloe Vera - Cr\u00e8me exfolianten en huile d'Argan | Cosmonatura Contenu: 250ml","og_url":"https:\/\/www.naturales-canarias.com\/produits\/aloe-vera-peeling-creme-mit-argan-oel-cosmonatura\/","og_site_name":"Aloe Vera Shop - Naturales Canaria","article_publisher":"https:\/\/www.facebook.com\/Naturales-Canarias-Aloe-Vera-Shop-777293042339239\/?fref=ts","article_modified_time":"2022-05-31T09:12:58+00:00","og_image":[{"width":800,"height":800,"url":"https:\/\/www.naturales-canarias.com\/wp-content\/uploads\/2022\/05\/argan-creme-cosmonatura.jpg","type":"image\/jpeg"}],"twitter_misc":{"Dur\u00e9e de lecture estim\u00e9e":"1 minute"},"schema":{"@context":"https:\/\/schema.org","@graph":[{"@type":"WebPage","@id":"https:\/\/www.naturales-canarias.com\/produits\/aloe-vera-peeling-creme-mit-argan-oel-cosmonatura\/","url":"https:\/\/www.naturales-canarias.com\/produits\/aloe-vera-peeling-creme-mit-argan-oel-cosmonatura\/","name":"Aloe Vera - Cr\u00e8me exfolianten en huile d'Argan | Cosmonatura - Aloe Vera Shop - Naturales Canaria","isPartOf":{"@id":"https:\/\/www.naturales-canarias.com\/nl\/#website"},"primaryImageOfPage":{"@id":"https:\/\/www.naturales-canarias.com\/produits\/aloe-vera-peeling-creme-mit-argan-oel-cosmonatura\/#primaryimage"},"image":{"@id":"https:\/\/www.naturales-canarias.com\/produits\/aloe-vera-peeling-creme-mit-argan-oel-cosmonatura\/#primaryimage"},"thumbnailUrl":"https:\/\/www.naturales-canarias.com\/wp-content\/uploads\/2022\/05\/argan-creme-cosmonatura.jpg","datePublished":"2022-05-31T09:03:24+00:00","dateModified":"2022-05-31T09:12:58+00:00","breadcrumb":{"@id":"https:\/\/www.naturales-canarias.com\/produits\/aloe-vera-peeling-creme-mit-argan-oel-cosmonatura\/#breadcrumb"},"inLanguage":"fr-FR","potentialAction":[{"@type":"ReadAction","target":["https:\/\/www.naturales-canarias.com\/produits\/aloe-vera-peeling-creme-mit-argan-oel-cosmonatura\/"]}]},{"@type":"ImageObject","inLanguage":"fr-FR","@id":"https:\/\/www.naturales-canarias.com\/produits\/aloe-vera-peeling-creme-mit-argan-oel-cosmonatura\/#primaryimage","url":"https:\/\/www.naturales-canarias.com\/wp-content\/uploads\/2022\/05\/argan-creme-cosmonatura.jpg","contentUrl":"https:\/\/www.naturales-canarias.com\/wp-content\/uploads\/2022\/05\/argan-creme-cosmonatura.jpg","width":800,"height":800},{"@type":"BreadcrumbList","@id":"https:\/\/www.naturales-canarias.com\/produits\/aloe-vera-peeling-creme-mit-argan-oel-cosmonatura\/#breadcrumb","itemListElement":[{"@type":"ListItem","position":1,"name":"Home","item":"https:\/\/www.naturales-canarias.com\/fr\/"},{"@type":"ListItem","position":2,"name":"Boutique","item":"https:\/\/www.naturales-canarias.com\/fr\/boutique\/"},{"@type":"ListItem","position":3,"name":"Aloe Vera &#8211; Cr\u00e8me exfolianten en huile d&#8217;Argan | Cosmonatura"}]},{"@type":"WebSite","@id":"https:\/\/www.naturales-canarias.com\/nl\/#website","url":"https:\/\/www.naturales-canarias.com\/nl\/","name":"Aloe Vera Shop - Naturales Canaria","description":"Aloe Vera Producs from the canarian islands","potentialAction":[{"@type":"SearchAction","target":{"@type":"EntryPoint","urlTemplate":"https:\/\/www.naturales-canarias.com\/nl\/?s={search_term_string}"},"query-input":{"@type":"PropertyValueSpecification","valueRequired":true,"valueName":"search_term_string"}}],"inLanguage":"fr-FR"}]}},"_links":{"self":[{"href":"https:\/\/www.naturales-canarias.com\/fr\/wp-json\/wp\/v2\/product\/10769","targetHints":{"allow":["GET"]}}],"collection":[{"href":"https:\/\/www.naturales-canarias.com\/fr\/wp-json\/wp\/v2\/product"}],"about":[{"href":"https:\/\/www.naturales-canarias.com\/fr\/wp-json\/wp\/v2\/types\/product"}],"wp:featuredmedia":[{"embeddable":true,"href":"https:\/\/www.naturales-canarias.com\/fr\/wp-json\/wp\/v2\/media\/10710"}],"wp:attachment":[{"href":"https:\/\/www.naturales-canarias.com\/fr\/wp-json\/wp\/v2\/media?parent=10769"}],"wp:term":[{"taxonomy":"product_brand","embeddable":true,"href":"https:\/\/www.naturales-canarias.com\/fr\/wp-json\/wp\/v2\/product_brand?post=10769"},{"taxonomy":"product_cat","embeddable":true,"href":"https:\/\/www.naturales-canarias.com\/fr\/wp-json\/wp\/v2\/product_cat?post=10769"},{"taxonomy":"product_tag","embeddable":true,"href":"https:\/\/www.naturales-canarias.com\/fr\/wp-json\/wp\/v2\/product_tag?post=10769"}],"curies":[{"name":"wp","href":"https:\/\/api.w.org\/{rel}","templated":true}]}}