{"id":10787,"date":"2022-06-04T13:48:53","date_gmt":"2022-06-04T13:48:54","guid":{"rendered":"https:\/\/www.naturales-canarias.com\/?post_type=product&#038;p=10787"},"modified":"2022-06-04T13:59:30","modified_gmt":"2022-06-04T13:59:30","slug":"aloe-vera-dentifrice-a-lhuile-de-chanvre-sans-fluorure-cosmonatura","status":"publish","type":"product","link":"https:\/\/www.naturales-canarias.com\/fr\/produits\/aloe-vera-dentifrice-a-lhuile-de-chanvre-sans-fluorure-cosmonatura\/","title":{"rendered":"Aloe Vera &#8211; Dentifrice \u00e0 l&rsquo;huile de chanvre &#8211; sans fluorure  | Cosmonatura"},"content":{"rendered":"<p><strong>Aloe Vera &#8211; Dentifrice \u00e0 l&rsquo;huile de chanvre<\/strong><br \/>\nLe dentifrice \u00e0 l&rsquo;Aloe Vera et \u00e0 l&rsquo;huile de chanvre aide \u00e0 pr\u00e9venir les caries dentaires et \u00e0 garder les gencives saines et prot\u00e9g\u00e9es. Pr\u00e9vient la formation de la plaque dentaire. SANS FLORIDE<\/p>\n<p>Contentu: 75ml<\/p>\n","protected":false},"excerpt":{"rendered":"<p>Aloe Vera &#8211; Dentifrice \u00e0 l&rsquo;huile de chanvre &#8211; sans fluorure  | Cosmonatura<br \/>\nContenu: 75ml<\/p>\n","protected":false},"featured_media":10745,"template":"","meta":[],"product_brand":[],"product_cat":[107],"product_tag":[],"class_list":{"0":"post-10787","1":"product","2":"type-product","3":"status-publish","4":"has-post-thumbnail","6":"product_cat-le-soin-des-cheveux","8":"first","9":"instock","10":"shipping-taxable","11":"purchasable","12":"product-type-simple"},"yoast_head":"<!-- This site is optimized with the Yoast SEO plugin v27.5 - https:\/\/yoast.com\/product\/yoast-seo-wordpress\/ -->\n<title>Aloe Vera - Dentifrice \u00e0 l&#039;huile de chanvre - sans fluorure | Cosmonatura - Aloe Vera Shop - Naturales Canaria<\/title>\n<meta name=\"robots\" content=\"index, follow, max-snippet:-1, max-image-preview:large, max-video-preview:-1\" \/>\n<link rel=\"canonical\" href=\"https:\/\/www.naturales-canarias.com\/fr\/produits\/aloe-vera-dentifrice-a-lhuile-de-chanvre-sans-fluorure-cosmonatura\/\" \/>\n<meta property=\"og:locale\" content=\"fr_FR\" \/>\n<meta property=\"og:type\" content=\"article\" \/>\n<meta property=\"og:title\" content=\"Aloe Vera - Dentifrice \u00e0 l&#039;huile de chanvre - sans fluorure | Cosmonatura - Aloe Vera Shop - Naturales Canaria\" \/>\n<meta property=\"og:description\" content=\"Aloe Vera - Dentifrice \u00e0 l&#039;huile de chanvre - sans fluorure | Cosmonatura Contenu: 75ml\" \/>\n<meta property=\"og:url\" content=\"https:\/\/www.naturales-canarias.com\/fr\/produits\/aloe-vera-dentifrice-a-lhuile-de-chanvre-sans-fluorure-cosmonatura\/\" \/>\n<meta property=\"og:site_name\" content=\"Aloe Vera Shop - Naturales Canaria\" \/>\n<meta property=\"article:publisher\" content=\"https:\/\/www.facebook.com\/Naturales-Canarias-Aloe-Vera-Shop-777293042339239\/?fref=ts\" \/>\n<meta property=\"article:modified_time\" content=\"2022-06-04T13:59:30+00:00\" \/>\n<meta property=\"og:image\" content=\"https:\/\/www.naturales-canarias.com\/wp-content\/uploads\/2022\/05\/tooth-cosmonatura.jpg\" \/>\n\t<meta property=\"og:image:width\" content=\"800\" \/>\n\t<meta property=\"og:image:height\" content=\"800\" \/>\n\t<meta property=\"og:image:type\" content=\"image\/jpeg\" \/>\n<script type=\"application\/ld+json\" class=\"yoast-schema-graph\">{\"@context\":\"https:\\\/\\\/schema.org\",\"@graph\":[{\"@type\":\"WebPage\",\"@id\":\"https:\\\/\\\/www.naturales-canarias.com\\\/fr\\\/produits\\\/aloe-vera-dentifrice-a-lhuile-de-chanvre-sans-fluorure-cosmonatura\\\/\",\"url\":\"https:\\\/\\\/www.naturales-canarias.com\\\/fr\\\/produits\\\/aloe-vera-dentifrice-a-lhuile-de-chanvre-sans-fluorure-cosmonatura\\\/\",\"name\":\"Aloe Vera - Dentifrice \u00e0 l'huile de chanvre - sans fluorure | Cosmonatura - Aloe Vera Shop - Naturales Canaria\",\"isPartOf\":{\"@id\":\"https:\\\/\\\/www.naturales-canarias.com\\\/nl\\\/#website\"},\"primaryImageOfPage\":{\"@id\":\"https:\\\/\\\/www.naturales-canarias.com\\\/fr\\\/produits\\\/aloe-vera-dentifrice-a-lhuile-de-chanvre-sans-fluorure-cosmonatura\\\/#primaryimage\"},\"image\":{\"@id\":\"https:\\\/\\\/www.naturales-canarias.com\\\/fr\\\/produits\\\/aloe-vera-dentifrice-a-lhuile-de-chanvre-sans-fluorure-cosmonatura\\\/#primaryimage\"},\"thumbnailUrl\":\"https:\\\/\\\/www.naturales-canarias.com\\\/wp-content\\\/uploads\\\/2022\\\/05\\\/tooth-cosmonatura.jpg\",\"datePublished\":\"2022-06-04T13:48:54+00:00\",\"dateModified\":\"2022-06-04T13:59:30+00:00\",\"breadcrumb\":{\"@id\":\"https:\\\/\\\/www.naturales-canarias.com\\\/fr\\\/produits\\\/aloe-vera-dentifrice-a-lhuile-de-chanvre-sans-fluorure-cosmonatura\\\/#breadcrumb\"},\"inLanguage\":\"fr-FR\",\"potentialAction\":[{\"@type\":\"ReadAction\",\"target\":[\"https:\\\/\\\/www.naturales-canarias.com\\\/fr\\\/produits\\\/aloe-vera-dentifrice-a-lhuile-de-chanvre-sans-fluorure-cosmonatura\\\/\"]}]},{\"@type\":\"ImageObject\",\"inLanguage\":\"fr-FR\",\"@id\":\"https:\\\/\\\/www.naturales-canarias.com\\\/fr\\\/produits\\\/aloe-vera-dentifrice-a-lhuile-de-chanvre-sans-fluorure-cosmonatura\\\/#primaryimage\",\"url\":\"https:\\\/\\\/www.naturales-canarias.com\\\/wp-content\\\/uploads\\\/2022\\\/05\\\/tooth-cosmonatura.jpg\",\"contentUrl\":\"https:\\\/\\\/www.naturales-canarias.com\\\/wp-content\\\/uploads\\\/2022\\\/05\\\/tooth-cosmonatura.jpg\",\"width\":800,\"height\":800},{\"@type\":\"BreadcrumbList\",\"@id\":\"https:\\\/\\\/www.naturales-canarias.com\\\/fr\\\/produits\\\/aloe-vera-dentifrice-a-lhuile-de-chanvre-sans-fluorure-cosmonatura\\\/#breadcrumb\",\"itemListElement\":[{\"@type\":\"ListItem\",\"position\":1,\"name\":\"Home\",\"item\":\"https:\\\/\\\/www.naturales-canarias.com\\\/fr\\\/\"},{\"@type\":\"ListItem\",\"position\":2,\"name\":\"Boutique\",\"item\":\"https:\\\/\\\/www.naturales-canarias.com\\\/fr\\\/boutique\\\/\"},{\"@type\":\"ListItem\",\"position\":3,\"name\":\"Aloe Vera &#8211; Dentifrice \u00e0 l&#8217;huile de chanvre &#8211; sans fluorure | Cosmonatura\"}]},{\"@type\":\"WebSite\",\"@id\":\"https:\\\/\\\/www.naturales-canarias.com\\\/nl\\\/#website\",\"url\":\"https:\\\/\\\/www.naturales-canarias.com\\\/nl\\\/\",\"name\":\"Aloe Vera Shop - Naturales Canaria\",\"description\":\"Aloe Vera Producs from the canarian islands\",\"potentialAction\":[{\"@type\":\"SearchAction\",\"target\":{\"@type\":\"EntryPoint\",\"urlTemplate\":\"https:\\\/\\\/www.naturales-canarias.com\\\/nl\\\/?s={search_term_string}\"},\"query-input\":{\"@type\":\"PropertyValueSpecification\",\"valueRequired\":true,\"valueName\":\"search_term_string\"}}],\"inLanguage\":\"fr-FR\"}]}<\/script>\n<!-- \/ Yoast SEO plugin. -->","yoast_head_json":{"title":"Aloe Vera - Dentifrice \u00e0 l'huile de chanvre - sans fluorure | Cosmonatura - Aloe Vera Shop - Naturales Canaria","robots":{"index":"index","follow":"follow","max-snippet":"max-snippet:-1","max-image-preview":"max-image-preview:large","max-video-preview":"max-video-preview:-1"},"canonical":"https:\/\/www.naturales-canarias.com\/fr\/produits\/aloe-vera-dentifrice-a-lhuile-de-chanvre-sans-fluorure-cosmonatura\/","og_locale":"fr_FR","og_type":"article","og_title":"Aloe Vera - Dentifrice \u00e0 l'huile de chanvre - sans fluorure | Cosmonatura - Aloe Vera Shop - Naturales Canaria","og_description":"Aloe Vera - Dentifrice \u00e0 l'huile de chanvre - sans fluorure | Cosmonatura Contenu: 75ml","og_url":"https:\/\/www.naturales-canarias.com\/fr\/produits\/aloe-vera-dentifrice-a-lhuile-de-chanvre-sans-fluorure-cosmonatura\/","og_site_name":"Aloe Vera Shop - Naturales Canaria","article_publisher":"https:\/\/www.facebook.com\/Naturales-Canarias-Aloe-Vera-Shop-777293042339239\/?fref=ts","article_modified_time":"2022-06-04T13:59:30+00:00","og_image":[{"width":800,"height":800,"url":"https:\/\/www.naturales-canarias.com\/wp-content\/uploads\/2022\/05\/tooth-cosmonatura.jpg","type":"image\/jpeg"}],"schema":{"@context":"https:\/\/schema.org","@graph":[{"@type":"WebPage","@id":"https:\/\/www.naturales-canarias.com\/fr\/produits\/aloe-vera-dentifrice-a-lhuile-de-chanvre-sans-fluorure-cosmonatura\/","url":"https:\/\/www.naturales-canarias.com\/fr\/produits\/aloe-vera-dentifrice-a-lhuile-de-chanvre-sans-fluorure-cosmonatura\/","name":"Aloe Vera - Dentifrice \u00e0 l'huile de chanvre - sans fluorure | Cosmonatura - Aloe Vera Shop - Naturales Canaria","isPartOf":{"@id":"https:\/\/www.naturales-canarias.com\/nl\/#website"},"primaryImageOfPage":{"@id":"https:\/\/www.naturales-canarias.com\/fr\/produits\/aloe-vera-dentifrice-a-lhuile-de-chanvre-sans-fluorure-cosmonatura\/#primaryimage"},"image":{"@id":"https:\/\/www.naturales-canarias.com\/fr\/produits\/aloe-vera-dentifrice-a-lhuile-de-chanvre-sans-fluorure-cosmonatura\/#primaryimage"},"thumbnailUrl":"https:\/\/www.naturales-canarias.com\/wp-content\/uploads\/2022\/05\/tooth-cosmonatura.jpg","datePublished":"2022-06-04T13:48:54+00:00","dateModified":"2022-06-04T13:59:30+00:00","breadcrumb":{"@id":"https:\/\/www.naturales-canarias.com\/fr\/produits\/aloe-vera-dentifrice-a-lhuile-de-chanvre-sans-fluorure-cosmonatura\/#breadcrumb"},"inLanguage":"fr-FR","potentialAction":[{"@type":"ReadAction","target":["https:\/\/www.naturales-canarias.com\/fr\/produits\/aloe-vera-dentifrice-a-lhuile-de-chanvre-sans-fluorure-cosmonatura\/"]}]},{"@type":"ImageObject","inLanguage":"fr-FR","@id":"https:\/\/www.naturales-canarias.com\/fr\/produits\/aloe-vera-dentifrice-a-lhuile-de-chanvre-sans-fluorure-cosmonatura\/#primaryimage","url":"https:\/\/www.naturales-canarias.com\/wp-content\/uploads\/2022\/05\/tooth-cosmonatura.jpg","contentUrl":"https:\/\/www.naturales-canarias.com\/wp-content\/uploads\/2022\/05\/tooth-cosmonatura.jpg","width":800,"height":800},{"@type":"BreadcrumbList","@id":"https:\/\/www.naturales-canarias.com\/fr\/produits\/aloe-vera-dentifrice-a-lhuile-de-chanvre-sans-fluorure-cosmonatura\/#breadcrumb","itemListElement":[{"@type":"ListItem","position":1,"name":"Home","item":"https:\/\/www.naturales-canarias.com\/fr\/"},{"@type":"ListItem","position":2,"name":"Boutique","item":"https:\/\/www.naturales-canarias.com\/fr\/boutique\/"},{"@type":"ListItem","position":3,"name":"Aloe Vera &#8211; Dentifrice \u00e0 l&#8217;huile de chanvre &#8211; sans fluorure | Cosmonatura"}]},{"@type":"WebSite","@id":"https:\/\/www.naturales-canarias.com\/nl\/#website","url":"https:\/\/www.naturales-canarias.com\/nl\/","name":"Aloe Vera Shop - Naturales Canaria","description":"Aloe Vera Producs from the canarian islands","potentialAction":[{"@type":"SearchAction","target":{"@type":"EntryPoint","urlTemplate":"https:\/\/www.naturales-canarias.com\/nl\/?s={search_term_string}"},"query-input":{"@type":"PropertyValueSpecification","valueRequired":true,"valueName":"search_term_string"}}],"inLanguage":"fr-FR"}]}},"_links":{"self":[{"href":"https:\/\/www.naturales-canarias.com\/fr\/wp-json\/wp\/v2\/product\/10787","targetHints":{"allow":["GET"]}}],"collection":[{"href":"https:\/\/www.naturales-canarias.com\/fr\/wp-json\/wp\/v2\/product"}],"about":[{"href":"https:\/\/www.naturales-canarias.com\/fr\/wp-json\/wp\/v2\/types\/product"}],"wp:featuredmedia":[{"embeddable":true,"href":"https:\/\/www.naturales-canarias.com\/fr\/wp-json\/wp\/v2\/media\/10745"}],"wp:attachment":[{"href":"https:\/\/www.naturales-canarias.com\/fr\/wp-json\/wp\/v2\/media?parent=10787"}],"wp:term":[{"taxonomy":"product_brand","embeddable":true,"href":"https:\/\/www.naturales-canarias.com\/fr\/wp-json\/wp\/v2\/product_brand?post=10787"},{"taxonomy":"product_cat","embeddable":true,"href":"https:\/\/www.naturales-canarias.com\/fr\/wp-json\/wp\/v2\/product_cat?post=10787"},{"taxonomy":"product_tag","embeddable":true,"href":"https:\/\/www.naturales-canarias.com\/fr\/wp-json\/wp\/v2\/product_tag?post=10787"}],"curies":[{"name":"wp","href":"https:\/\/api.w.org\/{rel}","templated":true}]}}