{"id":1626,"date":"2015-02-27T17:30:04","date_gmt":"2016-02-18T09:04:21","guid":{"rendered":"https:\/\/www.naturales-canarias.com\/fr\/?post_type=product&#038;p=1626"},"modified":"2020-08-03T07:48:10","modified_gmt":"2020-08-03T07:48:10","slug":"aloe-vera-relax-frio-gel-extra-naturales-canarias","status":"publish","type":"product","link":"https:\/\/www.naturales-canarias.com\/fr\/produits\/aloe-vera-relax-frio-gel-extra-naturales-canarias\/","title":{"rendered":"Aloe Vera Relax Froid Gel EXTRA (rouge) | Naturales Canarias"},"content":{"rendered":"<p><strong>Aloe Vera Relax frio gel EXTRA (rouge) from Gran Canaria<\/strong><\/p>\n<ul>\n<li>Contains Aloe Vera, Devil&rsquo;s Claw (10%), camphor, menthol and Arnica (10%)<\/li>\n<li>Suitable as sports gel and\/or massage gel <\/li>\n<\/ul>\n<p>&nbsp;<\/p>\n<p style=\"text-align: justify;\">Id\u00e9al pour les pieds, les articulations et les jambes lourdes ou avec beaucoup d\u00b4activit\u00e9. Appporte fraicheur soulegement. Conseill\u00e9 pour les contusions, crampes, l\u00b4osteoarthrite d\u00e9g\u00e9n\u00e9rative, rhumatisme, etc. Contient Aloe Vera, \u00c1rnica et Harpagofito.<\/p>\n<p>&nbsp;<\/p>\n<hr \/>\n<p>&nbsp;<\/p>\n<p><strong> Filling capacity:<\/strong> 500ml<\/p>\n<p><strong> Producer:<\/strong> Naturales Canarias<\/p>\n<p>&nbsp;<\/p>\n<p style=\"text-align: justify;\"><em><strong> Ingredients:<\/strong> Alcohol Denat., Aqua, Aloe barbadensis leaf extract, Glycerin, Propylene Glycol, Maltodextrin, Camphor, Menthol, Harpagophytum procumbens Root Extract, Arnica Montana Flower Extract, Phenoxyethanol, Ethylhexyglycerin, Carbomer, Triethanolamine, Parfum, Disodium EDTA, Potassium Sorbate, Sodium Benzoate, Citric Acid, CI 42720, CI 15985, CI 42090.<\/em><\/p>\n<p>&nbsp;<\/p>\n","protected":false},"excerpt":{"rendered":"<p><strong>Aloe Vera Relax Froid Gel EXTRA (10%) &#8211; Gran Canaria<\/strong><\/p>\n<p>500ml | Naturales Canarias<\/p>\n","protected":false},"featured_media":4258,"template":"","meta":[],"product_brand":[],"product_cat":[24,251,105],"product_tag":[],"class_list":{"0":"post-1626","1":"product","2":"type-product","3":"status-publish","4":"has-post-thumbnail","6":"product_cat-gel-fr","7":"product_cat-relax-frio-extra-rouge-fr","8":"product_cat-soins-du-corps","10":"first","11":"instock","12":"featured","13":"shipping-taxable","14":"purchasable","15":"product-type-simple"},"yoast_head":"<!-- This site is optimized with the Yoast SEO plugin v27.5 - https:\/\/yoast.com\/product\/yoast-seo-wordpress\/ -->\n<title>Aloe Vera Relax Froid Gel EXTRA (rouge) | Naturales Canarias - Aloe Vera Shop - Naturales Canaria<\/title>\n<meta name=\"robots\" content=\"index, follow, max-snippet:-1, max-image-preview:large, max-video-preview:-1\" \/>\n<link rel=\"canonical\" href=\"https:\/\/www.naturales-canarias.com\/fr\/produits\/aloe-vera-relax-frio-gel-extra-naturales-canarias\/\" \/>\n<meta property=\"og:locale\" content=\"fr_FR\" \/>\n<meta property=\"og:type\" content=\"article\" \/>\n<meta property=\"og:title\" content=\"Aloe Vera Relax Froid Gel EXTRA (rouge) | Naturales Canarias - Aloe Vera Shop - Naturales Canaria\" \/>\n<meta property=\"og:description\" content=\"Aloe Vera Relax Froid Gel EXTRA (10%) - Gran Canaria  500ml | Naturales Canarias\" \/>\n<meta property=\"og:url\" content=\"https:\/\/www.naturales-canarias.com\/fr\/produits\/aloe-vera-relax-frio-gel-extra-naturales-canarias\/\" \/>\n<meta property=\"og:site_name\" content=\"Aloe Vera Shop - Naturales Canaria\" \/>\n<meta property=\"article:publisher\" content=\"https:\/\/www.facebook.com\/Naturales-Canarias-Aloe-Vera-Shop-777293042339239\/?fref=ts\" \/>\n<meta property=\"article:modified_time\" content=\"2020-08-03T07:48:10+00:00\" \/>\n<meta property=\"og:image\" content=\"https:\/\/www.naturales-canarias.com\/wp-content\/uploads\/2019\/04\/1310Aromas_gel_relax_strong-2019.jpg\" \/>\n\t<meta property=\"og:image:width\" content=\"800\" \/>\n\t<meta property=\"og:image:height\" content=\"800\" \/>\n\t<meta property=\"og:image:type\" content=\"image\/jpeg\" \/>\n<meta name=\"twitter:label1\" content=\"Dur\u00e9e de lecture estim\u00e9e\" \/>\n\t<meta name=\"twitter:data1\" content=\"1 minute\" \/>\n<script type=\"application\/ld+json\" class=\"yoast-schema-graph\">{\"@context\":\"https:\\\/\\\/schema.org\",\"@graph\":[{\"@type\":\"WebPage\",\"@id\":\"https:\\\/\\\/www.naturales-canarias.com\\\/fr\\\/produits\\\/aloe-vera-relax-frio-gel-extra-naturales-canarias\\\/\",\"url\":\"https:\\\/\\\/www.naturales-canarias.com\\\/fr\\\/produits\\\/aloe-vera-relax-frio-gel-extra-naturales-canarias\\\/\",\"name\":\"Aloe Vera Relax Froid Gel EXTRA (rouge) | Naturales Canarias - Aloe Vera Shop - Naturales Canaria\",\"isPartOf\":{\"@id\":\"https:\\\/\\\/www.naturales-canarias.com\\\/nl\\\/#website\"},\"primaryImageOfPage\":{\"@id\":\"https:\\\/\\\/www.naturales-canarias.com\\\/fr\\\/produits\\\/aloe-vera-relax-frio-gel-extra-naturales-canarias\\\/#primaryimage\"},\"image\":{\"@id\":\"https:\\\/\\\/www.naturales-canarias.com\\\/fr\\\/produits\\\/aloe-vera-relax-frio-gel-extra-naturales-canarias\\\/#primaryimage\"},\"thumbnailUrl\":\"https:\\\/\\\/www.naturales-canarias.com\\\/wp-content\\\/uploads\\\/2019\\\/04\\\/1310Aromas_gel_relax_strong-2019.jpg\",\"datePublished\":\"2016-02-18T09:04:21+00:00\",\"dateModified\":\"2020-08-03T07:48:10+00:00\",\"breadcrumb\":{\"@id\":\"https:\\\/\\\/www.naturales-canarias.com\\\/fr\\\/produits\\\/aloe-vera-relax-frio-gel-extra-naturales-canarias\\\/#breadcrumb\"},\"inLanguage\":\"fr-FR\",\"potentialAction\":[{\"@type\":\"ReadAction\",\"target\":[\"https:\\\/\\\/www.naturales-canarias.com\\\/fr\\\/produits\\\/aloe-vera-relax-frio-gel-extra-naturales-canarias\\\/\"]}]},{\"@type\":\"ImageObject\",\"inLanguage\":\"fr-FR\",\"@id\":\"https:\\\/\\\/www.naturales-canarias.com\\\/fr\\\/produits\\\/aloe-vera-relax-frio-gel-extra-naturales-canarias\\\/#primaryimage\",\"url\":\"https:\\\/\\\/www.naturales-canarias.com\\\/wp-content\\\/uploads\\\/2019\\\/04\\\/1310Aromas_gel_relax_strong-2019.jpg\",\"contentUrl\":\"https:\\\/\\\/www.naturales-canarias.com\\\/wp-content\\\/uploads\\\/2019\\\/04\\\/1310Aromas_gel_relax_strong-2019.jpg\",\"width\":800,\"height\":800},{\"@type\":\"BreadcrumbList\",\"@id\":\"https:\\\/\\\/www.naturales-canarias.com\\\/fr\\\/produits\\\/aloe-vera-relax-frio-gel-extra-naturales-canarias\\\/#breadcrumb\",\"itemListElement\":[{\"@type\":\"ListItem\",\"position\":1,\"name\":\"Home\",\"item\":\"https:\\\/\\\/www.naturales-canarias.com\\\/fr\\\/\"},{\"@type\":\"ListItem\",\"position\":2,\"name\":\"Boutique\",\"item\":\"https:\\\/\\\/www.naturales-canarias.com\\\/fr\\\/boutique\\\/\"},{\"@type\":\"ListItem\",\"position\":3,\"name\":\"Aloe Vera Relax Froid Gel EXTRA (rouge) | Naturales Canarias\"}]},{\"@type\":\"WebSite\",\"@id\":\"https:\\\/\\\/www.naturales-canarias.com\\\/nl\\\/#website\",\"url\":\"https:\\\/\\\/www.naturales-canarias.com\\\/nl\\\/\",\"name\":\"Aloe Vera Shop - Naturales Canaria\",\"description\":\"Aloe Vera Producs from the canarian islands\",\"potentialAction\":[{\"@type\":\"SearchAction\",\"target\":{\"@type\":\"EntryPoint\",\"urlTemplate\":\"https:\\\/\\\/www.naturales-canarias.com\\\/nl\\\/?s={search_term_string}\"},\"query-input\":{\"@type\":\"PropertyValueSpecification\",\"valueRequired\":true,\"valueName\":\"search_term_string\"}}],\"inLanguage\":\"fr-FR\"}]}<\/script>\n<!-- \/ Yoast SEO plugin. -->","yoast_head_json":{"title":"Aloe Vera Relax Froid Gel EXTRA (rouge) | Naturales Canarias - Aloe Vera Shop - Naturales Canaria","robots":{"index":"index","follow":"follow","max-snippet":"max-snippet:-1","max-image-preview":"max-image-preview:large","max-video-preview":"max-video-preview:-1"},"canonical":"https:\/\/www.naturales-canarias.com\/fr\/produits\/aloe-vera-relax-frio-gel-extra-naturales-canarias\/","og_locale":"fr_FR","og_type":"article","og_title":"Aloe Vera Relax Froid Gel EXTRA (rouge) | Naturales Canarias - Aloe Vera Shop - Naturales Canaria","og_description":"Aloe Vera Relax Froid Gel EXTRA (10%) - Gran Canaria  500ml | Naturales Canarias","og_url":"https:\/\/www.naturales-canarias.com\/fr\/produits\/aloe-vera-relax-frio-gel-extra-naturales-canarias\/","og_site_name":"Aloe Vera Shop - Naturales Canaria","article_publisher":"https:\/\/www.facebook.com\/Naturales-Canarias-Aloe-Vera-Shop-777293042339239\/?fref=ts","article_modified_time":"2020-08-03T07:48:10+00:00","og_image":[{"width":800,"height":800,"url":"https:\/\/www.naturales-canarias.com\/wp-content\/uploads\/2019\/04\/1310Aromas_gel_relax_strong-2019.jpg","type":"image\/jpeg"}],"twitter_misc":{"Dur\u00e9e de lecture estim\u00e9e":"1 minute"},"schema":{"@context":"https:\/\/schema.org","@graph":[{"@type":"WebPage","@id":"https:\/\/www.naturales-canarias.com\/fr\/produits\/aloe-vera-relax-frio-gel-extra-naturales-canarias\/","url":"https:\/\/www.naturales-canarias.com\/fr\/produits\/aloe-vera-relax-frio-gel-extra-naturales-canarias\/","name":"Aloe Vera Relax Froid Gel EXTRA (rouge) | Naturales Canarias - Aloe Vera Shop - Naturales Canaria","isPartOf":{"@id":"https:\/\/www.naturales-canarias.com\/nl\/#website"},"primaryImageOfPage":{"@id":"https:\/\/www.naturales-canarias.com\/fr\/produits\/aloe-vera-relax-frio-gel-extra-naturales-canarias\/#primaryimage"},"image":{"@id":"https:\/\/www.naturales-canarias.com\/fr\/produits\/aloe-vera-relax-frio-gel-extra-naturales-canarias\/#primaryimage"},"thumbnailUrl":"https:\/\/www.naturales-canarias.com\/wp-content\/uploads\/2019\/04\/1310Aromas_gel_relax_strong-2019.jpg","datePublished":"2016-02-18T09:04:21+00:00","dateModified":"2020-08-03T07:48:10+00:00","breadcrumb":{"@id":"https:\/\/www.naturales-canarias.com\/fr\/produits\/aloe-vera-relax-frio-gel-extra-naturales-canarias\/#breadcrumb"},"inLanguage":"fr-FR","potentialAction":[{"@type":"ReadAction","target":["https:\/\/www.naturales-canarias.com\/fr\/produits\/aloe-vera-relax-frio-gel-extra-naturales-canarias\/"]}]},{"@type":"ImageObject","inLanguage":"fr-FR","@id":"https:\/\/www.naturales-canarias.com\/fr\/produits\/aloe-vera-relax-frio-gel-extra-naturales-canarias\/#primaryimage","url":"https:\/\/www.naturales-canarias.com\/wp-content\/uploads\/2019\/04\/1310Aromas_gel_relax_strong-2019.jpg","contentUrl":"https:\/\/www.naturales-canarias.com\/wp-content\/uploads\/2019\/04\/1310Aromas_gel_relax_strong-2019.jpg","width":800,"height":800},{"@type":"BreadcrumbList","@id":"https:\/\/www.naturales-canarias.com\/fr\/produits\/aloe-vera-relax-frio-gel-extra-naturales-canarias\/#breadcrumb","itemListElement":[{"@type":"ListItem","position":1,"name":"Home","item":"https:\/\/www.naturales-canarias.com\/fr\/"},{"@type":"ListItem","position":2,"name":"Boutique","item":"https:\/\/www.naturales-canarias.com\/fr\/boutique\/"},{"@type":"ListItem","position":3,"name":"Aloe Vera Relax Froid Gel EXTRA (rouge) | Naturales Canarias"}]},{"@type":"WebSite","@id":"https:\/\/www.naturales-canarias.com\/nl\/#website","url":"https:\/\/www.naturales-canarias.com\/nl\/","name":"Aloe Vera Shop - Naturales Canaria","description":"Aloe Vera Producs from the canarian islands","potentialAction":[{"@type":"SearchAction","target":{"@type":"EntryPoint","urlTemplate":"https:\/\/www.naturales-canarias.com\/nl\/?s={search_term_string}"},"query-input":{"@type":"PropertyValueSpecification","valueRequired":true,"valueName":"search_term_string"}}],"inLanguage":"fr-FR"}]}},"_links":{"self":[{"href":"https:\/\/www.naturales-canarias.com\/fr\/wp-json\/wp\/v2\/product\/1626","targetHints":{"allow":["GET"]}}],"collection":[{"href":"https:\/\/www.naturales-canarias.com\/fr\/wp-json\/wp\/v2\/product"}],"about":[{"href":"https:\/\/www.naturales-canarias.com\/fr\/wp-json\/wp\/v2\/types\/product"}],"wp:featuredmedia":[{"embeddable":true,"href":"https:\/\/www.naturales-canarias.com\/fr\/wp-json\/wp\/v2\/media\/4258"}],"wp:attachment":[{"href":"https:\/\/www.naturales-canarias.com\/fr\/wp-json\/wp\/v2\/media?parent=1626"}],"wp:term":[{"taxonomy":"product_brand","embeddable":true,"href":"https:\/\/www.naturales-canarias.com\/fr\/wp-json\/wp\/v2\/product_brand?post=1626"},{"taxonomy":"product_cat","embeddable":true,"href":"https:\/\/www.naturales-canarias.com\/fr\/wp-json\/wp\/v2\/product_cat?post=1626"},{"taxonomy":"product_tag","embeddable":true,"href":"https:\/\/www.naturales-canarias.com\/fr\/wp-json\/wp\/v2\/product_tag?post=1626"}],"curies":[{"name":"wp","href":"https:\/\/api.w.org\/{rel}","templated":true}]}}