{"id":1647,"date":"2015-02-09T16:27:44","date_gmt":"2016-02-18T09:08:28","guid":{"rendered":"https:\/\/www.naturales-canarias.com\/fr\/?post_type=product&#038;p=1647"},"modified":"2016-02-18T10:03:06","modified_gmt":"2016-02-18T10:03:06","slug":"aloe-vera-vein-gel-dermetiks","status":"publish","type":"product","link":"https:\/\/www.naturales-canarias.com\/fr\/produits\/aloe-vera-vein-gel-dermetiks\/","title":{"rendered":"Aloe Vera Varigel| Dermetiks"},"content":{"rendered":"<p><strong>Aloe Vera Varigel<\/strong><\/p>\n<ul>\n<li>Contains Aloe Vera, Rote indian chestnut and Hamamelis<\/li>\n<li>Against tired legs<\/li>\n<\/ul>\n<p>\u00a0<\/p>\n<p style=\"text-align: justify;\">Pour les pieds enfl\u00e9s et fatigu\u00e9s,. Il a des effets antiinflammatoires, d\u00e9congestifs et activateurs<\/p>\n<p>\u00a0<\/p>\n<hr \/>\n<p>\u00a0<\/p>\n<p><strong>Filling Capacity:<\/strong> 200ml<\/p>\n<p><strong>Producer:<\/strong> Dermetiks<\/p>\n<p>\u00a0<\/p>\n<p style=\"text-align: justify;\"><em><strong>Ingredients:<\/strong> Aqua, Aloe barbadensis leaf extract, Acrylated Copolymer, Propylene Glycol, Glycerin, polysorbate 20, Glycerin Hamamelis Virginana leaf extract, Aesculus hippocastanum Seed Extract, Vitis vinfera Leaf extract, Potassum Sorbate, Sodium Benzoate, Thritanolamine, Methylchloroisothiazolinone, Methylisothiazolinone, Magnesium Nitrate, Magnesium Chloride, BHT, Parfum, Geraniol, Citral, Limonene, Linalool.<\/em><\/p>\n<p>\u00a0<\/p>\n","protected":false},"excerpt":{"rendered":"<p><strong>Aloe Vera Varigel<\/strong><br \/>\n200ml | Dermetiks<\/p>\n","protected":false},"featured_media":537,"template":"","meta":[],"product_brand":[],"product_cat":[24,108],"product_tag":[],"class_list":{"0":"post-1647","1":"product","2":"type-product","3":"status-publish","4":"has-post-thumbnail","6":"product_cat-gel-fr","7":"product_cat-main-pied","9":"first","10":"outofstock","11":"shipping-taxable","12":"purchasable","13":"product-type-simple"},"yoast_head":"<!-- This site is optimized with the Yoast SEO plugin v27.5 - https:\/\/yoast.com\/product\/yoast-seo-wordpress\/ -->\n<title>Aloe Vera Varigel| Dermetiks - Aloe Vera Shop - Naturales Canaria<\/title>\n<meta name=\"robots\" content=\"index, follow, max-snippet:-1, max-image-preview:large, max-video-preview:-1\" \/>\n<link rel=\"canonical\" href=\"https:\/\/www.naturales-canarias.com\/fr\/produits\/aloe-vera-vein-gel-dermetiks\/\" \/>\n<meta property=\"og:locale\" content=\"fr_FR\" \/>\n<meta property=\"og:type\" content=\"article\" \/>\n<meta property=\"og:title\" content=\"Aloe Vera Varigel| Dermetiks - Aloe Vera Shop - Naturales Canaria\" \/>\n<meta property=\"og:description\" content=\"Aloe Vera Varigel 200ml | Dermetiks\" \/>\n<meta property=\"og:url\" content=\"https:\/\/www.naturales-canarias.com\/fr\/produits\/aloe-vera-vein-gel-dermetiks\/\" \/>\n<meta property=\"og:site_name\" content=\"Aloe Vera Shop - Naturales Canaria\" \/>\n<meta property=\"article:publisher\" content=\"https:\/\/www.facebook.com\/Naturales-Canarias-Aloe-Vera-Shop-777293042339239\/?fref=ts\" \/>\n<meta property=\"article:modified_time\" content=\"2016-02-18T10:03:06+00:00\" \/>\n<meta property=\"og:image\" content=\"https:\/\/www.naturales-canarias.com\/wp-content\/uploads\/2015\/02\/1415Dermetiks_varigel.jpg\" \/>\n\t<meta property=\"og:image:width\" content=\"800\" \/>\n\t<meta property=\"og:image:height\" content=\"800\" \/>\n\t<meta property=\"og:image:type\" content=\"image\/jpeg\" \/>\n<script type=\"application\/ld+json\" class=\"yoast-schema-graph\">{\"@context\":\"https:\\\/\\\/schema.org\",\"@graph\":[{\"@type\":\"WebPage\",\"@id\":\"https:\\\/\\\/www.naturales-canarias.com\\\/fr\\\/produits\\\/aloe-vera-vein-gel-dermetiks\\\/\",\"url\":\"https:\\\/\\\/www.naturales-canarias.com\\\/fr\\\/produits\\\/aloe-vera-vein-gel-dermetiks\\\/\",\"name\":\"Aloe Vera Varigel| Dermetiks - Aloe Vera Shop - Naturales Canaria\",\"isPartOf\":{\"@id\":\"https:\\\/\\\/www.naturales-canarias.com\\\/nl\\\/#website\"},\"primaryImageOfPage\":{\"@id\":\"https:\\\/\\\/www.naturales-canarias.com\\\/fr\\\/produits\\\/aloe-vera-vein-gel-dermetiks\\\/#primaryimage\"},\"image\":{\"@id\":\"https:\\\/\\\/www.naturales-canarias.com\\\/fr\\\/produits\\\/aloe-vera-vein-gel-dermetiks\\\/#primaryimage\"},\"thumbnailUrl\":\"https:\\\/\\\/www.naturales-canarias.com\\\/wp-content\\\/uploads\\\/2015\\\/02\\\/1415Dermetiks_varigel.jpg\",\"datePublished\":\"2016-02-18T09:08:28+00:00\",\"dateModified\":\"2016-02-18T10:03:06+00:00\",\"breadcrumb\":{\"@id\":\"https:\\\/\\\/www.naturales-canarias.com\\\/fr\\\/produits\\\/aloe-vera-vein-gel-dermetiks\\\/#breadcrumb\"},\"inLanguage\":\"fr-FR\",\"potentialAction\":[{\"@type\":\"ReadAction\",\"target\":[\"https:\\\/\\\/www.naturales-canarias.com\\\/fr\\\/produits\\\/aloe-vera-vein-gel-dermetiks\\\/\"]}]},{\"@type\":\"ImageObject\",\"inLanguage\":\"fr-FR\",\"@id\":\"https:\\\/\\\/www.naturales-canarias.com\\\/fr\\\/produits\\\/aloe-vera-vein-gel-dermetiks\\\/#primaryimage\",\"url\":\"https:\\\/\\\/www.naturales-canarias.com\\\/wp-content\\\/uploads\\\/2015\\\/02\\\/1415Dermetiks_varigel.jpg\",\"contentUrl\":\"https:\\\/\\\/www.naturales-canarias.com\\\/wp-content\\\/uploads\\\/2015\\\/02\\\/1415Dermetiks_varigel.jpg\",\"width\":800,\"height\":800},{\"@type\":\"BreadcrumbList\",\"@id\":\"https:\\\/\\\/www.naturales-canarias.com\\\/fr\\\/produits\\\/aloe-vera-vein-gel-dermetiks\\\/#breadcrumb\",\"itemListElement\":[{\"@type\":\"ListItem\",\"position\":1,\"name\":\"Home\",\"item\":\"https:\\\/\\\/www.naturales-canarias.com\\\/fr\\\/\"},{\"@type\":\"ListItem\",\"position\":2,\"name\":\"Boutique\",\"item\":\"https:\\\/\\\/www.naturales-canarias.com\\\/fr\\\/boutique\\\/\"},{\"@type\":\"ListItem\",\"position\":3,\"name\":\"Aloe Vera Varigel| Dermetiks\"}]},{\"@type\":\"WebSite\",\"@id\":\"https:\\\/\\\/www.naturales-canarias.com\\\/nl\\\/#website\",\"url\":\"https:\\\/\\\/www.naturales-canarias.com\\\/nl\\\/\",\"name\":\"Aloe Vera Shop - Naturales Canaria\",\"description\":\"Aloe Vera Producs from the canarian islands\",\"potentialAction\":[{\"@type\":\"SearchAction\",\"target\":{\"@type\":\"EntryPoint\",\"urlTemplate\":\"https:\\\/\\\/www.naturales-canarias.com\\\/nl\\\/?s={search_term_string}\"},\"query-input\":{\"@type\":\"PropertyValueSpecification\",\"valueRequired\":true,\"valueName\":\"search_term_string\"}}],\"inLanguage\":\"fr-FR\"}]}<\/script>\n<!-- \/ Yoast SEO plugin. -->","yoast_head_json":{"title":"Aloe Vera Varigel| Dermetiks - Aloe Vera Shop - Naturales Canaria","robots":{"index":"index","follow":"follow","max-snippet":"max-snippet:-1","max-image-preview":"max-image-preview:large","max-video-preview":"max-video-preview:-1"},"canonical":"https:\/\/www.naturales-canarias.com\/fr\/produits\/aloe-vera-vein-gel-dermetiks\/","og_locale":"fr_FR","og_type":"article","og_title":"Aloe Vera Varigel| Dermetiks - Aloe Vera Shop - Naturales Canaria","og_description":"Aloe Vera Varigel 200ml | Dermetiks","og_url":"https:\/\/www.naturales-canarias.com\/fr\/produits\/aloe-vera-vein-gel-dermetiks\/","og_site_name":"Aloe Vera Shop - Naturales Canaria","article_publisher":"https:\/\/www.facebook.com\/Naturales-Canarias-Aloe-Vera-Shop-777293042339239\/?fref=ts","article_modified_time":"2016-02-18T10:03:06+00:00","og_image":[{"width":800,"height":800,"url":"https:\/\/www.naturales-canarias.com\/wp-content\/uploads\/2015\/02\/1415Dermetiks_varigel.jpg","type":"image\/jpeg"}],"schema":{"@context":"https:\/\/schema.org","@graph":[{"@type":"WebPage","@id":"https:\/\/www.naturales-canarias.com\/fr\/produits\/aloe-vera-vein-gel-dermetiks\/","url":"https:\/\/www.naturales-canarias.com\/fr\/produits\/aloe-vera-vein-gel-dermetiks\/","name":"Aloe Vera Varigel| Dermetiks - Aloe Vera Shop - Naturales Canaria","isPartOf":{"@id":"https:\/\/www.naturales-canarias.com\/nl\/#website"},"primaryImageOfPage":{"@id":"https:\/\/www.naturales-canarias.com\/fr\/produits\/aloe-vera-vein-gel-dermetiks\/#primaryimage"},"image":{"@id":"https:\/\/www.naturales-canarias.com\/fr\/produits\/aloe-vera-vein-gel-dermetiks\/#primaryimage"},"thumbnailUrl":"https:\/\/www.naturales-canarias.com\/wp-content\/uploads\/2015\/02\/1415Dermetiks_varigel.jpg","datePublished":"2016-02-18T09:08:28+00:00","dateModified":"2016-02-18T10:03:06+00:00","breadcrumb":{"@id":"https:\/\/www.naturales-canarias.com\/fr\/produits\/aloe-vera-vein-gel-dermetiks\/#breadcrumb"},"inLanguage":"fr-FR","potentialAction":[{"@type":"ReadAction","target":["https:\/\/www.naturales-canarias.com\/fr\/produits\/aloe-vera-vein-gel-dermetiks\/"]}]},{"@type":"ImageObject","inLanguage":"fr-FR","@id":"https:\/\/www.naturales-canarias.com\/fr\/produits\/aloe-vera-vein-gel-dermetiks\/#primaryimage","url":"https:\/\/www.naturales-canarias.com\/wp-content\/uploads\/2015\/02\/1415Dermetiks_varigel.jpg","contentUrl":"https:\/\/www.naturales-canarias.com\/wp-content\/uploads\/2015\/02\/1415Dermetiks_varigel.jpg","width":800,"height":800},{"@type":"BreadcrumbList","@id":"https:\/\/www.naturales-canarias.com\/fr\/produits\/aloe-vera-vein-gel-dermetiks\/#breadcrumb","itemListElement":[{"@type":"ListItem","position":1,"name":"Home","item":"https:\/\/www.naturales-canarias.com\/fr\/"},{"@type":"ListItem","position":2,"name":"Boutique","item":"https:\/\/www.naturales-canarias.com\/fr\/boutique\/"},{"@type":"ListItem","position":3,"name":"Aloe Vera Varigel| Dermetiks"}]},{"@type":"WebSite","@id":"https:\/\/www.naturales-canarias.com\/nl\/#website","url":"https:\/\/www.naturales-canarias.com\/nl\/","name":"Aloe Vera Shop - Naturales Canaria","description":"Aloe Vera Producs from the canarian islands","potentialAction":[{"@type":"SearchAction","target":{"@type":"EntryPoint","urlTemplate":"https:\/\/www.naturales-canarias.com\/nl\/?s={search_term_string}"},"query-input":{"@type":"PropertyValueSpecification","valueRequired":true,"valueName":"search_term_string"}}],"inLanguage":"fr-FR"}]}},"_links":{"self":[{"href":"https:\/\/www.naturales-canarias.com\/fr\/wp-json\/wp\/v2\/product\/1647","targetHints":{"allow":["GET"]}}],"collection":[{"href":"https:\/\/www.naturales-canarias.com\/fr\/wp-json\/wp\/v2\/product"}],"about":[{"href":"https:\/\/www.naturales-canarias.com\/fr\/wp-json\/wp\/v2\/types\/product"}],"wp:featuredmedia":[{"embeddable":true,"href":"https:\/\/www.naturales-canarias.com\/fr\/wp-json\/wp\/v2\/media\/537"}],"wp:attachment":[{"href":"https:\/\/www.naturales-canarias.com\/fr\/wp-json\/wp\/v2\/media?parent=1647"}],"wp:term":[{"taxonomy":"product_brand","embeddable":true,"href":"https:\/\/www.naturales-canarias.com\/fr\/wp-json\/wp\/v2\/product_brand?post=1647"},{"taxonomy":"product_cat","embeddable":true,"href":"https:\/\/www.naturales-canarias.com\/fr\/wp-json\/wp\/v2\/product_cat?post=1647"},{"taxonomy":"product_tag","embeddable":true,"href":"https:\/\/www.naturales-canarias.com\/fr\/wp-json\/wp\/v2\/product_tag?post=1647"}],"curies":[{"name":"wp","href":"https:\/\/api.w.org\/{rel}","templated":true}]}}