{"id":4283,"date":"2023-12-07T11:52:16","date_gmt":"2019-04-22T14:04:07","guid":{"rendered":"https:\/\/www.naturales-canarias.com\/?post_type=product&#038;p=4283"},"modified":"2022-06-28T09:08:52","modified_gmt":"2022-06-28T09:08:52","slug":"aloe-vera-creme-bronzante-lsf30-aloveria","status":"publish","type":"product","link":"https:\/\/www.naturales-canarias.com\/fr\/produits\/aloe-vera-creme-bronzante-lsf30-aloveria\/","title":{"rendered":"Aloe Vera cr\u00e8me bronzante FPS30 | Aloveria"},"content":{"rendered":"<p><strong>Sun Protection with Aloe Vera from organic farming<\/strong><\/p>\n<ul>\n<li>Plants from organic farming<\/li>\n<li>Every 250ml Capacity contains 125 Gramm fresh Aloe Vera extract<\/li>\n<li>The real LSF is even higher because of the Aloe Vera percentage<\/li>\n<\/ul>\n<p>\u00a0<\/p>\n<p style=\"text-align: justify;\">La cr\u00e8me solaire \u00e0 20% d&rsquo;Aloe Vera pure et d&rsquo;\u00e9cran solaire FPS 30 convient \u00e0 tous les types de peau. Il prot\u00e8ge votre peau des coups de soleil, mais nourrit, rafra\u00eechit et r\u00e9g\u00e9n\u00e8re la peau en m\u00eame temps. Il prot\u00e8ge \u00e9galement la peau des coups de soleil et du vieillissement pr\u00e9matur\u00e9 caus\u00e9 par les rayons UVA \/ UVB. <\/p>\n<p>\u00a0<\/p>\n<hr \/>\n<p>\u00a0<\/p>\n<p><strong>Filling Capacity:<\/strong> 250ml<\/p>\n<p><strong>Producer:<\/strong> Aloveria<\/p>\n<p>\u00a0<\/p>\n<p style=\"text-align: justify;\"><em><strong>Ingredients:<\/strong> Aqua, Aloe barbadensis, Olus, Octyl Methoxycinnamate, Polyclyceryl-3, Diisostearate, Propylene Glycol, Carbomel, Triethanolamine, Phenoxyethanol, Methylparaben, Ethylparaben, Propylparaben, Butylparaben.<\/em><\/p>\n<p>\u00a0<\/p>\n","protected":false},"excerpt":{"rendered":"<p><strong>Aloe Vera cr\u00e8me bronzante FPS30<\/strong><br \/>\n250ml | Aloveria<\/p>\n","protected":false},"featured_media":4268,"template":"","meta":[],"product_brand":[],"product_cat":[18,105],"product_tag":[],"class_list":{"0":"post-4283","1":"product","2":"type-product","3":"status-publish","4":"has-post-thumbnail","6":"product_cat-creme-fr","7":"product_cat-soins-du-corps","9":"first","10":"instock","11":"shipping-taxable","12":"purchasable","13":"product-type-simple"},"yoast_head":"<!-- This site is optimized with the Yoast SEO plugin v27.5 - https:\/\/yoast.com\/product\/yoast-seo-wordpress\/ -->\n<title>Aloe Vera cr\u00e8me bronzante FPS30 | Aloveria - Aloe Vera Shop - Naturales Canaria<\/title>\n<meta name=\"robots\" content=\"index, follow, max-snippet:-1, max-image-preview:large, max-video-preview:-1\" \/>\n<link rel=\"canonical\" href=\"https:\/\/www.naturales-canarias.com\/fr\/produits\/aloe-vera-creme-bronzante-lsf30-aloveria\/\" \/>\n<meta property=\"og:locale\" content=\"fr_FR\" \/>\n<meta property=\"og:type\" content=\"article\" \/>\n<meta property=\"og:title\" content=\"Aloe Vera cr\u00e8me bronzante FPS30 | Aloveria - Aloe Vera Shop - Naturales Canaria\" \/>\n<meta property=\"og:description\" content=\"Aloe Vera cr\u00e8me bronzante FPS30 250ml | Aloveria\" \/>\n<meta property=\"og:url\" content=\"https:\/\/www.naturales-canarias.com\/fr\/produits\/aloe-vera-creme-bronzante-lsf30-aloveria\/\" \/>\n<meta property=\"og:site_name\" content=\"Aloe Vera Shop - Naturales Canaria\" \/>\n<meta property=\"article:publisher\" content=\"https:\/\/www.facebook.com\/Naturales-Canarias-Aloe-Vera-Shop-777293042339239\/?fref=ts\" \/>\n<meta property=\"article:modified_time\" content=\"2022-06-28T09:08:52+00:00\" \/>\n<meta property=\"og:image\" content=\"https:\/\/www.naturales-canarias.com\/wp-content\/uploads\/2019\/04\/1208Aloveria_sun_30.jpg\" \/>\n\t<meta property=\"og:image:width\" content=\"800\" \/>\n\t<meta property=\"og:image:height\" content=\"800\" \/>\n\t<meta property=\"og:image:type\" content=\"image\/jpeg\" \/>\n<meta name=\"twitter:label1\" content=\"Dur\u00e9e de lecture estim\u00e9e\" \/>\n\t<meta name=\"twitter:data1\" content=\"1 minute\" \/>\n<script type=\"application\/ld+json\" class=\"yoast-schema-graph\">{\"@context\":\"https:\\\/\\\/schema.org\",\"@graph\":[{\"@type\":\"WebPage\",\"@id\":\"https:\\\/\\\/www.naturales-canarias.com\\\/fr\\\/produits\\\/aloe-vera-creme-bronzante-lsf30-aloveria\\\/\",\"url\":\"https:\\\/\\\/www.naturales-canarias.com\\\/fr\\\/produits\\\/aloe-vera-creme-bronzante-lsf30-aloveria\\\/\",\"name\":\"Aloe Vera cr\u00e8me bronzante FPS30 | Aloveria - Aloe Vera Shop - Naturales Canaria\",\"isPartOf\":{\"@id\":\"https:\\\/\\\/www.naturales-canarias.com\\\/nl\\\/#website\"},\"primaryImageOfPage\":{\"@id\":\"https:\\\/\\\/www.naturales-canarias.com\\\/fr\\\/produits\\\/aloe-vera-creme-bronzante-lsf30-aloveria\\\/#primaryimage\"},\"image\":{\"@id\":\"https:\\\/\\\/www.naturales-canarias.com\\\/fr\\\/produits\\\/aloe-vera-creme-bronzante-lsf30-aloveria\\\/#primaryimage\"},\"thumbnailUrl\":\"https:\\\/\\\/www.naturales-canarias.com\\\/wp-content\\\/uploads\\\/2019\\\/04\\\/1208Aloveria_sun_30.jpg\",\"datePublished\":\"2019-04-22T14:04:07+00:00\",\"dateModified\":\"2022-06-28T09:08:52+00:00\",\"breadcrumb\":{\"@id\":\"https:\\\/\\\/www.naturales-canarias.com\\\/fr\\\/produits\\\/aloe-vera-creme-bronzante-lsf30-aloveria\\\/#breadcrumb\"},\"inLanguage\":\"fr-FR\",\"potentialAction\":[{\"@type\":\"ReadAction\",\"target\":[\"https:\\\/\\\/www.naturales-canarias.com\\\/fr\\\/produits\\\/aloe-vera-creme-bronzante-lsf30-aloveria\\\/\"]}]},{\"@type\":\"ImageObject\",\"inLanguage\":\"fr-FR\",\"@id\":\"https:\\\/\\\/www.naturales-canarias.com\\\/fr\\\/produits\\\/aloe-vera-creme-bronzante-lsf30-aloveria\\\/#primaryimage\",\"url\":\"https:\\\/\\\/www.naturales-canarias.com\\\/wp-content\\\/uploads\\\/2019\\\/04\\\/1208Aloveria_sun_30.jpg\",\"contentUrl\":\"https:\\\/\\\/www.naturales-canarias.com\\\/wp-content\\\/uploads\\\/2019\\\/04\\\/1208Aloveria_sun_30.jpg\",\"width\":800,\"height\":800},{\"@type\":\"BreadcrumbList\",\"@id\":\"https:\\\/\\\/www.naturales-canarias.com\\\/fr\\\/produits\\\/aloe-vera-creme-bronzante-lsf30-aloveria\\\/#breadcrumb\",\"itemListElement\":[{\"@type\":\"ListItem\",\"position\":1,\"name\":\"Home\",\"item\":\"https:\\\/\\\/www.naturales-canarias.com\\\/fr\\\/\"},{\"@type\":\"ListItem\",\"position\":2,\"name\":\"Boutique\",\"item\":\"https:\\\/\\\/www.naturales-canarias.com\\\/fr\\\/boutique\\\/\"},{\"@type\":\"ListItem\",\"position\":3,\"name\":\"Aloe Vera cr\u00e8me bronzante FPS30 | Aloveria\"}]},{\"@type\":\"WebSite\",\"@id\":\"https:\\\/\\\/www.naturales-canarias.com\\\/nl\\\/#website\",\"url\":\"https:\\\/\\\/www.naturales-canarias.com\\\/nl\\\/\",\"name\":\"Aloe Vera Shop - Naturales Canaria\",\"description\":\"Aloe Vera Producs from the canarian islands\",\"potentialAction\":[{\"@type\":\"SearchAction\",\"target\":{\"@type\":\"EntryPoint\",\"urlTemplate\":\"https:\\\/\\\/www.naturales-canarias.com\\\/nl\\\/?s={search_term_string}\"},\"query-input\":{\"@type\":\"PropertyValueSpecification\",\"valueRequired\":true,\"valueName\":\"search_term_string\"}}],\"inLanguage\":\"fr-FR\"}]}<\/script>\n<!-- \/ Yoast SEO plugin. -->","yoast_head_json":{"title":"Aloe Vera cr\u00e8me bronzante FPS30 | Aloveria - Aloe Vera Shop - Naturales Canaria","robots":{"index":"index","follow":"follow","max-snippet":"max-snippet:-1","max-image-preview":"max-image-preview:large","max-video-preview":"max-video-preview:-1"},"canonical":"https:\/\/www.naturales-canarias.com\/fr\/produits\/aloe-vera-creme-bronzante-lsf30-aloveria\/","og_locale":"fr_FR","og_type":"article","og_title":"Aloe Vera cr\u00e8me bronzante FPS30 | Aloveria - Aloe Vera Shop - Naturales Canaria","og_description":"Aloe Vera cr\u00e8me bronzante FPS30 250ml | Aloveria","og_url":"https:\/\/www.naturales-canarias.com\/fr\/produits\/aloe-vera-creme-bronzante-lsf30-aloveria\/","og_site_name":"Aloe Vera Shop - Naturales Canaria","article_publisher":"https:\/\/www.facebook.com\/Naturales-Canarias-Aloe-Vera-Shop-777293042339239\/?fref=ts","article_modified_time":"2022-06-28T09:08:52+00:00","og_image":[{"width":800,"height":800,"url":"https:\/\/www.naturales-canarias.com\/wp-content\/uploads\/2019\/04\/1208Aloveria_sun_30.jpg","type":"image\/jpeg"}],"twitter_misc":{"Dur\u00e9e de lecture estim\u00e9e":"1 minute"},"schema":{"@context":"https:\/\/schema.org","@graph":[{"@type":"WebPage","@id":"https:\/\/www.naturales-canarias.com\/fr\/produits\/aloe-vera-creme-bronzante-lsf30-aloveria\/","url":"https:\/\/www.naturales-canarias.com\/fr\/produits\/aloe-vera-creme-bronzante-lsf30-aloveria\/","name":"Aloe Vera cr\u00e8me bronzante FPS30 | Aloveria - Aloe Vera Shop - Naturales Canaria","isPartOf":{"@id":"https:\/\/www.naturales-canarias.com\/nl\/#website"},"primaryImageOfPage":{"@id":"https:\/\/www.naturales-canarias.com\/fr\/produits\/aloe-vera-creme-bronzante-lsf30-aloveria\/#primaryimage"},"image":{"@id":"https:\/\/www.naturales-canarias.com\/fr\/produits\/aloe-vera-creme-bronzante-lsf30-aloveria\/#primaryimage"},"thumbnailUrl":"https:\/\/www.naturales-canarias.com\/wp-content\/uploads\/2019\/04\/1208Aloveria_sun_30.jpg","datePublished":"2019-04-22T14:04:07+00:00","dateModified":"2022-06-28T09:08:52+00:00","breadcrumb":{"@id":"https:\/\/www.naturales-canarias.com\/fr\/produits\/aloe-vera-creme-bronzante-lsf30-aloveria\/#breadcrumb"},"inLanguage":"fr-FR","potentialAction":[{"@type":"ReadAction","target":["https:\/\/www.naturales-canarias.com\/fr\/produits\/aloe-vera-creme-bronzante-lsf30-aloveria\/"]}]},{"@type":"ImageObject","inLanguage":"fr-FR","@id":"https:\/\/www.naturales-canarias.com\/fr\/produits\/aloe-vera-creme-bronzante-lsf30-aloveria\/#primaryimage","url":"https:\/\/www.naturales-canarias.com\/wp-content\/uploads\/2019\/04\/1208Aloveria_sun_30.jpg","contentUrl":"https:\/\/www.naturales-canarias.com\/wp-content\/uploads\/2019\/04\/1208Aloveria_sun_30.jpg","width":800,"height":800},{"@type":"BreadcrumbList","@id":"https:\/\/www.naturales-canarias.com\/fr\/produits\/aloe-vera-creme-bronzante-lsf30-aloveria\/#breadcrumb","itemListElement":[{"@type":"ListItem","position":1,"name":"Home","item":"https:\/\/www.naturales-canarias.com\/fr\/"},{"@type":"ListItem","position":2,"name":"Boutique","item":"https:\/\/www.naturales-canarias.com\/fr\/boutique\/"},{"@type":"ListItem","position":3,"name":"Aloe Vera cr\u00e8me bronzante FPS30 | Aloveria"}]},{"@type":"WebSite","@id":"https:\/\/www.naturales-canarias.com\/nl\/#website","url":"https:\/\/www.naturales-canarias.com\/nl\/","name":"Aloe Vera Shop - Naturales Canaria","description":"Aloe Vera Producs from the canarian islands","potentialAction":[{"@type":"SearchAction","target":{"@type":"EntryPoint","urlTemplate":"https:\/\/www.naturales-canarias.com\/nl\/?s={search_term_string}"},"query-input":{"@type":"PropertyValueSpecification","valueRequired":true,"valueName":"search_term_string"}}],"inLanguage":"fr-FR"}]}},"_links":{"self":[{"href":"https:\/\/www.naturales-canarias.com\/fr\/wp-json\/wp\/v2\/product\/4283","targetHints":{"allow":["GET"]}}],"collection":[{"href":"https:\/\/www.naturales-canarias.com\/fr\/wp-json\/wp\/v2\/product"}],"about":[{"href":"https:\/\/www.naturales-canarias.com\/fr\/wp-json\/wp\/v2\/types\/product"}],"wp:featuredmedia":[{"embeddable":true,"href":"https:\/\/www.naturales-canarias.com\/fr\/wp-json\/wp\/v2\/media\/4268"}],"wp:attachment":[{"href":"https:\/\/www.naturales-canarias.com\/fr\/wp-json\/wp\/v2\/media?parent=4283"}],"wp:term":[{"taxonomy":"product_brand","embeddable":true,"href":"https:\/\/www.naturales-canarias.com\/fr\/wp-json\/wp\/v2\/product_brand?post=4283"},{"taxonomy":"product_cat","embeddable":true,"href":"https:\/\/www.naturales-canarias.com\/fr\/wp-json\/wp\/v2\/product_cat?post=4283"},{"taxonomy":"product_tag","embeddable":true,"href":"https:\/\/www.naturales-canarias.com\/fr\/wp-json\/wp\/v2\/product_tag?post=4283"}],"curies":[{"name":"wp","href":"https:\/\/api.w.org\/{rel}","templated":true}]}}