{"id":4308,"date":"2019-04-30T21:41:25","date_gmt":"2019-04-30T21:41:25","guid":{"rendered":"https:\/\/www.naturales-canarias.com\/?post_type=product&#038;p=4308"},"modified":"2021-10-05T14:37:13","modified_gmt":"2021-10-05T14:37:13","slug":"kanarisches-cobra-serum-cosmonatura","status":"publish","type":"product","link":"https:\/\/www.naturales-canarias.com\/fr\/produits\/kanarisches-cobra-serum-cosmonatura\/","title":{"rendered":"Aloe Vera und Gift der K\u00f6nigscobra &#8211; Serum | Cosmonatura"},"content":{"rendered":"<p><strong>Aloe Vera und Gift der K\u00f6nigscobra &#8211; Serum<\/strong><\/p>\n<ul>\n<li>straffend<\/li>\n<\/ul>\n<p>&nbsp;<\/p>\n<p style=\"text-align: justify;\">Konzentriertes Gel, sehr reich an Aloe Vera und Vitaminen.<br \/>\nEs enth\u00e4lt auch Oligopeptide und Spurenelemente die eine \u00e4hnliche Zusammensetzung haben wie bei dem K\u00f6nigskobra-Gift.<br \/>\nSeine au\u00dferordentliche Wirkung f\u00fchrt zum Ergebnis einer glatten und faltenlosen Haut w\u00e4hrend einiger Stunden.<\/p>\n<p>Anwendung: Morgens auf die reine Haut des Gesichts und Hals auftragen und einmassieren bis das Gel vollst\u00e4ndig eingezogen ist.<\/p>\n<p>Aufbewahrung: K\u00fchl und gut verschlossen aufbewahren.<\/p>\n<p>&nbsp;<\/p>\n<hr \/>\n<p>&nbsp;<\/p>\n<p><strong>Menge:<\/strong> 35ml<\/p>\n<p><strong>Hersteller:<\/strong> Cosmonatura<\/p>\n<p>&nbsp;<\/p>\n","protected":false},"excerpt":{"rendered":"<p><strong>Aloe Vera und Gift der K\u00f6nigscobra &#8211; Serum | Cosmonatura<br \/>\nInhalt: 35ml<\/strong><\/p>\n","protected":false},"featured_media":4278,"template":"","meta":[],"product_brand":[],"product_cat":[236,53,105],"product_tag":[237,238],"class_list":{"0":"post-4308","1":"product","2":"type-product","3":"status-publish","4":"has-post-thumbnail","6":"product_cat-koenigscobra-fr","7":"product_cat-soin-du-visage","8":"product_cat-soins-du-corps","9":"product_tag-koenigscobra-gift-fr","10":"product_tag-serum-fr","12":"first","13":"instock","14":"shipping-taxable","15":"purchasable","16":"product-type-simple"},"yoast_head":"<!-- This site is optimized with the Yoast SEO plugin v27.3 - https:\/\/yoast.com\/product\/yoast-seo-wordpress\/ -->\n<title>Aloe Vera und Gift der K\u00f6nigscobra - Serum | Cosmonatura - Aloe Vera Shop - Naturales Canaria<\/title>\n<meta name=\"robots\" content=\"index, follow, max-snippet:-1, max-image-preview:large, max-video-preview:-1\" \/>\n<link rel=\"canonical\" href=\"https:\/\/www.naturales-canarias.com\/fr\/produits\/kanarisches-cobra-serum-cosmonatura\/\" \/>\n<meta property=\"og:locale\" content=\"fr_FR\" \/>\n<meta property=\"og:type\" content=\"article\" \/>\n<meta property=\"og:title\" content=\"Aloe Vera und Gift der K\u00f6nigscobra - Serum | Cosmonatura - Aloe Vera Shop - Naturales Canaria\" \/>\n<meta property=\"og:description\" content=\"Aloe Vera und Gift der K\u00f6nigscobra - Serum | Cosmonatura Inhalt: 35ml\" \/>\n<meta property=\"og:url\" content=\"https:\/\/www.naturales-canarias.com\/fr\/produits\/kanarisches-cobra-serum-cosmonatura\/\" \/>\n<meta property=\"og:site_name\" content=\"Aloe Vera Shop - Naturales Canaria\" \/>\n<meta property=\"article:publisher\" content=\"https:\/\/www.facebook.com\/Naturales-Canarias-Aloe-Vera-Shop-777293042339239\/?fref=ts\" \/>\n<meta property=\"article:modified_time\" content=\"2021-10-05T14:37:13+00:00\" \/>\n<meta property=\"og:image\" content=\"https:\/\/www.naturales-canarias.com\/wp-content\/uploads\/2019\/04\/1455-cobra-serum.jpg\" \/>\n\t<meta property=\"og:image:width\" content=\"800\" \/>\n\t<meta property=\"og:image:height\" content=\"800\" \/>\n\t<meta property=\"og:image:type\" content=\"image\/jpeg\" \/>\n<script type=\"application\/ld+json\" class=\"yoast-schema-graph\">{\"@context\":\"https:\\\/\\\/schema.org\",\"@graph\":[{\"@type\":\"WebPage\",\"@id\":\"https:\\\/\\\/www.naturales-canarias.com\\\/fr\\\/produits\\\/kanarisches-cobra-serum-cosmonatura\\\/\",\"url\":\"https:\\\/\\\/www.naturales-canarias.com\\\/fr\\\/produits\\\/kanarisches-cobra-serum-cosmonatura\\\/\",\"name\":\"Aloe Vera und Gift der K\u00f6nigscobra - Serum | Cosmonatura - Aloe Vera Shop - Naturales Canaria\",\"isPartOf\":{\"@id\":\"https:\\\/\\\/www.naturales-canarias.com\\\/nl\\\/#website\"},\"primaryImageOfPage\":{\"@id\":\"https:\\\/\\\/www.naturales-canarias.com\\\/fr\\\/produits\\\/kanarisches-cobra-serum-cosmonatura\\\/#primaryimage\"},\"image\":{\"@id\":\"https:\\\/\\\/www.naturales-canarias.com\\\/fr\\\/produits\\\/kanarisches-cobra-serum-cosmonatura\\\/#primaryimage\"},\"thumbnailUrl\":\"https:\\\/\\\/www.naturales-canarias.com\\\/wp-content\\\/uploads\\\/2019\\\/04\\\/1455-cobra-serum.jpg\",\"datePublished\":\"2019-04-30T21:41:25+00:00\",\"dateModified\":\"2021-10-05T14:37:13+00:00\",\"breadcrumb\":{\"@id\":\"https:\\\/\\\/www.naturales-canarias.com\\\/fr\\\/produits\\\/kanarisches-cobra-serum-cosmonatura\\\/#breadcrumb\"},\"inLanguage\":\"fr-FR\",\"potentialAction\":[{\"@type\":\"ReadAction\",\"target\":[\"https:\\\/\\\/www.naturales-canarias.com\\\/fr\\\/produits\\\/kanarisches-cobra-serum-cosmonatura\\\/\"]}]},{\"@type\":\"ImageObject\",\"inLanguage\":\"fr-FR\",\"@id\":\"https:\\\/\\\/www.naturales-canarias.com\\\/fr\\\/produits\\\/kanarisches-cobra-serum-cosmonatura\\\/#primaryimage\",\"url\":\"https:\\\/\\\/www.naturales-canarias.com\\\/wp-content\\\/uploads\\\/2019\\\/04\\\/1455-cobra-serum.jpg\",\"contentUrl\":\"https:\\\/\\\/www.naturales-canarias.com\\\/wp-content\\\/uploads\\\/2019\\\/04\\\/1455-cobra-serum.jpg\",\"width\":800,\"height\":800},{\"@type\":\"BreadcrumbList\",\"@id\":\"https:\\\/\\\/www.naturales-canarias.com\\\/fr\\\/produits\\\/kanarisches-cobra-serum-cosmonatura\\\/#breadcrumb\",\"itemListElement\":[{\"@type\":\"ListItem\",\"position\":1,\"name\":\"Home\",\"item\":\"https:\\\/\\\/www.naturales-canarias.com\\\/fr\\\/\"},{\"@type\":\"ListItem\",\"position\":2,\"name\":\"Boutique\",\"item\":\"https:\\\/\\\/www.naturales-canarias.com\\\/fr\\\/boutique\\\/\"},{\"@type\":\"ListItem\",\"position\":3,\"name\":\"Aloe Vera und Gift der K\u00f6nigscobra &#8211; Serum | Cosmonatura\"}]},{\"@type\":\"WebSite\",\"@id\":\"https:\\\/\\\/www.naturales-canarias.com\\\/nl\\\/#website\",\"url\":\"https:\\\/\\\/www.naturales-canarias.com\\\/nl\\\/\",\"name\":\"Aloe Vera Shop - Naturales Canaria\",\"description\":\"Aloe Vera Producs from the canarian islands\",\"potentialAction\":[{\"@type\":\"SearchAction\",\"target\":{\"@type\":\"EntryPoint\",\"urlTemplate\":\"https:\\\/\\\/www.naturales-canarias.com\\\/nl\\\/?s={search_term_string}\"},\"query-input\":{\"@type\":\"PropertyValueSpecification\",\"valueRequired\":true,\"valueName\":\"search_term_string\"}}],\"inLanguage\":\"fr-FR\"}]}<\/script>\n<!-- \/ Yoast SEO plugin. -->","yoast_head_json":{"title":"Aloe Vera und Gift der K\u00f6nigscobra - Serum | Cosmonatura - Aloe Vera Shop - Naturales Canaria","robots":{"index":"index","follow":"follow","max-snippet":"max-snippet:-1","max-image-preview":"max-image-preview:large","max-video-preview":"max-video-preview:-1"},"canonical":"https:\/\/www.naturales-canarias.com\/fr\/produits\/kanarisches-cobra-serum-cosmonatura\/","og_locale":"fr_FR","og_type":"article","og_title":"Aloe Vera und Gift der K\u00f6nigscobra - Serum | Cosmonatura - Aloe Vera Shop - Naturales Canaria","og_description":"Aloe Vera und Gift der K\u00f6nigscobra - Serum | Cosmonatura Inhalt: 35ml","og_url":"https:\/\/www.naturales-canarias.com\/fr\/produits\/kanarisches-cobra-serum-cosmonatura\/","og_site_name":"Aloe Vera Shop - Naturales Canaria","article_publisher":"https:\/\/www.facebook.com\/Naturales-Canarias-Aloe-Vera-Shop-777293042339239\/?fref=ts","article_modified_time":"2021-10-05T14:37:13+00:00","og_image":[{"width":800,"height":800,"url":"https:\/\/www.naturales-canarias.com\/wp-content\/uploads\/2019\/04\/1455-cobra-serum.jpg","type":"image\/jpeg"}],"schema":{"@context":"https:\/\/schema.org","@graph":[{"@type":"WebPage","@id":"https:\/\/www.naturales-canarias.com\/fr\/produits\/kanarisches-cobra-serum-cosmonatura\/","url":"https:\/\/www.naturales-canarias.com\/fr\/produits\/kanarisches-cobra-serum-cosmonatura\/","name":"Aloe Vera und Gift der K\u00f6nigscobra - Serum | Cosmonatura - Aloe Vera Shop - Naturales Canaria","isPartOf":{"@id":"https:\/\/www.naturales-canarias.com\/nl\/#website"},"primaryImageOfPage":{"@id":"https:\/\/www.naturales-canarias.com\/fr\/produits\/kanarisches-cobra-serum-cosmonatura\/#primaryimage"},"image":{"@id":"https:\/\/www.naturales-canarias.com\/fr\/produits\/kanarisches-cobra-serum-cosmonatura\/#primaryimage"},"thumbnailUrl":"https:\/\/www.naturales-canarias.com\/wp-content\/uploads\/2019\/04\/1455-cobra-serum.jpg","datePublished":"2019-04-30T21:41:25+00:00","dateModified":"2021-10-05T14:37:13+00:00","breadcrumb":{"@id":"https:\/\/www.naturales-canarias.com\/fr\/produits\/kanarisches-cobra-serum-cosmonatura\/#breadcrumb"},"inLanguage":"fr-FR","potentialAction":[{"@type":"ReadAction","target":["https:\/\/www.naturales-canarias.com\/fr\/produits\/kanarisches-cobra-serum-cosmonatura\/"]}]},{"@type":"ImageObject","inLanguage":"fr-FR","@id":"https:\/\/www.naturales-canarias.com\/fr\/produits\/kanarisches-cobra-serum-cosmonatura\/#primaryimage","url":"https:\/\/www.naturales-canarias.com\/wp-content\/uploads\/2019\/04\/1455-cobra-serum.jpg","contentUrl":"https:\/\/www.naturales-canarias.com\/wp-content\/uploads\/2019\/04\/1455-cobra-serum.jpg","width":800,"height":800},{"@type":"BreadcrumbList","@id":"https:\/\/www.naturales-canarias.com\/fr\/produits\/kanarisches-cobra-serum-cosmonatura\/#breadcrumb","itemListElement":[{"@type":"ListItem","position":1,"name":"Home","item":"https:\/\/www.naturales-canarias.com\/fr\/"},{"@type":"ListItem","position":2,"name":"Boutique","item":"https:\/\/www.naturales-canarias.com\/fr\/boutique\/"},{"@type":"ListItem","position":3,"name":"Aloe Vera und Gift der K\u00f6nigscobra &#8211; Serum | Cosmonatura"}]},{"@type":"WebSite","@id":"https:\/\/www.naturales-canarias.com\/nl\/#website","url":"https:\/\/www.naturales-canarias.com\/nl\/","name":"Aloe Vera Shop - Naturales Canaria","description":"Aloe Vera Producs from the canarian islands","potentialAction":[{"@type":"SearchAction","target":{"@type":"EntryPoint","urlTemplate":"https:\/\/www.naturales-canarias.com\/nl\/?s={search_term_string}"},"query-input":{"@type":"PropertyValueSpecification","valueRequired":true,"valueName":"search_term_string"}}],"inLanguage":"fr-FR"}]}},"_links":{"self":[{"href":"https:\/\/www.naturales-canarias.com\/fr\/wp-json\/wp\/v2\/product\/4308","targetHints":{"allow":["GET"]}}],"collection":[{"href":"https:\/\/www.naturales-canarias.com\/fr\/wp-json\/wp\/v2\/product"}],"about":[{"href":"https:\/\/www.naturales-canarias.com\/fr\/wp-json\/wp\/v2\/types\/product"}],"wp:featuredmedia":[{"embeddable":true,"href":"https:\/\/www.naturales-canarias.com\/fr\/wp-json\/wp\/v2\/media\/4278"}],"wp:attachment":[{"href":"https:\/\/www.naturales-canarias.com\/fr\/wp-json\/wp\/v2\/media?parent=4308"}],"wp:term":[{"taxonomy":"product_brand","embeddable":true,"href":"https:\/\/www.naturales-canarias.com\/fr\/wp-json\/wp\/v2\/product_brand?post=4308"},{"taxonomy":"product_cat","embeddable":true,"href":"https:\/\/www.naturales-canarias.com\/fr\/wp-json\/wp\/v2\/product_cat?post=4308"},{"taxonomy":"product_tag","embeddable":true,"href":"https:\/\/www.naturales-canarias.com\/fr\/wp-json\/wp\/v2\/product_tag?post=4308"}],"curies":[{"name":"wp","href":"https:\/\/api.w.org\/{rel}","templated":true}]}}