{"id":155,"date":"2015-02-10T16:36:54","date_gmt":"2015-02-10T16:36:54","guid":{"rendered":"https:\/\/www.naturales-canarias.com\/?page_id=155"},"modified":"2023-08-07T07:48:56","modified_gmt":"2023-08-07T07:48:56","slug":"welkom","status":"publish","type":"page","link":"https:\/\/www.naturales-canarias.com\/nl\/","title":{"rendered":"Welkom"},"content":{"rendered":"\n\t\t\t<!-- START slider REVOLUTION SLIDER 6.6.18 --><p class=\"rs-p-wp-fix\"><\/p>\n\t\t\t<rs-module-wrap id=\"rev_slider_1_1_wrapper\" data-source=\"gallery\" style=\"visibility:hidden;background:#E9E9E9;padding:0;margin:0px auto;margin-top:0;margin-bottom:0;\">\n\t\t\t\t<rs-module id=\"rev_slider_1_1\" style=\"\" data-version=\"6.6.18\">\n\t\t\t\t\t<rs-slides style=\"overflow: hidden; position: absolute;\">\n\t\t\t\t\t\t<rs-slide style=\"position: absolute;\" data-key=\"rs-11\" data-title=\"Slide\" data-link=\"\/\/www.naturales-canarias.com\/produkte\/aloe-vera-sportgel-relax-naturales-canarias\/\" data-tag=\"l\" data-target=\"_self\" data-seoz=\"front\" data-anim=\"ms:600;r:0;\" data-in=\"o:0;\" data-out=\"a:false;\">\n\t\t\t\t\t\t\t<img fetchpriority=\"high\" decoding=\"async\" src=\"\/\/www.naturales-canarias.com\/wp-content\/plugins\/revslider\/public\/assets\/assets\/dummy.png\" alt=\"\" title=\"Slider2-2020\" width=\"930\" height=\"370\" class=\"rev-slidebg tp-rs-img rs-lazyload\" data-lazyload=\"\/\/www.naturales-canarias.com\/wp-content\/uploads\/2020\/05\/Slider2-2020.jpg\" data-bg=\"p:center top;\" data-no-retina>\n<!---->\t\t\t\t\t\t<\/rs-slide>\n\t\t\t\t\t\t<rs-slide style=\"position: absolute;\" data-key=\"rs-2\" data-title=\"Slide\" data-link=\"\/\/www.naturales-canarias.com\/de\/Produkte\/aloe-vera-bio-gel-aromas-naturales\/\" data-tag=\"l\" data-target=\"_self\" data-seoz=\"front\" data-anim=\"ms:600;r:0;\" data-in=\"o:0;\" data-out=\"a:false;\">\n\t\t\t\t\t\t\t<img decoding=\"async\" src=\"\/\/www.naturales-canarias.com\/wp-content\/plugins\/revslider\/public\/assets\/assets\/dummy.png\" alt=\"\" title=\"Slider1-2020\" width=\"930\" height=\"370\" class=\"rev-slidebg tp-rs-img rs-lazyload\" data-lazyload=\"\/\/www.naturales-canarias.com\/wp-content\/uploads\/2020\/05\/Slider1-2020.jpg\" data-bg=\"p:center top;\" data-no-retina>\n<!---->\t\t\t\t\t\t<\/rs-slide>\n\t\t\t\t\t<\/rs-slides>\n\t\t\t\t<\/rs-module>\n\t\t\t\t<script>\n\t\t\t\t\tsetREVStartSize({c: 'rev_slider_1_1',rl:[1240,1024,768,480],el:[370],gw:[950],gh:[370],type:'standard',justify:'',layout:'fullwidth',mh:\"370\"});if (window.RS_MODULES!==undefined && window.RS_MODULES.modules!==undefined && window.RS_MODULES.modules[\"revslider11\"]!==undefined) {window.RS_MODULES.modules[\"revslider11\"].once = false;window.revapi1 = undefined;if (window.RS_MODULES.checkMinimal!==undefined) window.RS_MODULES.checkMinimal()}\n\t\t\t\t<\/script>\n\t\t\t<\/rs-module-wrap>\n\t\t\t<!-- END REVOLUTION SLIDER -->\n\n&nbsp; <\/p>\n<h2>Welkom bij NATURALES CANARIAS<\/h2>\n<p>&nbsp; <\/p>\n<p style=\"text-align: justify;\">In deze Alo\u00eb Vera Shop vindt u veel verschillende huidverzorgingsproducten vinden van de medicinale plant Alo\u00eb Vera (Barbadensis) werden bereid. Alo\u00eb Vera is een medicinale plant die vandaag de dag komt in vele toiletartikelen voor gebruik. Dit is voornamelijk te wijten aan de hydraterende en helende eigenschappen. Het is meestal de Alo\u00eb Vera plant die aftershaves, dagcr\u00e8mes en After Sun helpt hun helende en hydraterende werking. Dus waarom niet verzorgingsproducten die de beste pure Alo\u00eb Vera bevatten van de Canarische Eilanden en tot slot geven de dure merknaam producten, te gebruiken met zijn talrijke toevoegingen?<\/p>\n<p>&nbsp;<\/p>\n<p>Vragen ?<br \/>\n<strong>+34 630 71 72 44<\/strong><\/p>\n<p>&nbsp;<\/p>\n<h2>Populaire producten uit de webshop<\/h2>\n<div class=\"woocommerce columns-4 \"><\/div>\n<h2>Aloe Vera Gran Canaria<\/h2>\n<p style=\"text-align: justify;\">Naturales Canarias is een Alo\u00eb Vera Shop, die haar hoofdkantoor heeft in Gran Canaria heeft: de thuisbasis van &#8217;s werelds meest begeerde Alo\u00eb Vera plant. Voor de Canarische Alo\u00eb Vera, die groeit in aantal in Gran Canaria, is van uitzonderlijke kwaliteit en is vanwege hun hoge zuiverheid als een van de beste in de wereld. De &#8220;Alo\u00eb Canarias&#8221; zoals het wordt genoemd door de eilandbewoners willen doen is iets heel bijzonders. Het klimaat van de Canarische Eilanden zorgt ervoor dat de alo\u00eb vera planten produceren een gel in hun bladeren, die geen verdere bewerking nodig. De alo\u00eb vera gel uit een Canarische plant kan direct worden gebruikt zonder verdere behandeling en bestaat hoogste kwaliteitsnormen.<\/p>\n<h2>Aloe Vera Wirkung<\/h2>\n<p style=\"text-align: justify;\">Niet zonder reden zo veel producten van de beste cosmetica van de wereld en parfum fabrikanten met waardevolle natuurlijke ingredi\u00ebnten van Alo\u00eb Vera verrijkt. Het is al lang vastgesteld dat de Alo\u00eb Vera heeft vele eigenschappen die zeer waardevol voor huidverzorging. Van Aloe Vera Gel Aloe Vera shampoo op de weg naar Alo\u00eb Vera Zonnecr\u00e8me &#8211; vandaag is er nauwelijks een verzorgingsproduct dat alo\u00eb vera bevat. En de farmaceutische industrie kent het effect van Alo\u00eb Vera waarderen. Uw wondgenezing, zijn kalmerende eigenschappen al eeuwen bekend, dat is waarom Alo\u00eb Vera wordt aanbevolen vandaag voor de behandeling van huidziekten, wondgenezing en voor intern gebruik door apothekers en artsen.<\/p>\n<p style=\"text-align: justify;\"><strong>Krijg hier Alo\u00eb Vera producten met pure Canarische Alo\u00eb Vera: Alo\u00eb Vera Gel van de meest begeerde in de wereld! Doe je huid en je lichaam goed!<\/strong><\/p>\n","protected":false},"excerpt":{"rendered":"<p>&nbsp; Welkom bij NATURALES CANARIAS &nbsp; In deze Alo\u00eb Vera Shop vindt u veel verschillende huidverzorgingsproducten vinden van de medicinale plant Alo\u00eb Vera (Barbadensis) werden bereid. Alo\u00eb Vera is een medicinale plant die vandaag de dag komt in vele toiletartikelen voor gebruik. Dit is voornamelijk te wijten aan de hydraterende en helende eigenschappen. Het is [&#8230;]\n","protected":false},"author":2,"featured_media":0,"parent":0,"menu_order":0,"comment_status":"closed","ping_status":"closed","template":"","meta":{"footnotes":""},"class_list":["post-155","page","type-page","status-publish","hentry"],"yoast_head":"<!-- This site is optimized with the Yoast SEO plugin v27.5 - https:\/\/yoast.com\/product\/yoast-seo-wordpress\/ -->\n<title>Welkom - Aloe Vera Shop - Naturales Canaria<\/title>\n<meta name=\"robots\" content=\"index, follow, max-snippet:-1, max-image-preview:large, max-video-preview:-1\" \/>\n<link rel=\"canonical\" href=\"https:\/\/www.naturales-canarias.com\/nl\/\" \/>\n<meta property=\"og:locale\" content=\"nl_NL\" \/>\n<meta property=\"og:type\" content=\"article\" \/>\n<meta property=\"og:title\" content=\"Welkom - Aloe Vera Shop - Naturales Canaria\" \/>\n<meta property=\"og:description\" content=\"&nbsp; Welkom bij NATURALES CANARIAS &nbsp; In deze Alo\u00eb Vera Shop vindt u veel verschillende huidverzorgingsproducten vinden van de medicinale plant Alo\u00eb Vera (Barbadensis) werden bereid. Alo\u00eb Vera is een medicinale plant die vandaag de dag komt in vele toiletartikelen voor gebruik. Dit is voornamelijk te wijten aan de hydraterende en helende eigenschappen. Het is [...]\" \/>\n<meta property=\"og:url\" content=\"https:\/\/www.naturales-canarias.com\/nl\/\" \/>\n<meta property=\"og:site_name\" content=\"Aloe Vera Shop - Naturales Canaria\" \/>\n<meta property=\"article:publisher\" content=\"https:\/\/www.facebook.com\/Naturales-Canarias-Aloe-Vera-Shop-777293042339239\/?fref=ts\" \/>\n<meta property=\"article:modified_time\" content=\"2023-08-07T07:48:56+00:00\" \/>\n<meta name=\"twitter:label1\" content=\"Geschatte leestijd\" \/>\n\t<meta name=\"twitter:data1\" content=\"3 minuten\" \/>\n<script type=\"application\/ld+json\" class=\"yoast-schema-graph\">{\"@context\":\"https:\\\/\\\/schema.org\",\"@graph\":[{\"@type\":\"WebPage\",\"@id\":\"https:\\\/\\\/www.naturales-canarias.com\\\/nl\\\/\",\"url\":\"https:\\\/\\\/www.naturales-canarias.com\\\/nl\\\/\",\"name\":\"Welkom - Aloe Vera Shop - Naturales Canaria\",\"isPartOf\":{\"@id\":\"https:\\\/\\\/www.naturales-canarias.com\\\/nl\\\/#website\"},\"datePublished\":\"2015-02-10T16:36:54+00:00\",\"dateModified\":\"2023-08-07T07:48:56+00:00\",\"breadcrumb\":{\"@id\":\"https:\\\/\\\/www.naturales-canarias.com\\\/nl\\\/#breadcrumb\"},\"inLanguage\":\"nl-NL\",\"potentialAction\":[{\"@type\":\"ReadAction\",\"target\":[\"https:\\\/\\\/www.naturales-canarias.com\\\/nl\\\/\"]}]},{\"@type\":\"BreadcrumbList\",\"@id\":\"https:\\\/\\\/www.naturales-canarias.com\\\/nl\\\/#breadcrumb\",\"itemListElement\":[{\"@type\":\"ListItem\",\"position\":1,\"name\":\"Home\",\"item\":\"https:\\\/\\\/www.naturales-canarias.com\\\/nl\\\/\"},{\"@type\":\"ListItem\",\"position\":2,\"name\":\"Welkom\"}]},{\"@type\":\"WebSite\",\"@id\":\"https:\\\/\\\/www.naturales-canarias.com\\\/nl\\\/#website\",\"url\":\"https:\\\/\\\/www.naturales-canarias.com\\\/nl\\\/\",\"name\":\"Aloe Vera Shop - Naturales Canaria\",\"description\":\"Aloe Vera Producs from the canarian islands\",\"potentialAction\":[{\"@type\":\"SearchAction\",\"target\":{\"@type\":\"EntryPoint\",\"urlTemplate\":\"https:\\\/\\\/www.naturales-canarias.com\\\/nl\\\/?s={search_term_string}\"},\"query-input\":{\"@type\":\"PropertyValueSpecification\",\"valueRequired\":true,\"valueName\":\"search_term_string\"}}],\"inLanguage\":\"nl-NL\"}]}<\/script>\n<!-- \/ Yoast SEO plugin. -->","yoast_head_json":{"title":"Welkom - Aloe Vera Shop - Naturales Canaria","robots":{"index":"index","follow":"follow","max-snippet":"max-snippet:-1","max-image-preview":"max-image-preview:large","max-video-preview":"max-video-preview:-1"},"canonical":"https:\/\/www.naturales-canarias.com\/nl\/","og_locale":"nl_NL","og_type":"article","og_title":"Welkom - Aloe Vera Shop - Naturales Canaria","og_description":"&nbsp; Welkom bij NATURALES CANARIAS &nbsp; In deze Alo\u00eb Vera Shop vindt u veel verschillende huidverzorgingsproducten vinden van de medicinale plant Alo\u00eb Vera (Barbadensis) werden bereid. Alo\u00eb Vera is een medicinale plant die vandaag de dag komt in vele toiletartikelen voor gebruik. Dit is voornamelijk te wijten aan de hydraterende en helende eigenschappen. Het is [...]","og_url":"https:\/\/www.naturales-canarias.com\/nl\/","og_site_name":"Aloe Vera Shop - Naturales Canaria","article_publisher":"https:\/\/www.facebook.com\/Naturales-Canarias-Aloe-Vera-Shop-777293042339239\/?fref=ts","article_modified_time":"2023-08-07T07:48:56+00:00","twitter_misc":{"Geschatte leestijd":"3 minuten"},"schema":{"@context":"https:\/\/schema.org","@graph":[{"@type":"WebPage","@id":"https:\/\/www.naturales-canarias.com\/nl\/","url":"https:\/\/www.naturales-canarias.com\/nl\/","name":"Welkom - Aloe Vera Shop - Naturales Canaria","isPartOf":{"@id":"https:\/\/www.naturales-canarias.com\/nl\/#website"},"datePublished":"2015-02-10T16:36:54+00:00","dateModified":"2023-08-07T07:48:56+00:00","breadcrumb":{"@id":"https:\/\/www.naturales-canarias.com\/nl\/#breadcrumb"},"inLanguage":"nl-NL","potentialAction":[{"@type":"ReadAction","target":["https:\/\/www.naturales-canarias.com\/nl\/"]}]},{"@type":"BreadcrumbList","@id":"https:\/\/www.naturales-canarias.com\/nl\/#breadcrumb","itemListElement":[{"@type":"ListItem","position":1,"name":"Home","item":"https:\/\/www.naturales-canarias.com\/nl\/"},{"@type":"ListItem","position":2,"name":"Welkom"}]},{"@type":"WebSite","@id":"https:\/\/www.naturales-canarias.com\/nl\/#website","url":"https:\/\/www.naturales-canarias.com\/nl\/","name":"Aloe Vera Shop - Naturales Canaria","description":"Aloe Vera Producs from the canarian islands","potentialAction":[{"@type":"SearchAction","target":{"@type":"EntryPoint","urlTemplate":"https:\/\/www.naturales-canarias.com\/nl\/?s={search_term_string}"},"query-input":{"@type":"PropertyValueSpecification","valueRequired":true,"valueName":"search_term_string"}}],"inLanguage":"nl-NL"}]}},"_links":{"self":[{"href":"https:\/\/www.naturales-canarias.com\/nl\/wp-json\/wp\/v2\/pages\/155","targetHints":{"allow":["GET"]}}],"collection":[{"href":"https:\/\/www.naturales-canarias.com\/nl\/wp-json\/wp\/v2\/pages"}],"about":[{"href":"https:\/\/www.naturales-canarias.com\/nl\/wp-json\/wp\/v2\/types\/page"}],"author":[{"embeddable":true,"href":"https:\/\/www.naturales-canarias.com\/nl\/wp-json\/wp\/v2\/users\/2"}],"replies":[{"embeddable":true,"href":"https:\/\/www.naturales-canarias.com\/nl\/wp-json\/wp\/v2\/comments?post=155"}],"version-history":[{"count":12,"href":"https:\/\/www.naturales-canarias.com\/nl\/wp-json\/wp\/v2\/pages\/155\/revisions"}],"predecessor-version":[{"id":11431,"href":"https:\/\/www.naturales-canarias.com\/nl\/wp-json\/wp\/v2\/pages\/155\/revisions\/11431"}],"wp:attachment":[{"href":"https:\/\/www.naturales-canarias.com\/nl\/wp-json\/wp\/v2\/media?parent=155"}],"curies":[{"name":"wp","href":"https:\/\/api.w.org\/{rel}","templated":true}]}}