{"id":1066,"date":"2015-02-13T15:27:33","date_gmt":"2015-04-21T10:04:29","guid":{"rendered":"https:\/\/www.naturales-canarias.com\/?post_type=product&#038;p=1066"},"modified":"2015-04-21T10:04:29","modified_gmt":"2015-04-21T10:04:29","slug":"aloe-vera-anti-aging-sparpaket-2","status":"publish","type":"product","link":"https:\/\/www.naturales-canarias.com\/nl\/products\/aloe-vera-anti-aging-sparpaket-2\/","title":{"rendered":"Aloe Vera Anti-Aging | Sparpaket"},"content":{"rendered":"<p><strong>Aloe Vera Anti-Aging | Sparpaket <\/strong><\/p>\n<ul>\n<li>1 Aloe Vera Antifalten Gel<\/li>\n<li>1 Aloe Vera Anti-Aging Gesichtscreme 24h<\/li>\n<li>1 Aloe Vera Augencreme<\/li>\n<\/ul>\n<p>&nbsp;<\/p>\n<p style=\"text-align: right;\"><a href=\"https:\/\/www.naturales-canarias.com\/nl\/products\/aloe-vera-gesichtscreme-dermetiks\/\" target=\"_blank\"><span style=\"font-size: 75%;\">Zum Einzelprodukt<\/span><\/a><\/p>\n<p><strong>Aloe Vera Anti-Aging Gesichtscreme 24h<\/strong><br \/>\n<em>Enth\u00e4lt Aloe Vera, Schneckenschleim, Moschusrose, Retinol und Ringelblume<\/em><\/p>\n<p style=\"text-align: justify;\">Die Aloe Vera Anti-Aging Gesichtscreme zur Pflege \u201crund um die Uhr\u201d ist f\u00fcr besonders anspruchsvolle Haut geeignet. Sie ist optimal auf die Haut ab 30 abgestimmt und wirkt Falten und Elastizit\u00e4tsverlust entgegen. Eine hochwertige Gesichtcreme mit feuchtigkeitsspendenden, straffenden und nutritiven Wirkstoffen. Die feuchtigkeitsspendende Wirkung der Aloe Vera wird mit der Anti-Falten Wirkung des Schneckensekrets und dem Retinol kombiniert. Die n\u00e4hrenden Eigenschaften der Wildrose und die Sanftheit der Ringelblume machen\u00a0die Harmonie dieses Produktes aus.<\/p>\n<p>&nbsp;<\/p>\n<p style=\"text-align: right;\"><a href=\"https:\/\/www.naturales-canarias.com\/nl\/products\/aloe-vera-antifalten-gel-naturales-canarias\/\" target=\"_blank\"><span style=\"font-size: 75%;\">Zum Einzelprodukt<\/span><\/a><\/p>\n<p><strong>Aloe Vera Antifalten Gel<\/strong><br \/>\n<em>Enth\u00e4lt Aloe Vera und Ringelblume<\/em><\/p>\n<p style=\"text-align: justify;\">Das Konzentrat aus der Natur, um Falten zu gl\u00e4tten. Dieses Antifalten-Gel, mit Pflanzen\u00f6len und Kr\u00e4uterextrakten, wie Ringelblume, Salbei und Rosmarin wirkt hautstraffend, intensiv und sanft zugleich. Der Zusatz von Meeresalgen l\u00f6scht den Durst Ihrer Haut mit einem echten Frischebad.<\/p>\n<p>&nbsp;<\/p>\n<p style=\"text-align: right;\"><a href=\"https:\/\/www.naturales-canarias.com\/nl\/products\/aloe-vera-augencreme-dermetiks\/\" target=\"_blank\"><span style=\"font-size: 75%;\">Zum Einzelprodukt<\/span><\/a><\/p>\n<p><strong>Aloe Vera Augencreme<\/strong><br \/>\n<em>Enth\u00e4lt Aloe Vera, Jojoba\u00f6l, Avocado\u00f6l, Shea-Butter, Rotes Weinlaub und Ringelblume<\/em><\/p>\n<p style=\"text-align: justify;\">Augencreme mit aktiven Wirkstoffen, welche die lokale Durchblutung verbessern, die Tr\u00e4nens\u00e4cke und Ausdrucksfalten reduzieren und gleichzeitig feuchtigkeitsspendend wirken, kleine Falten gl\u00e4tten und die empfindliche Haut um das Auge n\u00e4hren.<\/p>\n<p>&nbsp;<\/p>\n","protected":false},"excerpt":{"rendered":"<p><strong>Aloe Vera Anti-Aging | Sparpaket<br \/>\nAnti-Aging Gesichtscreme, Antifalten Gel und Augencreme<\/strong><\/p>\n","protected":false},"featured_media":460,"template":"","meta":[],"product_brand":[],"product_cat":[74,72,71],"product_tag":[],"class_list":{"0":"post-1066","1":"product","2":"type-product","3":"status-publish","4":"has-post-thumbnail","6":"product_cat-bodycare","7":"product_cat-gezichtsverzorging","8":"product_cat-specials","10":"first","11":"instock","12":"shipping-taxable","13":"purchasable","14":"product-type-simple"},"yoast_head":"<!-- This site is optimized with the Yoast SEO plugin v27.5 - https:\/\/yoast.com\/product\/yoast-seo-wordpress\/ -->\n<title>Aloe Vera Anti-Aging | Sparpaket - Aloe Vera Shop - Naturales Canaria<\/title>\n<meta name=\"robots\" content=\"index, follow, max-snippet:-1, max-image-preview:large, max-video-preview:-1\" \/>\n<link rel=\"canonical\" href=\"https:\/\/www.naturales-canarias.com\/nl\/products\/aloe-vera-anti-aging-sparpaket-2\/\" \/>\n<meta property=\"og:locale\" content=\"nl_NL\" \/>\n<meta property=\"og:type\" content=\"article\" \/>\n<meta property=\"og:title\" content=\"Aloe Vera Anti-Aging | Sparpaket - Aloe Vera Shop - Naturales Canaria\" \/>\n<meta property=\"og:description\" content=\"Aloe Vera Anti-Aging | Sparpaket  Anti-Aging Gesichtscreme, Antifalten Gel und Augencreme\" \/>\n<meta property=\"og:url\" content=\"https:\/\/www.naturales-canarias.com\/nl\/products\/aloe-vera-anti-aging-sparpaket-2\/\" \/>\n<meta property=\"og:site_name\" content=\"Aloe Vera Shop - Naturales Canaria\" \/>\n<meta property=\"article:publisher\" content=\"https:\/\/www.facebook.com\/Naturales-Canarias-Aloe-Vera-Shop-777293042339239\/?fref=ts\" \/>\n<meta property=\"og:image\" content=\"https:\/\/www.naturales-canarias.com\/wp-content\/uploads\/2015\/02\/1701Bundle.jpg\" \/>\n\t<meta property=\"og:image:width\" content=\"800\" \/>\n\t<meta property=\"og:image:height\" content=\"800\" \/>\n\t<meta property=\"og:image:type\" content=\"image\/jpeg\" \/>\n<meta name=\"twitter:label1\" content=\"Geschatte leestijd\" \/>\n\t<meta name=\"twitter:data1\" content=\"1 minuut\" \/>\n<script type=\"application\/ld+json\" class=\"yoast-schema-graph\">{\"@context\":\"https:\\\/\\\/schema.org\",\"@graph\":[{\"@type\":\"WebPage\",\"@id\":\"https:\\\/\\\/www.naturales-canarias.com\\\/nl\\\/products\\\/aloe-vera-anti-aging-sparpaket-2\\\/\",\"url\":\"https:\\\/\\\/www.naturales-canarias.com\\\/nl\\\/products\\\/aloe-vera-anti-aging-sparpaket-2\\\/\",\"name\":\"Aloe Vera Anti-Aging | Sparpaket - Aloe Vera Shop - Naturales Canaria\",\"isPartOf\":{\"@id\":\"https:\\\/\\\/www.naturales-canarias.com\\\/nl\\\/#website\"},\"primaryImageOfPage\":{\"@id\":\"https:\\\/\\\/www.naturales-canarias.com\\\/nl\\\/products\\\/aloe-vera-anti-aging-sparpaket-2\\\/#primaryimage\"},\"image\":{\"@id\":\"https:\\\/\\\/www.naturales-canarias.com\\\/nl\\\/products\\\/aloe-vera-anti-aging-sparpaket-2\\\/#primaryimage\"},\"thumbnailUrl\":\"https:\\\/\\\/www.naturales-canarias.com\\\/wp-content\\\/uploads\\\/2015\\\/02\\\/1701Bundle.jpg\",\"datePublished\":\"2015-04-21T10:04:29+00:00\",\"breadcrumb\":{\"@id\":\"https:\\\/\\\/www.naturales-canarias.com\\\/nl\\\/products\\\/aloe-vera-anti-aging-sparpaket-2\\\/#breadcrumb\"},\"inLanguage\":\"nl-NL\",\"potentialAction\":[{\"@type\":\"ReadAction\",\"target\":[\"https:\\\/\\\/www.naturales-canarias.com\\\/nl\\\/products\\\/aloe-vera-anti-aging-sparpaket-2\\\/\"]}]},{\"@type\":\"ImageObject\",\"inLanguage\":\"nl-NL\",\"@id\":\"https:\\\/\\\/www.naturales-canarias.com\\\/nl\\\/products\\\/aloe-vera-anti-aging-sparpaket-2\\\/#primaryimage\",\"url\":\"https:\\\/\\\/www.naturales-canarias.com\\\/wp-content\\\/uploads\\\/2015\\\/02\\\/1701Bundle.jpg\",\"contentUrl\":\"https:\\\/\\\/www.naturales-canarias.com\\\/wp-content\\\/uploads\\\/2015\\\/02\\\/1701Bundle.jpg\",\"width\":800,\"height\":800},{\"@type\":\"BreadcrumbList\",\"@id\":\"https:\\\/\\\/www.naturales-canarias.com\\\/nl\\\/products\\\/aloe-vera-anti-aging-sparpaket-2\\\/#breadcrumb\",\"itemListElement\":[{\"@type\":\"ListItem\",\"position\":1,\"name\":\"Home\",\"item\":\"https:\\\/\\\/www.naturales-canarias.com\\\/nl\\\/\"},{\"@type\":\"ListItem\",\"position\":2,\"name\":\"Winkel\",\"item\":\"https:\\\/\\\/www.naturales-canarias.com\\\/nl\\\/winkel\\\/\"},{\"@type\":\"ListItem\",\"position\":3,\"name\":\"Aloe Vera Anti-Aging | Sparpaket\"}]},{\"@type\":\"WebSite\",\"@id\":\"https:\\\/\\\/www.naturales-canarias.com\\\/nl\\\/#website\",\"url\":\"https:\\\/\\\/www.naturales-canarias.com\\\/nl\\\/\",\"name\":\"Aloe Vera Shop - Naturales Canaria\",\"description\":\"Aloe Vera Producs from the canarian islands\",\"potentialAction\":[{\"@type\":\"SearchAction\",\"target\":{\"@type\":\"EntryPoint\",\"urlTemplate\":\"https:\\\/\\\/www.naturales-canarias.com\\\/nl\\\/?s={search_term_string}\"},\"query-input\":{\"@type\":\"PropertyValueSpecification\",\"valueRequired\":true,\"valueName\":\"search_term_string\"}}],\"inLanguage\":\"nl-NL\"}]}<\/script>\n<!-- \/ Yoast SEO plugin. -->","yoast_head_json":{"title":"Aloe Vera Anti-Aging | Sparpaket - Aloe Vera Shop - Naturales Canaria","robots":{"index":"index","follow":"follow","max-snippet":"max-snippet:-1","max-image-preview":"max-image-preview:large","max-video-preview":"max-video-preview:-1"},"canonical":"https:\/\/www.naturales-canarias.com\/nl\/products\/aloe-vera-anti-aging-sparpaket-2\/","og_locale":"nl_NL","og_type":"article","og_title":"Aloe Vera Anti-Aging | Sparpaket - Aloe Vera Shop - Naturales Canaria","og_description":"Aloe Vera Anti-Aging | Sparpaket  Anti-Aging Gesichtscreme, Antifalten Gel und Augencreme","og_url":"https:\/\/www.naturales-canarias.com\/nl\/products\/aloe-vera-anti-aging-sparpaket-2\/","og_site_name":"Aloe Vera Shop - Naturales Canaria","article_publisher":"https:\/\/www.facebook.com\/Naturales-Canarias-Aloe-Vera-Shop-777293042339239\/?fref=ts","og_image":[{"width":800,"height":800,"url":"https:\/\/www.naturales-canarias.com\/wp-content\/uploads\/2015\/02\/1701Bundle.jpg","type":"image\/jpeg"}],"twitter_misc":{"Geschatte leestijd":"1 minuut"},"schema":{"@context":"https:\/\/schema.org","@graph":[{"@type":"WebPage","@id":"https:\/\/www.naturales-canarias.com\/nl\/products\/aloe-vera-anti-aging-sparpaket-2\/","url":"https:\/\/www.naturales-canarias.com\/nl\/products\/aloe-vera-anti-aging-sparpaket-2\/","name":"Aloe Vera Anti-Aging | Sparpaket - Aloe Vera Shop - Naturales Canaria","isPartOf":{"@id":"https:\/\/www.naturales-canarias.com\/nl\/#website"},"primaryImageOfPage":{"@id":"https:\/\/www.naturales-canarias.com\/nl\/products\/aloe-vera-anti-aging-sparpaket-2\/#primaryimage"},"image":{"@id":"https:\/\/www.naturales-canarias.com\/nl\/products\/aloe-vera-anti-aging-sparpaket-2\/#primaryimage"},"thumbnailUrl":"https:\/\/www.naturales-canarias.com\/wp-content\/uploads\/2015\/02\/1701Bundle.jpg","datePublished":"2015-04-21T10:04:29+00:00","breadcrumb":{"@id":"https:\/\/www.naturales-canarias.com\/nl\/products\/aloe-vera-anti-aging-sparpaket-2\/#breadcrumb"},"inLanguage":"nl-NL","potentialAction":[{"@type":"ReadAction","target":["https:\/\/www.naturales-canarias.com\/nl\/products\/aloe-vera-anti-aging-sparpaket-2\/"]}]},{"@type":"ImageObject","inLanguage":"nl-NL","@id":"https:\/\/www.naturales-canarias.com\/nl\/products\/aloe-vera-anti-aging-sparpaket-2\/#primaryimage","url":"https:\/\/www.naturales-canarias.com\/wp-content\/uploads\/2015\/02\/1701Bundle.jpg","contentUrl":"https:\/\/www.naturales-canarias.com\/wp-content\/uploads\/2015\/02\/1701Bundle.jpg","width":800,"height":800},{"@type":"BreadcrumbList","@id":"https:\/\/www.naturales-canarias.com\/nl\/products\/aloe-vera-anti-aging-sparpaket-2\/#breadcrumb","itemListElement":[{"@type":"ListItem","position":1,"name":"Home","item":"https:\/\/www.naturales-canarias.com\/nl\/"},{"@type":"ListItem","position":2,"name":"Winkel","item":"https:\/\/www.naturales-canarias.com\/nl\/winkel\/"},{"@type":"ListItem","position":3,"name":"Aloe Vera Anti-Aging | Sparpaket"}]},{"@type":"WebSite","@id":"https:\/\/www.naturales-canarias.com\/nl\/#website","url":"https:\/\/www.naturales-canarias.com\/nl\/","name":"Aloe Vera Shop - Naturales Canaria","description":"Aloe Vera Producs from the canarian islands","potentialAction":[{"@type":"SearchAction","target":{"@type":"EntryPoint","urlTemplate":"https:\/\/www.naturales-canarias.com\/nl\/?s={search_term_string}"},"query-input":{"@type":"PropertyValueSpecification","valueRequired":true,"valueName":"search_term_string"}}],"inLanguage":"nl-NL"}]}},"_links":{"self":[{"href":"https:\/\/www.naturales-canarias.com\/nl\/wp-json\/wp\/v2\/product\/1066","targetHints":{"allow":["GET"]}}],"collection":[{"href":"https:\/\/www.naturales-canarias.com\/nl\/wp-json\/wp\/v2\/product"}],"about":[{"href":"https:\/\/www.naturales-canarias.com\/nl\/wp-json\/wp\/v2\/types\/product"}],"wp:featuredmedia":[{"embeddable":true,"href":"https:\/\/www.naturales-canarias.com\/nl\/wp-json\/wp\/v2\/media\/460"}],"wp:attachment":[{"href":"https:\/\/www.naturales-canarias.com\/nl\/wp-json\/wp\/v2\/media?parent=1066"}],"wp:term":[{"taxonomy":"product_brand","embeddable":true,"href":"https:\/\/www.naturales-canarias.com\/nl\/wp-json\/wp\/v2\/product_brand?post=1066"},{"taxonomy":"product_cat","embeddable":true,"href":"https:\/\/www.naturales-canarias.com\/nl\/wp-json\/wp\/v2\/product_cat?post=1066"},{"taxonomy":"product_tag","embeddable":true,"href":"https:\/\/www.naturales-canarias.com\/nl\/wp-json\/wp\/v2\/product_tag?post=1066"}],"curies":[{"name":"wp","href":"https:\/\/api.w.org\/{rel}","templated":true}]}}