{"id":1078,"date":"2015-02-09T16:27:51","date_gmt":"2015-04-21T10:10:24","guid":{"rendered":"https:\/\/www.naturales-canarias.com\/?post_type=product&#038;p=1078"},"modified":"2016-07-06T09:54:41","modified_gmt":"2016-07-06T09:54:41","slug":"aloe-vera-shampoo-anti-schuppen-aromas-naturales-2","status":"publish","type":"product","link":"https:\/\/www.naturales-canarias.com\/nl\/products\/aloe-vera-shampoo-anti-schuppen-aromas-naturales-2\/","title":{"rendered":"Aloe Vera Shampoo Anti-Schuppen | Dermetiks"},"content":{"rendered":"<p><strong>Aloe Vera Anti-Schuppen Shampoo<\/strong><\/p>\n<ul>\n<li>Pflanzen aus biologischen Anbau<\/li>\n<li>Enth\u00e4lt Aloe Vera und Ringelblume<\/li>\n<li>Geeignet zur Anwendung gegen Schuppenbildung<\/li>\n<\/ul>\n<p>&nbsp;<\/p>\n<p style=\"text-align: justify;\">F\u00fcr die t\u00e4gliche Reinigung und Pflege Ihrer Haare und Ihrer Kopfhaut. Das Aloe Vera Shampoo mit Ringelblume enth\u00e4lt zahlreiche pflanzliche Komponenten und pflegt sowohl Ihre Haare als auch Ihre Kopfhaut. Das Shampoo mit Aloe Vera hilft selbst hartn\u00e4ckige Schuppen zu beseitigen und verleiht dem Haar Frische und Elastizit\u00e4t. Aloe Vera und Ringelblume beruhigen gereizte, empfindliche Kopfhaut.<\/p>\n<p>&nbsp;<\/p>\n<hr \/>\n<p>&nbsp;<\/p>\n<p><strong>F\u00fcllmenge:<\/strong> 250ml<\/p>\n<p><strong>Hersteller:<\/strong> Dermetiks<\/p>\n<p>&nbsp;<\/p>\n<p style=\"text-align: justify;\"><em><strong>Inhaltsstoffe:<\/strong> Aqua, Sodium Laureth Sulfate, Cocamide Dea, Cocamidopropyl Betaine, Polyquaternium-7, Aloe barbadensis, Calendula Officialis, Humulus Lupulus, Chamomilla Recutita, Achillea Millefolium, Sodium Chloride, Polyquaternium-22, Allantoin, Cinnamomum Zeylanicum, Mentha Piperita, Methylisothiazolinone, Methylchloroisothiazolinone, Cinnamal.<\/em><\/p>\n<p>&nbsp;<\/p>\n","protected":false},"excerpt":{"rendered":"<p><strong>Aloe Vera Anti-Schuppen Shampoo<\/strong><\/p>\n<p>250ml | Dermetiks<\/p>\n","protected":false},"featured_media":2409,"template":"","meta":[],"product_brand":[],"product_cat":[73],"product_tag":[],"class_list":{"0":"post-1078","1":"product","2":"type-product","3":"status-publish","4":"has-post-thumbnail","6":"product_cat-haarverzorging","8":"first","9":"outofstock","10":"shipping-taxable","11":"purchasable","12":"product-type-simple"},"yoast_head":"<!-- This site is optimized with the Yoast SEO plugin v27.6 - https:\/\/yoast.com\/product\/yoast-seo-wordpress\/ -->\n<title>Aloe Vera Shampoo Anti-Schuppen | Dermetiks - Aloe Vera Shop - Naturales Canaria<\/title>\n<meta name=\"robots\" content=\"index, follow, max-snippet:-1, max-image-preview:large, max-video-preview:-1\" \/>\n<link rel=\"canonical\" href=\"https:\/\/www.naturales-canarias.com\/nl\/products\/aloe-vera-shampoo-anti-schuppen-aromas-naturales-2\/\" \/>\n<meta property=\"og:locale\" content=\"nl_NL\" \/>\n<meta property=\"og:type\" content=\"article\" \/>\n<meta property=\"og:title\" content=\"Aloe Vera Shampoo Anti-Schuppen | Dermetiks - Aloe Vera Shop - Naturales Canaria\" \/>\n<meta property=\"og:description\" content=\"Aloe Vera Anti-Schuppen Shampoo  250ml | Dermetiks\" \/>\n<meta property=\"og:url\" content=\"https:\/\/www.naturales-canarias.com\/nl\/products\/aloe-vera-shampoo-anti-schuppen-aromas-naturales-2\/\" \/>\n<meta property=\"og:site_name\" content=\"Aloe Vera Shop - Naturales Canaria\" \/>\n<meta property=\"article:publisher\" content=\"https:\/\/www.facebook.com\/Naturales-Canarias-Aloe-Vera-Shop-777293042339239\/?fref=ts\" \/>\n<meta property=\"article:modified_time\" content=\"2016-07-06T09:54:41+00:00\" \/>\n<meta property=\"og:image\" content=\"https:\/\/www.naturales-canarias.com\/wp-content\/uploads\/2015\/02\/1421Dermetiks_shampoo-anticapa-naturales-canarias.png\" \/>\n\t<meta property=\"og:image:width\" content=\"800\" \/>\n\t<meta property=\"og:image:height\" content=\"800\" \/>\n\t<meta property=\"og:image:type\" content=\"image\/png\" \/>\n<meta name=\"twitter:label1\" content=\"Geschatte leestijd\" \/>\n\t<meta name=\"twitter:data1\" content=\"1 minuut\" \/>\n<script type=\"application\/ld+json\" class=\"yoast-schema-graph\">{\"@context\":\"https:\\\/\\\/schema.org\",\"@graph\":[{\"@type\":\"WebPage\",\"@id\":\"https:\\\/\\\/www.naturales-canarias.com\\\/nl\\\/products\\\/aloe-vera-shampoo-anti-schuppen-aromas-naturales-2\\\/\",\"url\":\"https:\\\/\\\/www.naturales-canarias.com\\\/nl\\\/products\\\/aloe-vera-shampoo-anti-schuppen-aromas-naturales-2\\\/\",\"name\":\"Aloe Vera Shampoo Anti-Schuppen | Dermetiks - Aloe Vera Shop - Naturales Canaria\",\"isPartOf\":{\"@id\":\"https:\\\/\\\/www.naturales-canarias.com\\\/nl\\\/#website\"},\"primaryImageOfPage\":{\"@id\":\"https:\\\/\\\/www.naturales-canarias.com\\\/nl\\\/products\\\/aloe-vera-shampoo-anti-schuppen-aromas-naturales-2\\\/#primaryimage\"},\"image\":{\"@id\":\"https:\\\/\\\/www.naturales-canarias.com\\\/nl\\\/products\\\/aloe-vera-shampoo-anti-schuppen-aromas-naturales-2\\\/#primaryimage\"},\"thumbnailUrl\":\"https:\\\/\\\/www.naturales-canarias.com\\\/wp-content\\\/uploads\\\/2015\\\/02\\\/1421Dermetiks_shampoo-anticapa-naturales-canarias.png\",\"datePublished\":\"2015-04-21T10:10:24+00:00\",\"dateModified\":\"2016-07-06T09:54:41+00:00\",\"breadcrumb\":{\"@id\":\"https:\\\/\\\/www.naturales-canarias.com\\\/nl\\\/products\\\/aloe-vera-shampoo-anti-schuppen-aromas-naturales-2\\\/#breadcrumb\"},\"inLanguage\":\"nl-NL\",\"potentialAction\":[{\"@type\":\"ReadAction\",\"target\":[\"https:\\\/\\\/www.naturales-canarias.com\\\/nl\\\/products\\\/aloe-vera-shampoo-anti-schuppen-aromas-naturales-2\\\/\"]}]},{\"@type\":\"ImageObject\",\"inLanguage\":\"nl-NL\",\"@id\":\"https:\\\/\\\/www.naturales-canarias.com\\\/nl\\\/products\\\/aloe-vera-shampoo-anti-schuppen-aromas-naturales-2\\\/#primaryimage\",\"url\":\"https:\\\/\\\/www.naturales-canarias.com\\\/wp-content\\\/uploads\\\/2015\\\/02\\\/1421Dermetiks_shampoo-anticapa-naturales-canarias.png\",\"contentUrl\":\"https:\\\/\\\/www.naturales-canarias.com\\\/wp-content\\\/uploads\\\/2015\\\/02\\\/1421Dermetiks_shampoo-anticapa-naturales-canarias.png\",\"width\":800,\"height\":800},{\"@type\":\"BreadcrumbList\",\"@id\":\"https:\\\/\\\/www.naturales-canarias.com\\\/nl\\\/products\\\/aloe-vera-shampoo-anti-schuppen-aromas-naturales-2\\\/#breadcrumb\",\"itemListElement\":[{\"@type\":\"ListItem\",\"position\":1,\"name\":\"Home\",\"item\":\"https:\\\/\\\/www.naturales-canarias.com\\\/nl\\\/\"},{\"@type\":\"ListItem\",\"position\":2,\"name\":\"Winkel\",\"item\":\"https:\\\/\\\/www.naturales-canarias.com\\\/nl\\\/winkel\\\/\"},{\"@type\":\"ListItem\",\"position\":3,\"name\":\"Aloe Vera Shampoo Anti-Schuppen | Dermetiks\"}]},{\"@type\":\"WebSite\",\"@id\":\"https:\\\/\\\/www.naturales-canarias.com\\\/nl\\\/#website\",\"url\":\"https:\\\/\\\/www.naturales-canarias.com\\\/nl\\\/\",\"name\":\"Aloe Vera Shop - Naturales Canaria\",\"description\":\"Aloe Vera Producs from the canarian islands\",\"potentialAction\":[{\"@type\":\"SearchAction\",\"target\":{\"@type\":\"EntryPoint\",\"urlTemplate\":\"https:\\\/\\\/www.naturales-canarias.com\\\/nl\\\/?s={search_term_string}\"},\"query-input\":{\"@type\":\"PropertyValueSpecification\",\"valueRequired\":true,\"valueName\":\"search_term_string\"}}],\"inLanguage\":\"nl-NL\"}]}<\/script>\n<!-- \/ Yoast SEO plugin. -->","yoast_head_json":{"title":"Aloe Vera Shampoo Anti-Schuppen | Dermetiks - Aloe Vera Shop - Naturales Canaria","robots":{"index":"index","follow":"follow","max-snippet":"max-snippet:-1","max-image-preview":"max-image-preview:large","max-video-preview":"max-video-preview:-1"},"canonical":"https:\/\/www.naturales-canarias.com\/nl\/products\/aloe-vera-shampoo-anti-schuppen-aromas-naturales-2\/","og_locale":"nl_NL","og_type":"article","og_title":"Aloe Vera Shampoo Anti-Schuppen | Dermetiks - Aloe Vera Shop - Naturales Canaria","og_description":"Aloe Vera Anti-Schuppen Shampoo  250ml | Dermetiks","og_url":"https:\/\/www.naturales-canarias.com\/nl\/products\/aloe-vera-shampoo-anti-schuppen-aromas-naturales-2\/","og_site_name":"Aloe Vera Shop - Naturales Canaria","article_publisher":"https:\/\/www.facebook.com\/Naturales-Canarias-Aloe-Vera-Shop-777293042339239\/?fref=ts","article_modified_time":"2016-07-06T09:54:41+00:00","og_image":[{"width":800,"height":800,"url":"https:\/\/www.naturales-canarias.com\/wp-content\/uploads\/2015\/02\/1421Dermetiks_shampoo-anticapa-naturales-canarias.png","type":"image\/png"}],"twitter_misc":{"Geschatte leestijd":"1 minuut"},"schema":{"@context":"https:\/\/schema.org","@graph":[{"@type":"WebPage","@id":"https:\/\/www.naturales-canarias.com\/nl\/products\/aloe-vera-shampoo-anti-schuppen-aromas-naturales-2\/","url":"https:\/\/www.naturales-canarias.com\/nl\/products\/aloe-vera-shampoo-anti-schuppen-aromas-naturales-2\/","name":"Aloe Vera Shampoo Anti-Schuppen | Dermetiks - Aloe Vera Shop - Naturales Canaria","isPartOf":{"@id":"https:\/\/www.naturales-canarias.com\/nl\/#website"},"primaryImageOfPage":{"@id":"https:\/\/www.naturales-canarias.com\/nl\/products\/aloe-vera-shampoo-anti-schuppen-aromas-naturales-2\/#primaryimage"},"image":{"@id":"https:\/\/www.naturales-canarias.com\/nl\/products\/aloe-vera-shampoo-anti-schuppen-aromas-naturales-2\/#primaryimage"},"thumbnailUrl":"https:\/\/www.naturales-canarias.com\/wp-content\/uploads\/2015\/02\/1421Dermetiks_shampoo-anticapa-naturales-canarias.png","datePublished":"2015-04-21T10:10:24+00:00","dateModified":"2016-07-06T09:54:41+00:00","breadcrumb":{"@id":"https:\/\/www.naturales-canarias.com\/nl\/products\/aloe-vera-shampoo-anti-schuppen-aromas-naturales-2\/#breadcrumb"},"inLanguage":"nl-NL","potentialAction":[{"@type":"ReadAction","target":["https:\/\/www.naturales-canarias.com\/nl\/products\/aloe-vera-shampoo-anti-schuppen-aromas-naturales-2\/"]}]},{"@type":"ImageObject","inLanguage":"nl-NL","@id":"https:\/\/www.naturales-canarias.com\/nl\/products\/aloe-vera-shampoo-anti-schuppen-aromas-naturales-2\/#primaryimage","url":"https:\/\/www.naturales-canarias.com\/wp-content\/uploads\/2015\/02\/1421Dermetiks_shampoo-anticapa-naturales-canarias.png","contentUrl":"https:\/\/www.naturales-canarias.com\/wp-content\/uploads\/2015\/02\/1421Dermetiks_shampoo-anticapa-naturales-canarias.png","width":800,"height":800},{"@type":"BreadcrumbList","@id":"https:\/\/www.naturales-canarias.com\/nl\/products\/aloe-vera-shampoo-anti-schuppen-aromas-naturales-2\/#breadcrumb","itemListElement":[{"@type":"ListItem","position":1,"name":"Home","item":"https:\/\/www.naturales-canarias.com\/nl\/"},{"@type":"ListItem","position":2,"name":"Winkel","item":"https:\/\/www.naturales-canarias.com\/nl\/winkel\/"},{"@type":"ListItem","position":3,"name":"Aloe Vera Shampoo Anti-Schuppen | Dermetiks"}]},{"@type":"WebSite","@id":"https:\/\/www.naturales-canarias.com\/nl\/#website","url":"https:\/\/www.naturales-canarias.com\/nl\/","name":"Aloe Vera Shop - Naturales Canaria","description":"Aloe Vera Producs from the canarian islands","potentialAction":[{"@type":"SearchAction","target":{"@type":"EntryPoint","urlTemplate":"https:\/\/www.naturales-canarias.com\/nl\/?s={search_term_string}"},"query-input":{"@type":"PropertyValueSpecification","valueRequired":true,"valueName":"search_term_string"}}],"inLanguage":"nl-NL"}]}},"_links":{"self":[{"href":"https:\/\/www.naturales-canarias.com\/nl\/wp-json\/wp\/v2\/product\/1078","targetHints":{"allow":["GET"]}}],"collection":[{"href":"https:\/\/www.naturales-canarias.com\/nl\/wp-json\/wp\/v2\/product"}],"about":[{"href":"https:\/\/www.naturales-canarias.com\/nl\/wp-json\/wp\/v2\/types\/product"}],"wp:featuredmedia":[{"embeddable":true,"href":"https:\/\/www.naturales-canarias.com\/nl\/wp-json\/wp\/v2\/media\/2409"}],"wp:attachment":[{"href":"https:\/\/www.naturales-canarias.com\/nl\/wp-json\/wp\/v2\/media?parent=1078"}],"wp:term":[{"taxonomy":"product_brand","embeddable":true,"href":"https:\/\/www.naturales-canarias.com\/nl\/wp-json\/wp\/v2\/product_brand?post=1078"},{"taxonomy":"product_cat","embeddable":true,"href":"https:\/\/www.naturales-canarias.com\/nl\/wp-json\/wp\/v2\/product_cat?post=1078"},{"taxonomy":"product_tag","embeddable":true,"href":"https:\/\/www.naturales-canarias.com\/nl\/wp-json\/wp\/v2\/product_tag?post=1078"}],"curies":[{"name":"wp","href":"https:\/\/api.w.org\/{rel}","templated":true}]}}