{"id":1082,"date":"2015-02-09T16:27:48","date_gmt":"2015-04-21T10:11:23","guid":{"rendered":"https:\/\/www.naturales-canarias.com\/?post_type=product&#038;p=1082"},"modified":"2015-04-21T10:11:23","modified_gmt":"2015-04-21T10:11:23","slug":"aloe-vera-intensivcreme-dermetiks-2","status":"publish","type":"product","link":"https:\/\/www.naturales-canarias.com\/nl\/products\/aloe-vera-intensivcreme-dermetiks-2\/","title":{"rendered":"Aloe Vera Intensivcreme | Dermetiks"},"content":{"rendered":"<p><strong>Aloe Vera Intensivcreme f\u00fcr K\u00f6rper, H\u00e4nde und F\u00fc\u00dfe<\/strong><\/p>\n<ul>\n<li>Enth\u00e4lt Aloe Vera, Sheabutter und Kamille<\/li>\n<li>F\u00fcr trockene und strapazierte Haut<\/li>\n<\/ul>\n<p>&nbsp;<\/p>\n<p style=\"text-align: justify;\">Die verw\u00f6hnende K\u00f6rperlotion mit Aloe Vera, Sheabutter und Kamille schenkt der Haut Elastizit\u00e4t und Sch\u00f6nheit. Trockene Haut wird sofort beruhigt, intensiv gen\u00e4hrt und repariert. Eine Pflege, die selbst an besonders trockenen und strapazierten Stellen neue Geschmeidigkeit und Zartheit schenkt. <\/p>\n<p>&nbsp;<\/p>\n<hr \/>\n<p>&nbsp;<\/p>\n<p><strong>F\u00fcllmenge:<\/strong> 200ml<\/p>\n<p><strong>Hersteller:<\/strong> Dermetiks<\/p>\n<p>&nbsp;<\/p>\n<p style=\"text-align: justify;\"><em><strong>Inhaltsstoffe:<\/strong> Aloe barbadensis leaf extract, Aqua, Isononyl isononanoate, Dimethicone, Glycerin, Chamomilla Recutita Flower Extract, Glyceryl Stearate Se, Paraffinum Liqidum, Ceteareth 12, Imidazolidinyl Urea, Cetyl Alcohol, Isopropyl Myristate, Stearic Acid, Carbomer, Triethanolamine, Ceteareth 20, Butyrospermum parkii Butter, Cyclopentasiloxane, Ppg\/Peg 14\/4 Dimethicone, Ozokerite, Cetearyl Alcohol, Disodium Edta, Magnesium Nitrate, Bht, Methylchloroisothiazolinone, Magnesium Chloride, Methylisothiazolinone, CI 19140, CI 42090, Sodium Benzoate, Potassium Sorbate, Limonene, Linalool.<\/em><\/p>\n<p>&nbsp;<\/p>\n","protected":false},"excerpt":{"rendered":"<p><strong>Aloe Vera Intensivcreme f\u00fcr K\u00f6rper, H\u00e4nde und F\u00fc\u00dfe<\/strong><br \/>\n200ml | Dermetiks<\/p>\n","protected":false},"featured_media":431,"template":"","meta":[],"product_brand":[],"product_cat":[19],"product_tag":[],"class_list":{"0":"post-1082","1":"product","2":"type-product","3":"status-publish","4":"has-post-thumbnail","6":"product_cat-creme-nl","8":"first","9":"instock","10":"shipping-taxable","11":"purchasable","12":"product-type-simple"},"yoast_head":"<!-- This site is optimized with the Yoast SEO plugin v27.5 - https:\/\/yoast.com\/product\/yoast-seo-wordpress\/ -->\n<title>Aloe Vera Intensivcreme | Dermetiks - Aloe Vera Shop - Naturales Canaria<\/title>\n<meta name=\"robots\" content=\"index, follow, max-snippet:-1, max-image-preview:large, max-video-preview:-1\" \/>\n<link rel=\"canonical\" href=\"https:\/\/www.naturales-canarias.com\/nl\/products\/aloe-vera-intensivcreme-dermetiks-2\/\" \/>\n<meta property=\"og:locale\" content=\"nl_NL\" \/>\n<meta property=\"og:type\" content=\"article\" \/>\n<meta property=\"og:title\" content=\"Aloe Vera Intensivcreme | Dermetiks - Aloe Vera Shop - Naturales Canaria\" \/>\n<meta property=\"og:description\" content=\"Aloe Vera Intensivcreme f\u00fcr K\u00f6rper, H\u00e4nde und F\u00fc\u00dfe 200ml | Dermetiks\" \/>\n<meta property=\"og:url\" content=\"https:\/\/www.naturales-canarias.com\/nl\/products\/aloe-vera-intensivcreme-dermetiks-2\/\" \/>\n<meta property=\"og:site_name\" content=\"Aloe Vera Shop - Naturales Canaria\" \/>\n<meta property=\"article:publisher\" content=\"https:\/\/www.facebook.com\/Naturales-Canarias-Aloe-Vera-Shop-777293042339239\/?fref=ts\" \/>\n<meta property=\"og:image\" content=\"https:\/\/www.naturales-canarias.com\/wp-content\/uploads\/2015\/02\/1401Dermetiks_bodycream.jpg\" \/>\n\t<meta property=\"og:image:width\" content=\"800\" \/>\n\t<meta property=\"og:image:height\" content=\"800\" \/>\n\t<meta property=\"og:image:type\" content=\"image\/jpeg\" \/>\n<meta name=\"twitter:label1\" content=\"Geschatte leestijd\" \/>\n\t<meta name=\"twitter:data1\" content=\"1 minuut\" \/>\n<script type=\"application\/ld+json\" class=\"yoast-schema-graph\">{\"@context\":\"https:\\\/\\\/schema.org\",\"@graph\":[{\"@type\":\"WebPage\",\"@id\":\"https:\\\/\\\/www.naturales-canarias.com\\\/nl\\\/products\\\/aloe-vera-intensivcreme-dermetiks-2\\\/\",\"url\":\"https:\\\/\\\/www.naturales-canarias.com\\\/nl\\\/products\\\/aloe-vera-intensivcreme-dermetiks-2\\\/\",\"name\":\"Aloe Vera Intensivcreme | Dermetiks - Aloe Vera Shop - Naturales Canaria\",\"isPartOf\":{\"@id\":\"https:\\\/\\\/www.naturales-canarias.com\\\/nl\\\/#website\"},\"primaryImageOfPage\":{\"@id\":\"https:\\\/\\\/www.naturales-canarias.com\\\/nl\\\/products\\\/aloe-vera-intensivcreme-dermetiks-2\\\/#primaryimage\"},\"image\":{\"@id\":\"https:\\\/\\\/www.naturales-canarias.com\\\/nl\\\/products\\\/aloe-vera-intensivcreme-dermetiks-2\\\/#primaryimage\"},\"thumbnailUrl\":\"https:\\\/\\\/www.naturales-canarias.com\\\/wp-content\\\/uploads\\\/2015\\\/02\\\/1401Dermetiks_bodycream.jpg\",\"datePublished\":\"2015-04-21T10:11:23+00:00\",\"breadcrumb\":{\"@id\":\"https:\\\/\\\/www.naturales-canarias.com\\\/nl\\\/products\\\/aloe-vera-intensivcreme-dermetiks-2\\\/#breadcrumb\"},\"inLanguage\":\"nl-NL\",\"potentialAction\":[{\"@type\":\"ReadAction\",\"target\":[\"https:\\\/\\\/www.naturales-canarias.com\\\/nl\\\/products\\\/aloe-vera-intensivcreme-dermetiks-2\\\/\"]}]},{\"@type\":\"ImageObject\",\"inLanguage\":\"nl-NL\",\"@id\":\"https:\\\/\\\/www.naturales-canarias.com\\\/nl\\\/products\\\/aloe-vera-intensivcreme-dermetiks-2\\\/#primaryimage\",\"url\":\"https:\\\/\\\/www.naturales-canarias.com\\\/wp-content\\\/uploads\\\/2015\\\/02\\\/1401Dermetiks_bodycream.jpg\",\"contentUrl\":\"https:\\\/\\\/www.naturales-canarias.com\\\/wp-content\\\/uploads\\\/2015\\\/02\\\/1401Dermetiks_bodycream.jpg\",\"width\":800,\"height\":800},{\"@type\":\"BreadcrumbList\",\"@id\":\"https:\\\/\\\/www.naturales-canarias.com\\\/nl\\\/products\\\/aloe-vera-intensivcreme-dermetiks-2\\\/#breadcrumb\",\"itemListElement\":[{\"@type\":\"ListItem\",\"position\":1,\"name\":\"Home\",\"item\":\"https:\\\/\\\/www.naturales-canarias.com\\\/nl\\\/\"},{\"@type\":\"ListItem\",\"position\":2,\"name\":\"Winkel\",\"item\":\"https:\\\/\\\/www.naturales-canarias.com\\\/nl\\\/winkel\\\/\"},{\"@type\":\"ListItem\",\"position\":3,\"name\":\"Aloe Vera Intensivcreme | Dermetiks\"}]},{\"@type\":\"WebSite\",\"@id\":\"https:\\\/\\\/www.naturales-canarias.com\\\/nl\\\/#website\",\"url\":\"https:\\\/\\\/www.naturales-canarias.com\\\/nl\\\/\",\"name\":\"Aloe Vera Shop - Naturales Canaria\",\"description\":\"Aloe Vera Producs from the canarian islands\",\"potentialAction\":[{\"@type\":\"SearchAction\",\"target\":{\"@type\":\"EntryPoint\",\"urlTemplate\":\"https:\\\/\\\/www.naturales-canarias.com\\\/nl\\\/?s={search_term_string}\"},\"query-input\":{\"@type\":\"PropertyValueSpecification\",\"valueRequired\":true,\"valueName\":\"search_term_string\"}}],\"inLanguage\":\"nl-NL\"}]}<\/script>\n<!-- \/ Yoast SEO plugin. -->","yoast_head_json":{"title":"Aloe Vera Intensivcreme | Dermetiks - Aloe Vera Shop - Naturales Canaria","robots":{"index":"index","follow":"follow","max-snippet":"max-snippet:-1","max-image-preview":"max-image-preview:large","max-video-preview":"max-video-preview:-1"},"canonical":"https:\/\/www.naturales-canarias.com\/nl\/products\/aloe-vera-intensivcreme-dermetiks-2\/","og_locale":"nl_NL","og_type":"article","og_title":"Aloe Vera Intensivcreme | Dermetiks - Aloe Vera Shop - Naturales Canaria","og_description":"Aloe Vera Intensivcreme f\u00fcr K\u00f6rper, H\u00e4nde und F\u00fc\u00dfe 200ml | Dermetiks","og_url":"https:\/\/www.naturales-canarias.com\/nl\/products\/aloe-vera-intensivcreme-dermetiks-2\/","og_site_name":"Aloe Vera Shop - Naturales Canaria","article_publisher":"https:\/\/www.facebook.com\/Naturales-Canarias-Aloe-Vera-Shop-777293042339239\/?fref=ts","og_image":[{"width":800,"height":800,"url":"https:\/\/www.naturales-canarias.com\/wp-content\/uploads\/2015\/02\/1401Dermetiks_bodycream.jpg","type":"image\/jpeg"}],"twitter_misc":{"Geschatte leestijd":"1 minuut"},"schema":{"@context":"https:\/\/schema.org","@graph":[{"@type":"WebPage","@id":"https:\/\/www.naturales-canarias.com\/nl\/products\/aloe-vera-intensivcreme-dermetiks-2\/","url":"https:\/\/www.naturales-canarias.com\/nl\/products\/aloe-vera-intensivcreme-dermetiks-2\/","name":"Aloe Vera Intensivcreme | Dermetiks - Aloe Vera Shop - Naturales Canaria","isPartOf":{"@id":"https:\/\/www.naturales-canarias.com\/nl\/#website"},"primaryImageOfPage":{"@id":"https:\/\/www.naturales-canarias.com\/nl\/products\/aloe-vera-intensivcreme-dermetiks-2\/#primaryimage"},"image":{"@id":"https:\/\/www.naturales-canarias.com\/nl\/products\/aloe-vera-intensivcreme-dermetiks-2\/#primaryimage"},"thumbnailUrl":"https:\/\/www.naturales-canarias.com\/wp-content\/uploads\/2015\/02\/1401Dermetiks_bodycream.jpg","datePublished":"2015-04-21T10:11:23+00:00","breadcrumb":{"@id":"https:\/\/www.naturales-canarias.com\/nl\/products\/aloe-vera-intensivcreme-dermetiks-2\/#breadcrumb"},"inLanguage":"nl-NL","potentialAction":[{"@type":"ReadAction","target":["https:\/\/www.naturales-canarias.com\/nl\/products\/aloe-vera-intensivcreme-dermetiks-2\/"]}]},{"@type":"ImageObject","inLanguage":"nl-NL","@id":"https:\/\/www.naturales-canarias.com\/nl\/products\/aloe-vera-intensivcreme-dermetiks-2\/#primaryimage","url":"https:\/\/www.naturales-canarias.com\/wp-content\/uploads\/2015\/02\/1401Dermetiks_bodycream.jpg","contentUrl":"https:\/\/www.naturales-canarias.com\/wp-content\/uploads\/2015\/02\/1401Dermetiks_bodycream.jpg","width":800,"height":800},{"@type":"BreadcrumbList","@id":"https:\/\/www.naturales-canarias.com\/nl\/products\/aloe-vera-intensivcreme-dermetiks-2\/#breadcrumb","itemListElement":[{"@type":"ListItem","position":1,"name":"Home","item":"https:\/\/www.naturales-canarias.com\/nl\/"},{"@type":"ListItem","position":2,"name":"Winkel","item":"https:\/\/www.naturales-canarias.com\/nl\/winkel\/"},{"@type":"ListItem","position":3,"name":"Aloe Vera Intensivcreme | Dermetiks"}]},{"@type":"WebSite","@id":"https:\/\/www.naturales-canarias.com\/nl\/#website","url":"https:\/\/www.naturales-canarias.com\/nl\/","name":"Aloe Vera Shop - Naturales Canaria","description":"Aloe Vera Producs from the canarian islands","potentialAction":[{"@type":"SearchAction","target":{"@type":"EntryPoint","urlTemplate":"https:\/\/www.naturales-canarias.com\/nl\/?s={search_term_string}"},"query-input":{"@type":"PropertyValueSpecification","valueRequired":true,"valueName":"search_term_string"}}],"inLanguage":"nl-NL"}]}},"_links":{"self":[{"href":"https:\/\/www.naturales-canarias.com\/nl\/wp-json\/wp\/v2\/product\/1082","targetHints":{"allow":["GET"]}}],"collection":[{"href":"https:\/\/www.naturales-canarias.com\/nl\/wp-json\/wp\/v2\/product"}],"about":[{"href":"https:\/\/www.naturales-canarias.com\/nl\/wp-json\/wp\/v2\/types\/product"}],"wp:featuredmedia":[{"embeddable":true,"href":"https:\/\/www.naturales-canarias.com\/nl\/wp-json\/wp\/v2\/media\/431"}],"wp:attachment":[{"href":"https:\/\/www.naturales-canarias.com\/nl\/wp-json\/wp\/v2\/media?parent=1082"}],"wp:term":[{"taxonomy":"product_brand","embeddable":true,"href":"https:\/\/www.naturales-canarias.com\/nl\/wp-json\/wp\/v2\/product_brand?post=1082"},{"taxonomy":"product_cat","embeddable":true,"href":"https:\/\/www.naturales-canarias.com\/nl\/wp-json\/wp\/v2\/product_cat?post=1082"},{"taxonomy":"product_tag","embeddable":true,"href":"https:\/\/www.naturales-canarias.com\/nl\/wp-json\/wp\/v2\/product_tag?post=1082"}],"curies":[{"name":"wp","href":"https:\/\/api.w.org\/{rel}","templated":true}]}}