{"id":1088,"date":"2015-02-09T16:27:42","date_gmt":"2015-04-21T10:18:53","guid":{"rendered":"https:\/\/www.naturales-canarias.com\/?post_type=product&#038;p=1088"},"modified":"2020-10-23T07:50:51","modified_gmt":"2020-10-23T07:50:51","slug":"aloe-vera-augencreme-dermetiks","status":"publish","type":"product","link":"https:\/\/www.naturales-canarias.com\/nl\/products\/aloe-vera-augencreme-dermetiks\/","title":{"rendered":"Aloe Vera Augencreme | Dermetiks"},"content":{"rendered":"<p><strong>Aloe Vera Augen Creme<\/strong><\/p>\n<ul>\n<li>Enth\u00e4lt Aloe Vera, Jojoba \u00d6l, Avocado \u00d6l, Shea Butter, Rotes Weinlaub und Ringelblumen<\/li>\n<li>Geeignet zur Durchblutungsf\u00f6rderung der Augenkonturen<\/li>\n<\/ul>\n<p>&nbsp;<\/p>\n<p style=\"text-align: justify;\">Augencreme mit aktiven Wirkstoffen, welche die lokale Durchblutung verbessern, die Tr\u00e4nens\u00e4cke und Ausdrucksfalten reduzieren und gleichzeitig feuchtigkeitsspendend wirken, kleine Falten gl\u00e4tten und die empfindliche Haut um das Auge n\u00e4hren.<\/p>\n<p>&nbsp;<\/p>\n<hr \/>\n<p>&nbsp;<\/p>\n<p><strong>F\u00fcllmenge:<\/strong> 30ml<\/p>\n<p><strong>Hersteller:<\/strong> Dermetiks<\/p>\n<p>&nbsp;<\/p>\n<p style=\"text-align: justify;\"><em><strong>Inhaltsstoffe:<\/strong> Aloe barbadensis leaf juice, Aqua, Glycerin, Glyceryl Stearate Se, Caprylic\/Capric Triglyceride, Decil Oleate, Simmondsia chinensis seed Oil, Galactoarabinan, Glyceryl Carylate, Colantida seed extract, Euterpe Oleracea fruit extract, Cetearyl Alcohol, Cetyl Alcohol, Arachdyl Alcohol, Behenylalcohol, Arachidyl Glucoside, Buthyrospermum Parkll, Shea Butter, Tocopheryl Acetate, Vitis Vinfera (Grape) leaf extract, Ginko Biloba extract, Calendula Officinalis Flower extract, Mel extract, Ascorbyl Palmiate, Potassum Sorbate, Sodium Benzoate, Maltodextrin, Citric Acis, Benzoic Acid, Sodium Phyate, Ascorbic Acid, Glucoloctone, Calcium Gluconolactone, Parfum, Citral, Gefraniol, Limonene.<\/em><\/p>\n<p>&nbsp;<\/p>\n","protected":false},"excerpt":{"rendered":"<p><strong>Aloe Vera Augencreme<\/strong><br \/>\n30ml | Dermetiks<\/p>\n","protected":false},"featured_media":466,"template":"","meta":[],"product_brand":[],"product_cat":[19,72],"product_tag":[],"class_list":{"0":"post-1088","1":"product","2":"type-product","3":"status-publish","4":"has-post-thumbnail","6":"product_cat-creme-nl","7":"product_cat-gezichtsverzorging","9":"first","10":"instock","11":"shipping-taxable","12":"purchasable","13":"product-type-simple"},"yoast_head":"<!-- This site is optimized with the Yoast SEO plugin v27.4 - https:\/\/yoast.com\/product\/yoast-seo-wordpress\/ -->\n<title>Aloe Vera Augencreme | Dermetiks - Aloe Vera Shop - Naturales Canaria<\/title>\n<meta name=\"robots\" content=\"index, follow, max-snippet:-1, max-image-preview:large, max-video-preview:-1\" \/>\n<link rel=\"canonical\" href=\"https:\/\/www.naturales-canarias.com\/nl\/products\/aloe-vera-augencreme-dermetiks\/\" \/>\n<meta property=\"og:locale\" content=\"nl_NL\" \/>\n<meta property=\"og:type\" content=\"article\" \/>\n<meta property=\"og:title\" content=\"Aloe Vera Augencreme | Dermetiks - Aloe Vera Shop - Naturales Canaria\" \/>\n<meta property=\"og:description\" content=\"Aloe Vera Augencreme 30ml | Dermetiks\" \/>\n<meta property=\"og:url\" content=\"https:\/\/www.naturales-canarias.com\/nl\/products\/aloe-vera-augencreme-dermetiks\/\" \/>\n<meta property=\"og:site_name\" content=\"Aloe Vera Shop - Naturales Canaria\" \/>\n<meta property=\"article:publisher\" content=\"https:\/\/www.facebook.com\/Naturales-Canarias-Aloe-Vera-Shop-777293042339239\/?fref=ts\" \/>\n<meta property=\"article:modified_time\" content=\"2020-10-23T07:50:51+00:00\" \/>\n<meta property=\"og:image\" content=\"https:\/\/www.naturales-canarias.com\/wp-content\/uploads\/2015\/02\/1405Dermetiks_eyes.jpg\" \/>\n\t<meta property=\"og:image:width\" content=\"800\" \/>\n\t<meta property=\"og:image:height\" content=\"800\" \/>\n\t<meta property=\"og:image:type\" content=\"image\/jpeg\" \/>\n<meta name=\"twitter:label1\" content=\"Geschatte leestijd\" \/>\n\t<meta name=\"twitter:data1\" content=\"1 minuut\" \/>\n<script type=\"application\/ld+json\" class=\"yoast-schema-graph\">{\"@context\":\"https:\\\/\\\/schema.org\",\"@graph\":[{\"@type\":\"WebPage\",\"@id\":\"https:\\\/\\\/www.naturales-canarias.com\\\/nl\\\/products\\\/aloe-vera-augencreme-dermetiks\\\/\",\"url\":\"https:\\\/\\\/www.naturales-canarias.com\\\/nl\\\/products\\\/aloe-vera-augencreme-dermetiks\\\/\",\"name\":\"Aloe Vera Augencreme | Dermetiks - Aloe Vera Shop - Naturales Canaria\",\"isPartOf\":{\"@id\":\"https:\\\/\\\/www.naturales-canarias.com\\\/nl\\\/#website\"},\"primaryImageOfPage\":{\"@id\":\"https:\\\/\\\/www.naturales-canarias.com\\\/nl\\\/products\\\/aloe-vera-augencreme-dermetiks\\\/#primaryimage\"},\"image\":{\"@id\":\"https:\\\/\\\/www.naturales-canarias.com\\\/nl\\\/products\\\/aloe-vera-augencreme-dermetiks\\\/#primaryimage\"},\"thumbnailUrl\":\"https:\\\/\\\/www.naturales-canarias.com\\\/wp-content\\\/uploads\\\/2015\\\/02\\\/1405Dermetiks_eyes.jpg\",\"datePublished\":\"2015-04-21T10:18:53+00:00\",\"dateModified\":\"2020-10-23T07:50:51+00:00\",\"breadcrumb\":{\"@id\":\"https:\\\/\\\/www.naturales-canarias.com\\\/nl\\\/products\\\/aloe-vera-augencreme-dermetiks\\\/#breadcrumb\"},\"inLanguage\":\"nl-NL\",\"potentialAction\":[{\"@type\":\"ReadAction\",\"target\":[\"https:\\\/\\\/www.naturales-canarias.com\\\/nl\\\/products\\\/aloe-vera-augencreme-dermetiks\\\/\"]}]},{\"@type\":\"ImageObject\",\"inLanguage\":\"nl-NL\",\"@id\":\"https:\\\/\\\/www.naturales-canarias.com\\\/nl\\\/products\\\/aloe-vera-augencreme-dermetiks\\\/#primaryimage\",\"url\":\"https:\\\/\\\/www.naturales-canarias.com\\\/wp-content\\\/uploads\\\/2015\\\/02\\\/1405Dermetiks_eyes.jpg\",\"contentUrl\":\"https:\\\/\\\/www.naturales-canarias.com\\\/wp-content\\\/uploads\\\/2015\\\/02\\\/1405Dermetiks_eyes.jpg\",\"width\":800,\"height\":800},{\"@type\":\"BreadcrumbList\",\"@id\":\"https:\\\/\\\/www.naturales-canarias.com\\\/nl\\\/products\\\/aloe-vera-augencreme-dermetiks\\\/#breadcrumb\",\"itemListElement\":[{\"@type\":\"ListItem\",\"position\":1,\"name\":\"Home\",\"item\":\"https:\\\/\\\/www.naturales-canarias.com\\\/nl\\\/\"},{\"@type\":\"ListItem\",\"position\":2,\"name\":\"Winkel\",\"item\":\"https:\\\/\\\/www.naturales-canarias.com\\\/nl\\\/winkel\\\/\"},{\"@type\":\"ListItem\",\"position\":3,\"name\":\"Aloe Vera Augencreme | Dermetiks\"}]},{\"@type\":\"WebSite\",\"@id\":\"https:\\\/\\\/www.naturales-canarias.com\\\/nl\\\/#website\",\"url\":\"https:\\\/\\\/www.naturales-canarias.com\\\/nl\\\/\",\"name\":\"Aloe Vera Shop - Naturales Canaria\",\"description\":\"Aloe Vera Producs from the canarian islands\",\"potentialAction\":[{\"@type\":\"SearchAction\",\"target\":{\"@type\":\"EntryPoint\",\"urlTemplate\":\"https:\\\/\\\/www.naturales-canarias.com\\\/nl\\\/?s={search_term_string}\"},\"query-input\":{\"@type\":\"PropertyValueSpecification\",\"valueRequired\":true,\"valueName\":\"search_term_string\"}}],\"inLanguage\":\"nl-NL\"}]}<\/script>\n<!-- \/ Yoast SEO plugin. -->","yoast_head_json":{"title":"Aloe Vera Augencreme | Dermetiks - Aloe Vera Shop - Naturales Canaria","robots":{"index":"index","follow":"follow","max-snippet":"max-snippet:-1","max-image-preview":"max-image-preview:large","max-video-preview":"max-video-preview:-1"},"canonical":"https:\/\/www.naturales-canarias.com\/nl\/products\/aloe-vera-augencreme-dermetiks\/","og_locale":"nl_NL","og_type":"article","og_title":"Aloe Vera Augencreme | Dermetiks - Aloe Vera Shop - Naturales Canaria","og_description":"Aloe Vera Augencreme 30ml | Dermetiks","og_url":"https:\/\/www.naturales-canarias.com\/nl\/products\/aloe-vera-augencreme-dermetiks\/","og_site_name":"Aloe Vera Shop - Naturales Canaria","article_publisher":"https:\/\/www.facebook.com\/Naturales-Canarias-Aloe-Vera-Shop-777293042339239\/?fref=ts","article_modified_time":"2020-10-23T07:50:51+00:00","og_image":[{"width":800,"height":800,"url":"https:\/\/www.naturales-canarias.com\/wp-content\/uploads\/2015\/02\/1405Dermetiks_eyes.jpg","type":"image\/jpeg"}],"twitter_misc":{"Geschatte leestijd":"1 minuut"},"schema":{"@context":"https:\/\/schema.org","@graph":[{"@type":"WebPage","@id":"https:\/\/www.naturales-canarias.com\/nl\/products\/aloe-vera-augencreme-dermetiks\/","url":"https:\/\/www.naturales-canarias.com\/nl\/products\/aloe-vera-augencreme-dermetiks\/","name":"Aloe Vera Augencreme | Dermetiks - Aloe Vera Shop - Naturales Canaria","isPartOf":{"@id":"https:\/\/www.naturales-canarias.com\/nl\/#website"},"primaryImageOfPage":{"@id":"https:\/\/www.naturales-canarias.com\/nl\/products\/aloe-vera-augencreme-dermetiks\/#primaryimage"},"image":{"@id":"https:\/\/www.naturales-canarias.com\/nl\/products\/aloe-vera-augencreme-dermetiks\/#primaryimage"},"thumbnailUrl":"https:\/\/www.naturales-canarias.com\/wp-content\/uploads\/2015\/02\/1405Dermetiks_eyes.jpg","datePublished":"2015-04-21T10:18:53+00:00","dateModified":"2020-10-23T07:50:51+00:00","breadcrumb":{"@id":"https:\/\/www.naturales-canarias.com\/nl\/products\/aloe-vera-augencreme-dermetiks\/#breadcrumb"},"inLanguage":"nl-NL","potentialAction":[{"@type":"ReadAction","target":["https:\/\/www.naturales-canarias.com\/nl\/products\/aloe-vera-augencreme-dermetiks\/"]}]},{"@type":"ImageObject","inLanguage":"nl-NL","@id":"https:\/\/www.naturales-canarias.com\/nl\/products\/aloe-vera-augencreme-dermetiks\/#primaryimage","url":"https:\/\/www.naturales-canarias.com\/wp-content\/uploads\/2015\/02\/1405Dermetiks_eyes.jpg","contentUrl":"https:\/\/www.naturales-canarias.com\/wp-content\/uploads\/2015\/02\/1405Dermetiks_eyes.jpg","width":800,"height":800},{"@type":"BreadcrumbList","@id":"https:\/\/www.naturales-canarias.com\/nl\/products\/aloe-vera-augencreme-dermetiks\/#breadcrumb","itemListElement":[{"@type":"ListItem","position":1,"name":"Home","item":"https:\/\/www.naturales-canarias.com\/nl\/"},{"@type":"ListItem","position":2,"name":"Winkel","item":"https:\/\/www.naturales-canarias.com\/nl\/winkel\/"},{"@type":"ListItem","position":3,"name":"Aloe Vera Augencreme | Dermetiks"}]},{"@type":"WebSite","@id":"https:\/\/www.naturales-canarias.com\/nl\/#website","url":"https:\/\/www.naturales-canarias.com\/nl\/","name":"Aloe Vera Shop - Naturales Canaria","description":"Aloe Vera Producs from the canarian islands","potentialAction":[{"@type":"SearchAction","target":{"@type":"EntryPoint","urlTemplate":"https:\/\/www.naturales-canarias.com\/nl\/?s={search_term_string}"},"query-input":{"@type":"PropertyValueSpecification","valueRequired":true,"valueName":"search_term_string"}}],"inLanguage":"nl-NL"}]}},"_links":{"self":[{"href":"https:\/\/www.naturales-canarias.com\/nl\/wp-json\/wp\/v2\/product\/1088","targetHints":{"allow":["GET"]}}],"collection":[{"href":"https:\/\/www.naturales-canarias.com\/nl\/wp-json\/wp\/v2\/product"}],"about":[{"href":"https:\/\/www.naturales-canarias.com\/nl\/wp-json\/wp\/v2\/types\/product"}],"wp:featuredmedia":[{"embeddable":true,"href":"https:\/\/www.naturales-canarias.com\/nl\/wp-json\/wp\/v2\/media\/466"}],"wp:attachment":[{"href":"https:\/\/www.naturales-canarias.com\/nl\/wp-json\/wp\/v2\/media?parent=1088"}],"wp:term":[{"taxonomy":"product_brand","embeddable":true,"href":"https:\/\/www.naturales-canarias.com\/nl\/wp-json\/wp\/v2\/product_brand?post=1088"},{"taxonomy":"product_cat","embeddable":true,"href":"https:\/\/www.naturales-canarias.com\/nl\/wp-json\/wp\/v2\/product_cat?post=1088"},{"taxonomy":"product_tag","embeddable":true,"href":"https:\/\/www.naturales-canarias.com\/nl\/wp-json\/wp\/v2\/product_tag?post=1088"}],"curies":[{"name":"wp","href":"https:\/\/api.w.org\/{rel}","templated":true}]}}