{"id":1097,"date":"2015-02-09T16:27:28","date_gmt":"2015-04-21T10:30:19","guid":{"rendered":"https:\/\/www.naturales-canarias.com\/?post_type=product&#038;p=1097"},"modified":"2015-04-21T10:30:19","modified_gmt":"2015-04-21T10:30:19","slug":"aloe-vera-feuchtigkeitsgel-dermetiks-2","status":"publish","type":"product","link":"https:\/\/www.naturales-canarias.com\/nl\/products\/aloe-vera-feuchtigkeitsgel-dermetiks-2\/","title":{"rendered":"Aloe Vera Feuchtigkeitsgel | Dermetiks"},"content":{"rendered":"<p><strong>Aloe Vera Feuchtigkeitsgel mit Kamille &#038; Banane<\/strong><\/p>\n<ul>\n<li>Enth\u00e4lt Aloe Vera, Banane und Kamille<\/li>\n<li>Geeignet zur Feuchtigkeitsspende und Regeneration der Haut<\/li>\n<\/ul>\n<p>&nbsp;<\/p>\n<p style=\"text-align: justify;\">Das aus dem Blattmark der Aloe Vera Pflanze gewonnene Aloe Vera Gel ist ein hochwirksamer Feuchtigkeitsspender, der die Haut beruhigt und geschmeidig macht. Durch die enthaltenen Anteile von Bananen wird die Haut vor Sonnenstrahlen UVA-UVB-UVC gesch\u00fctzt und st\u00f6\u00dft dabei tote Hautzellen ab und unterst\u00fctzt beim Regenerierungsprozess. Die Kamille dagegen wirkt hautberuhigend.<\/p>\n<p>&nbsp;<\/p>\n<hr \/>\n<p>&nbsp;<\/p>\n<p><strong>F\u00fcllmenge:<\/strong> 500ml<\/p>\n<p><strong>Hersteller:<\/strong> Dermetiks<\/p>\n<p>&nbsp;<\/p>\n<p style=\"text-align: justify;\"><em><strong>Inhaltsstoffe:<\/strong> Aloe barbadensis Gel, Musa sapientum Extract, Carbomer, Triethanolamine, Chamomilla recutita Extract, Methylchloroisothiazolinone, Methylisothiazolinone, Parfum.<\/em><\/p>\n<p>&nbsp;<\/p>\n","protected":false},"excerpt":{"rendered":"<p><strong>Aloe Vera Feuchtigkeitsgel<\/strong><br \/>\n500ml | Dermetiks<\/p>\n","protected":false},"featured_media":490,"template":"","meta":[],"product_brand":[],"product_cat":[74,22],"product_tag":[],"class_list":{"0":"post-1097","1":"product","2":"type-product","3":"status-publish","4":"has-post-thumbnail","6":"product_cat-bodycare","7":"product_cat-gel-nl","9":"first","10":"instock","11":"shipping-taxable","12":"purchasable","13":"product-type-simple"},"yoast_head":"<!-- This site is optimized with the Yoast SEO plugin v27.4 - https:\/\/yoast.com\/product\/yoast-seo-wordpress\/ -->\n<title>Aloe Vera Feuchtigkeitsgel | Dermetiks - Aloe Vera Shop - Naturales Canaria<\/title>\n<meta name=\"robots\" content=\"index, follow, max-snippet:-1, max-image-preview:large, max-video-preview:-1\" \/>\n<link rel=\"canonical\" href=\"https:\/\/www.naturales-canarias.com\/nl\/products\/aloe-vera-feuchtigkeitsgel-dermetiks-2\/\" \/>\n<meta property=\"og:locale\" content=\"nl_NL\" \/>\n<meta property=\"og:type\" content=\"article\" \/>\n<meta property=\"og:title\" content=\"Aloe Vera Feuchtigkeitsgel | Dermetiks - Aloe Vera Shop - Naturales Canaria\" \/>\n<meta property=\"og:description\" content=\"Aloe Vera Feuchtigkeitsgel 500ml | Dermetiks\" \/>\n<meta property=\"og:url\" content=\"https:\/\/www.naturales-canarias.com\/nl\/products\/aloe-vera-feuchtigkeitsgel-dermetiks-2\/\" \/>\n<meta property=\"og:site_name\" content=\"Aloe Vera Shop - Naturales Canaria\" \/>\n<meta property=\"article:publisher\" content=\"https:\/\/www.facebook.com\/Naturales-Canarias-Aloe-Vera-Shop-777293042339239\/?fref=ts\" \/>\n<meta property=\"og:image\" content=\"https:\/\/www.naturales-canarias.com\/wp-content\/uploads\/2015\/02\/1407Dermetiks_gel_banana-cam-m.jpg\" \/>\n\t<meta property=\"og:image:width\" content=\"800\" \/>\n\t<meta property=\"og:image:height\" content=\"800\" \/>\n\t<meta property=\"og:image:type\" content=\"image\/jpeg\" \/>\n<script type=\"application\/ld+json\" class=\"yoast-schema-graph\">{\"@context\":\"https:\\\/\\\/schema.org\",\"@graph\":[{\"@type\":\"WebPage\",\"@id\":\"https:\\\/\\\/www.naturales-canarias.com\\\/nl\\\/products\\\/aloe-vera-feuchtigkeitsgel-dermetiks-2\\\/\",\"url\":\"https:\\\/\\\/www.naturales-canarias.com\\\/nl\\\/products\\\/aloe-vera-feuchtigkeitsgel-dermetiks-2\\\/\",\"name\":\"Aloe Vera Feuchtigkeitsgel | Dermetiks - Aloe Vera Shop - Naturales Canaria\",\"isPartOf\":{\"@id\":\"https:\\\/\\\/www.naturales-canarias.com\\\/nl\\\/#website\"},\"primaryImageOfPage\":{\"@id\":\"https:\\\/\\\/www.naturales-canarias.com\\\/nl\\\/products\\\/aloe-vera-feuchtigkeitsgel-dermetiks-2\\\/#primaryimage\"},\"image\":{\"@id\":\"https:\\\/\\\/www.naturales-canarias.com\\\/nl\\\/products\\\/aloe-vera-feuchtigkeitsgel-dermetiks-2\\\/#primaryimage\"},\"thumbnailUrl\":\"https:\\\/\\\/www.naturales-canarias.com\\\/wp-content\\\/uploads\\\/2015\\\/02\\\/1407Dermetiks_gel_banana-cam-m.jpg\",\"datePublished\":\"2015-04-21T10:30:19+00:00\",\"breadcrumb\":{\"@id\":\"https:\\\/\\\/www.naturales-canarias.com\\\/nl\\\/products\\\/aloe-vera-feuchtigkeitsgel-dermetiks-2\\\/#breadcrumb\"},\"inLanguage\":\"nl-NL\",\"potentialAction\":[{\"@type\":\"ReadAction\",\"target\":[\"https:\\\/\\\/www.naturales-canarias.com\\\/nl\\\/products\\\/aloe-vera-feuchtigkeitsgel-dermetiks-2\\\/\"]}]},{\"@type\":\"ImageObject\",\"inLanguage\":\"nl-NL\",\"@id\":\"https:\\\/\\\/www.naturales-canarias.com\\\/nl\\\/products\\\/aloe-vera-feuchtigkeitsgel-dermetiks-2\\\/#primaryimage\",\"url\":\"https:\\\/\\\/www.naturales-canarias.com\\\/wp-content\\\/uploads\\\/2015\\\/02\\\/1407Dermetiks_gel_banana-cam-m.jpg\",\"contentUrl\":\"https:\\\/\\\/www.naturales-canarias.com\\\/wp-content\\\/uploads\\\/2015\\\/02\\\/1407Dermetiks_gel_banana-cam-m.jpg\",\"width\":800,\"height\":800},{\"@type\":\"BreadcrumbList\",\"@id\":\"https:\\\/\\\/www.naturales-canarias.com\\\/nl\\\/products\\\/aloe-vera-feuchtigkeitsgel-dermetiks-2\\\/#breadcrumb\",\"itemListElement\":[{\"@type\":\"ListItem\",\"position\":1,\"name\":\"Home\",\"item\":\"https:\\\/\\\/www.naturales-canarias.com\\\/nl\\\/\"},{\"@type\":\"ListItem\",\"position\":2,\"name\":\"Winkel\",\"item\":\"https:\\\/\\\/www.naturales-canarias.com\\\/nl\\\/winkel\\\/\"},{\"@type\":\"ListItem\",\"position\":3,\"name\":\"Aloe Vera Feuchtigkeitsgel | Dermetiks\"}]},{\"@type\":\"WebSite\",\"@id\":\"https:\\\/\\\/www.naturales-canarias.com\\\/nl\\\/#website\",\"url\":\"https:\\\/\\\/www.naturales-canarias.com\\\/nl\\\/\",\"name\":\"Aloe Vera Shop - Naturales Canaria\",\"description\":\"Aloe Vera Producs from the canarian islands\",\"potentialAction\":[{\"@type\":\"SearchAction\",\"target\":{\"@type\":\"EntryPoint\",\"urlTemplate\":\"https:\\\/\\\/www.naturales-canarias.com\\\/nl\\\/?s={search_term_string}\"},\"query-input\":{\"@type\":\"PropertyValueSpecification\",\"valueRequired\":true,\"valueName\":\"search_term_string\"}}],\"inLanguage\":\"nl-NL\"}]}<\/script>\n<!-- \/ Yoast SEO plugin. -->","yoast_head_json":{"title":"Aloe Vera Feuchtigkeitsgel | Dermetiks - Aloe Vera Shop - Naturales Canaria","robots":{"index":"index","follow":"follow","max-snippet":"max-snippet:-1","max-image-preview":"max-image-preview:large","max-video-preview":"max-video-preview:-1"},"canonical":"https:\/\/www.naturales-canarias.com\/nl\/products\/aloe-vera-feuchtigkeitsgel-dermetiks-2\/","og_locale":"nl_NL","og_type":"article","og_title":"Aloe Vera Feuchtigkeitsgel | Dermetiks - Aloe Vera Shop - Naturales Canaria","og_description":"Aloe Vera Feuchtigkeitsgel 500ml | Dermetiks","og_url":"https:\/\/www.naturales-canarias.com\/nl\/products\/aloe-vera-feuchtigkeitsgel-dermetiks-2\/","og_site_name":"Aloe Vera Shop - Naturales Canaria","article_publisher":"https:\/\/www.facebook.com\/Naturales-Canarias-Aloe-Vera-Shop-777293042339239\/?fref=ts","og_image":[{"width":800,"height":800,"url":"https:\/\/www.naturales-canarias.com\/wp-content\/uploads\/2015\/02\/1407Dermetiks_gel_banana-cam-m.jpg","type":"image\/jpeg"}],"schema":{"@context":"https:\/\/schema.org","@graph":[{"@type":"WebPage","@id":"https:\/\/www.naturales-canarias.com\/nl\/products\/aloe-vera-feuchtigkeitsgel-dermetiks-2\/","url":"https:\/\/www.naturales-canarias.com\/nl\/products\/aloe-vera-feuchtigkeitsgel-dermetiks-2\/","name":"Aloe Vera Feuchtigkeitsgel | Dermetiks - Aloe Vera Shop - Naturales Canaria","isPartOf":{"@id":"https:\/\/www.naturales-canarias.com\/nl\/#website"},"primaryImageOfPage":{"@id":"https:\/\/www.naturales-canarias.com\/nl\/products\/aloe-vera-feuchtigkeitsgel-dermetiks-2\/#primaryimage"},"image":{"@id":"https:\/\/www.naturales-canarias.com\/nl\/products\/aloe-vera-feuchtigkeitsgel-dermetiks-2\/#primaryimage"},"thumbnailUrl":"https:\/\/www.naturales-canarias.com\/wp-content\/uploads\/2015\/02\/1407Dermetiks_gel_banana-cam-m.jpg","datePublished":"2015-04-21T10:30:19+00:00","breadcrumb":{"@id":"https:\/\/www.naturales-canarias.com\/nl\/products\/aloe-vera-feuchtigkeitsgel-dermetiks-2\/#breadcrumb"},"inLanguage":"nl-NL","potentialAction":[{"@type":"ReadAction","target":["https:\/\/www.naturales-canarias.com\/nl\/products\/aloe-vera-feuchtigkeitsgel-dermetiks-2\/"]}]},{"@type":"ImageObject","inLanguage":"nl-NL","@id":"https:\/\/www.naturales-canarias.com\/nl\/products\/aloe-vera-feuchtigkeitsgel-dermetiks-2\/#primaryimage","url":"https:\/\/www.naturales-canarias.com\/wp-content\/uploads\/2015\/02\/1407Dermetiks_gel_banana-cam-m.jpg","contentUrl":"https:\/\/www.naturales-canarias.com\/wp-content\/uploads\/2015\/02\/1407Dermetiks_gel_banana-cam-m.jpg","width":800,"height":800},{"@type":"BreadcrumbList","@id":"https:\/\/www.naturales-canarias.com\/nl\/products\/aloe-vera-feuchtigkeitsgel-dermetiks-2\/#breadcrumb","itemListElement":[{"@type":"ListItem","position":1,"name":"Home","item":"https:\/\/www.naturales-canarias.com\/nl\/"},{"@type":"ListItem","position":2,"name":"Winkel","item":"https:\/\/www.naturales-canarias.com\/nl\/winkel\/"},{"@type":"ListItem","position":3,"name":"Aloe Vera Feuchtigkeitsgel | Dermetiks"}]},{"@type":"WebSite","@id":"https:\/\/www.naturales-canarias.com\/nl\/#website","url":"https:\/\/www.naturales-canarias.com\/nl\/","name":"Aloe Vera Shop - Naturales Canaria","description":"Aloe Vera Producs from the canarian islands","potentialAction":[{"@type":"SearchAction","target":{"@type":"EntryPoint","urlTemplate":"https:\/\/www.naturales-canarias.com\/nl\/?s={search_term_string}"},"query-input":{"@type":"PropertyValueSpecification","valueRequired":true,"valueName":"search_term_string"}}],"inLanguage":"nl-NL"}]}},"_links":{"self":[{"href":"https:\/\/www.naturales-canarias.com\/nl\/wp-json\/wp\/v2\/product\/1097","targetHints":{"allow":["GET"]}}],"collection":[{"href":"https:\/\/www.naturales-canarias.com\/nl\/wp-json\/wp\/v2\/product"}],"about":[{"href":"https:\/\/www.naturales-canarias.com\/nl\/wp-json\/wp\/v2\/types\/product"}],"wp:featuredmedia":[{"embeddable":true,"href":"https:\/\/www.naturales-canarias.com\/nl\/wp-json\/wp\/v2\/media\/490"}],"wp:attachment":[{"href":"https:\/\/www.naturales-canarias.com\/nl\/wp-json\/wp\/v2\/media?parent=1097"}],"wp:term":[{"taxonomy":"product_brand","embeddable":true,"href":"https:\/\/www.naturales-canarias.com\/nl\/wp-json\/wp\/v2\/product_brand?post=1097"},{"taxonomy":"product_cat","embeddable":true,"href":"https:\/\/www.naturales-canarias.com\/nl\/wp-json\/wp\/v2\/product_cat?post=1097"},{"taxonomy":"product_tag","embeddable":true,"href":"https:\/\/www.naturales-canarias.com\/nl\/wp-json\/wp\/v2\/product_tag?post=1097"}],"curies":[{"name":"wp","href":"https:\/\/api.w.org\/{rel}","templated":true}]}}